{"id":2613,"date":"2025-06-03T21:43:05","date_gmt":"2025-06-03T19:43:05","guid":{"rendered":"https:\/\/profmontaz.cz\/velkoobchod\/?post_type=product&#038;p=2613"},"modified":"2025-11-16T18:51:36","modified_gmt":"2025-11-16T17:51:36","slug":"pouzdro-na-4-pruty-140%d1%81m","status":"publish","type":"product","link":"https:\/\/profmontaz.cz\/velkoobchod\/produkt\/pouzdro-na-4-pruty-140%d1%81m\/","title":{"rendered":"Pouzdro Na 4 Pruty 140\u0441m"},"content":{"rendered":"<div class=\"wpb-content-wrapper\"><p>[vc_row][vc_column]\t\t<div id=\"wd-683f507ba7311\" class=\"wd-text-block wd-wpb reset-last-child wd-rs-683f507ba7311 text-center vc_custom_1748979851609\">\n\t\t\t<p>Pouzdro 140 cm na kaprov\u00e9 a feederov\u00e9 pruty s navij\u00e1ky je vyrobeno z pevn\u00e9 a spolehliv\u00e9 tkaniny PVC OXFORD D600 s polyesterovou pod\u0161\u00edvkou D75. Tato tkanina je odoln\u00e1 v\u016f\u010di UV z\u00e1\u0159en\u00ed, vlhkosti a snadno se \u010dist\u00ed.<\/p>\n<p>Takov\u00e9 pouzdro je ide\u00e1ln\u00ed pro ulo\u017een\u00ed a p\u0159epravu 4 kaprov\u00fdch nebo feederov\u00fdch prut\u016f s navij\u00e1ky.<\/p>\n<p>Pro bezpe\u010dn\u00fd transport a vyztu\u017een\u00ed mezi odd\u00edly s pruty je zaji\u0161t\u011bna ochrann\u00e1 m\u011bkk\u00e1 v\u00fdpl\u0148.<\/p>\n<p>Na vn\u011bj\u0161\u00ed stran\u011b pouzdra jsou 2 kapsy o d\u00e9lce 107\u00d710 cm a 93\u00d710 cm, kter\u00e9 jsou ide\u00e1ln\u00ed pro p\u0159\u00edslu\u0161enstv\u00ed, vidli\u010dky, de\u0161tn\u00edky atd.<\/p>\n<p>Celkov\u00e1 d\u00e9lka pouzdra je 140 cm, \u0161\u00ed\u0159ka 35 cm, hmotnost 1,4 kg.<\/p>\n<p>Pro pohodln\u00e9 p\u0159en\u00e1\u0161en\u00ed je pouzdro vybaveno dr\u017eadlem a ramenn\u00edm popruhem.<\/p>\n\t\t<\/div>\n\t\t[\/vc_column][\/vc_row][vc_row][vc_column][vc_column_text css=&#8220;&#8220; woodmart_inline=&#8220;no&#8220; text_larger=&#8220;no&#8220;]<\/p>\n<p>[\/vc_column_text][\/vc_column][\/vc_row]<\/p>\n<\/div>","protected":false},"excerpt":{"rendered":"<p>[vc_row][vc_column][\/vc_column][\/vc_row][vc_row][vc_column][vc_column_text css=&#8220;&#8220; woodmart_inline=&#8220;no&#8220; text_larger=&#8220;no&#8220;] [\/vc_column_text][\/vc_column][\/vc_row]<\/p>\n","protected":false},"featured_media":2614,"template":"","meta":[],"product_brand":[64],"product_cat":[118],"product_tag":[],"class_list":{"0":"post-2613","1":"product","2":"type-product","3":"status-publish","4":"has-post-thumbnail","6":"product_brand-profmontaz","7":"product_cat-tasky-batohy-a-pouzdra","9":"first","10":"instock","11":"taxable","12":"shipping-taxable","13":"purchasable","14":"product-type-simple"},"_links":{"self":[{"href":"https:\/\/profmontaz.cz\/velkoobchod\/wp-json\/wp\/v2\/product\/2613","targetHints":{"allow":["GET"]}}],"collection":[{"href":"https:\/\/profmontaz.cz\/velkoobchod\/wp-json\/wp\/v2\/product"}],"about":[{"href":"https:\/\/profmontaz.cz\/velkoobchod\/wp-json\/wp\/v2\/types\/product"}],"wp:featuredmedia":[{"embeddable":true,"href":"https:\/\/profmontaz.cz\/velkoobchod\/wp-json\/wp\/v2\/media\/2614"}],"wp:attachment":[{"href":"https:\/\/profmontaz.cz\/velkoobchod\/wp-json\/wp\/v2\/media?parent=2613"}],"wp:term":[{"taxonomy":"product_brand","embeddable":true,"href":"https:\/\/profmontaz.cz\/velkoobchod\/wp-json\/wp\/v2\/product_brand?post=2613"},{"taxonomy":"product_cat","embeddable":true,"href":"https:\/\/profmontaz.cz\/velkoobchod\/wp-json\/wp\/v2\/product_cat?post=2613"},{"taxonomy":"product_tag","embeddable":true,"href":"https:\/\/profmontaz.cz\/velkoobchod\/wp-json\/wp\/v2\/product_tag?post=2613"}],"curies":[{"name":"wp","href":"https:\/\/api.w.org\/{rel}","templated":true}]}}