{"id":2616,"date":"2025-06-03T21:45:45","date_gmt":"2025-06-03T19:45:45","guid":{"rendered":"https:\/\/profmontaz.cz\/velkoobchod\/?post_type=product&#038;p=2616"},"modified":"2025-11-16T18:52:31","modified_gmt":"2025-11-16T17:52:31","slug":"pouzdro-na-4-pruty-holdall-big-210%d1%81m","status":"publish","type":"product","link":"https:\/\/profmontaz.cz\/velkoobchod\/produkt\/pouzdro-na-4-pruty-holdall-big-210%d1%81m\/","title":{"rendered":"Pouzdro Na 4 Pruty HOLDALL BIG 210\u0441m"},"content":{"rendered":"<div class=\"wpb-content-wrapper\"><p>[vc_row][vc_column]\t\t<div id=\"wd-683f517357000\" class=\"wd-text-block wd-wpb reset-last-child wd-rs-683f517357000 text-center vc_custom_1748980102088\">\n\t\t\t<p>Pouzdro HOLDALL BIG 210 cm je pohodln\u00e9 \u0159e\u0161en\u00ed pro p\u0159epravu a skladov\u00e1n\u00ed dvoud\u00edln\u00fdch kaprov\u00fdch a feederov\u00fdch prut\u016f o d\u00e9lce 3,9 m (13 ft). Pouzdro snadno pojme 4 pruty s navij\u00e1ky, mezi odd\u00edly pro spodn\u00ed a horn\u00ed d\u00edly prut\u016f je um\u00edst\u011bna speci\u00e1ln\u00ed ochrann\u00e1 p\u0159ep\u00e1\u017eka, nav\u00edc je ka\u017ed\u00fd prut uvnit\u0159 pouzdra fixov\u00e1n such\u00fdm zipem, aby byla zaji\u0161t\u011bna maxim\u00e1ln\u00ed ochrana ka\u017ed\u00e9 \u010d\u00e1sti proti vz\u00e1jemn\u00e9mu nar\u00e1\u017een\u00ed.<\/p>\n<p>Pro kaprov\u00e9 pruty s velk\u00fdm nav\u00e1d\u011bc\u00edm o\u010dkem je vytvo\u0159ena speci\u00e1ln\u00ed prohlube\u0148.<\/p>\n<p>Pro pohodlnou p\u0159epravu jsou k dispozici 3 dr\u017eadla a ramenn\u00ed popruhy typu batoh.<\/p>\n<p>Celkov\u00e1 d\u00e9lka pouzdra je 210 cm, \u0161\u00ed\u0159ka 37 cm, tlou\u0161\u0165ka 6 cm.<\/p>\n<p>Na vn\u011bj\u0161\u00ed stran\u011b pouzdra je velk\u00e1 kapsa o rozm\u011brech 148\u00d719\u00d76 cm pro podb\u011br\u00e1k, de\u0161tn\u00edk nebo vidli\u010dky.<\/p>\n<p>Pouzdro je vyrobeno z kvalitn\u00ed, pevn\u00e9 a vod\u011bodoln\u00e9 tkaniny PVC Oxford 600D,<\/p>\n<p>pro dodate\u010dnou ochranu je pou\u017eit\u00e1 pod\u0161\u00edvka Oxford 115D a p\u011bnov\u00fd polyetylen o tlou\u0161\u0165ce 7 mm.<\/p>\n<p>Kapacita: 4 kaprov\u00e9 pruty s navij\u00e1ky<\/p>\n<p>Materi\u00e1l: Oxford 600D<\/p>\n<p>Rozm\u011br: 210\u00d737\u00d76 cm<\/p>\n\t\t<\/div>\n\t\t[\/vc_column][\/vc_row][vc_row][vc_column][vc_column_text css=&#8220;&#8220; woodmart_inline=&#8220;no&#8220; text_larger=&#8220;no&#8220;]<\/p>\n<p>[\/vc_column_text][\/vc_column][\/vc_row]<\/p>\n<\/div>","protected":false},"excerpt":{"rendered":"<p>[vc_row][vc_column][\/vc_column][\/vc_row][vc_row][vc_column][vc_column_text css=&#8220;&#8220; woodmart_inline=&#8220;no&#8220; text_larger=&#8220;no&#8220;] [\/vc_column_text][\/vc_column][\/vc_row]<\/p>\n","protected":false},"featured_media":2617,"template":"","meta":[],"product_brand":[64],"product_cat":[118],"product_tag":[],"class_list":{"0":"post-2616","1":"product","2":"type-product","3":"status-publish","4":"has-post-thumbnail","6":"product_brand-profmontaz","7":"product_cat-tasky-batohy-a-pouzdra","9":"first","10":"instock","11":"taxable","12":"shipping-taxable","13":"purchasable","14":"product-type-simple"},"_links":{"self":[{"href":"https:\/\/profmontaz.cz\/velkoobchod\/wp-json\/wp\/v2\/product\/2616","targetHints":{"allow":["GET"]}}],"collection":[{"href":"https:\/\/profmontaz.cz\/velkoobchod\/wp-json\/wp\/v2\/product"}],"about":[{"href":"https:\/\/profmontaz.cz\/velkoobchod\/wp-json\/wp\/v2\/types\/product"}],"wp:featuredmedia":[{"embeddable":true,"href":"https:\/\/profmontaz.cz\/velkoobchod\/wp-json\/wp\/v2\/media\/2617"}],"wp:attachment":[{"href":"https:\/\/profmontaz.cz\/velkoobchod\/wp-json\/wp\/v2\/media?parent=2616"}],"wp:term":[{"taxonomy":"product_brand","embeddable":true,"href":"https:\/\/profmontaz.cz\/velkoobchod\/wp-json\/wp\/v2\/product_brand?post=2616"},{"taxonomy":"product_cat","embeddable":true,"href":"https:\/\/profmontaz.cz\/velkoobchod\/wp-json\/wp\/v2\/product_cat?post=2616"},{"taxonomy":"product_tag","embeddable":true,"href":"https:\/\/profmontaz.cz\/velkoobchod\/wp-json\/wp\/v2\/product_tag?post=2616"}],"curies":[{"name":"wp","href":"https:\/\/api.w.org\/{rel}","templated":true}]}}