{"id":2621,"date":"2025-06-03T21:51:58","date_gmt":"2025-06-03T19:51:58","guid":{"rendered":"https:\/\/profmontaz.cz\/velkoobchod\/?post_type=product&#038;p=2621"},"modified":"2025-11-16T19:15:57","modified_gmt":"2025-11-16T18:15:57","slug":"pouzdro-organizer-eva-cristal-l-25%d1%8520%d1%8511cm","status":"publish","type":"product","link":"https:\/\/profmontaz.cz\/velkoobchod\/produkt\/pouzdro-organizer-eva-cristal-l-25%d1%8520%d1%8511cm\/","title":{"rendered":"Pouzdro Organiz\u00e9r EVA Cristal L (25\u044520\u044511cm)"},"content":{"rendered":"<div class=\"wpb-content-wrapper\"><p>[vc_row][vc_column]\t\t<div id=\"wd-683f527ce171f\" class=\"wd-text-block wd-wpb reset-last-child wd-rs-683f527ce171f text-center vc_custom_1748980395589\">\n\t\t\t<p>Pr\u016fhledn\u00fd organiz\u00e9r Crystal Bag \u2013 skv\u011ble se hod\u00ed pro r\u016fzn\u00e9 ryb\u00e1\u0159sk\u00e9 dopl\u0148ky, n\u00e1strahy, boilies, dipy, mont\u00e1\u017ee atd.<\/p>\n<p>Hlavn\u00ed v\u00fdhodou t\u011bchto organiz\u00e9r\u016f je mo\u017enost snadn\u00e9 kontroly obsahu ta\u0161ky.<\/p>\n<p>Organiz\u00e9r je vyroben z praktick\u00e9ho pr\u016fhledn\u00e9ho PVC materi\u00e1lu. Tento materi\u00e1l se snadno \u010dist\u00ed a nepohlcuje pachy.<\/p>\n<p>Pro v\u011bt\u0161\u00ed pohodl\u00ed a funk\u010dnost je uvnit\u0159 organiz\u00e9ru s\u00ed\u0165ovan\u00e1 kapsa.<\/p>\n<p>Materi\u00e1l: pr\u016fhledn\u00e9 PVC<\/p>\n<p>Rozm\u011bry organiz\u00e9ru: 25\u00d720\u00d711 cm<\/p>\n\t\t<\/div>\n\t\t[\/vc_column][\/vc_row][vc_row][vc_column][vc_column_text css=&#8220;&#8220; woodmart_inline=&#8220;no&#8220; text_larger=&#8220;no&#8220;]<\/p>\n<p>[\/vc_column_text][\/vc_column][\/vc_row]<\/p>\n<\/div>","protected":false},"excerpt":{"rendered":"<p>[vc_row][vc_column][\/vc_column][\/vc_row][vc_row][vc_column][vc_column_text css=&#8220;&#8220; woodmart_inline=&#8220;no&#8220; text_larger=&#8220;no&#8220;] [\/vc_column_text][\/vc_column][\/vc_row]<\/p>\n","protected":false},"featured_media":2622,"template":"","meta":[],"product_brand":[64],"product_cat":[118],"product_tag":[],"class_list":{"0":"post-2621","1":"product","2":"type-product","3":"status-publish","4":"has-post-thumbnail","6":"product_brand-profmontaz","7":"product_cat-tasky-batohy-a-pouzdra","9":"first","10":"instock","11":"taxable","12":"shipping-taxable","13":"purchasable","14":"product-type-simple"},"_links":{"self":[{"href":"https:\/\/profmontaz.cz\/velkoobchod\/wp-json\/wp\/v2\/product\/2621","targetHints":{"allow":["GET"]}}],"collection":[{"href":"https:\/\/profmontaz.cz\/velkoobchod\/wp-json\/wp\/v2\/product"}],"about":[{"href":"https:\/\/profmontaz.cz\/velkoobchod\/wp-json\/wp\/v2\/types\/product"}],"wp:featuredmedia":[{"embeddable":true,"href":"https:\/\/profmontaz.cz\/velkoobchod\/wp-json\/wp\/v2\/media\/2622"}],"wp:attachment":[{"href":"https:\/\/profmontaz.cz\/velkoobchod\/wp-json\/wp\/v2\/media?parent=2621"}],"wp:term":[{"taxonomy":"product_brand","embeddable":true,"href":"https:\/\/profmontaz.cz\/velkoobchod\/wp-json\/wp\/v2\/product_brand?post=2621"},{"taxonomy":"product_cat","embeddable":true,"href":"https:\/\/profmontaz.cz\/velkoobchod\/wp-json\/wp\/v2\/product_cat?post=2621"},{"taxonomy":"product_tag","embeddable":true,"href":"https:\/\/profmontaz.cz\/velkoobchod\/wp-json\/wp\/v2\/product_tag?post=2621"}],"curies":[{"name":"wp","href":"https:\/\/api.w.org\/{rel}","templated":true}]}}