{"id":2632,"date":"2025-06-03T22:00:30","date_gmt":"2025-06-03T20:00:30","guid":{"rendered":"https:\/\/profmontaz.cz\/velkoobchod\/?post_type=product&#038;p=2632"},"modified":"2025-11-16T19:32:02","modified_gmt":"2025-11-16T18:32:02","slug":"taska-organizer-3in1-1ks-32%d1%8521%d1%859%d1%81m-2ks-18%d1%8512%d1%856%d1%81m","status":"publish","type":"product","link":"https:\/\/profmontaz.cz\/velkoobchod\/produkt\/taska-organizer-3in1-1ks-32%d1%8521%d1%859%d1%81m-2ks-18%d1%8512%d1%856%d1%81m\/","title":{"rendered":"Ta\u0161ka Organiz\u00e9r 3in1 (1ks- 32\u044521\u04459\u0441m, 2ks &#8211; 18\u044512\u04456\u0441m)"},"content":{"rendered":"<div class=\"wpb-content-wrapper\"><p>[vc_row][vc_column]\t\t<div id=\"wd-683f54a2a5ecd\" class=\"wd-text-block wd-wpb reset-last-child wd-rs-683f54a2a5ecd text-center vc_custom_1748980901657\">\n\t\t\t<p>Organiz\u00e9r 3v1 na ryb\u00e1\u0159sk\u00e9 dopl\u0148ky \u2013 skl\u00e1d\u00e1 se ze dvou mal\u00fdch ta\u0161ek o rozm\u011brech 18\u00d712\u00d76 cm a jedn\u00e9 velk\u00e9 ta\u0161ky o rozm\u011bru 32\u00d721\u00d79 cm.<\/p>\n<p>Ta\u0161ky jsou ide\u00e1ln\u00ed pro r\u016fzn\u00e9 ryb\u00e1\u0159sk\u00e9 dopl\u0148ky, n\u00e1\u0159ad\u00ed, boilies, pop-upy, dipy, boostery atd.<\/p>\n<p>D\u00edky pr\u016fhledn\u00e9mu v\u00edku je v\u017edy viditeln\u00fd obsah ta\u0161ky, co\u017e v\u00fdrazn\u011b usnad\u0148uje hled\u00e1n\u00ed pot\u0159ebn\u00e9 v\u011bci.<\/p>\n<p>Pro pohodln\u00e9 p\u0159en\u00e1\u0161en\u00ed m\u00e1 velk\u00e1 ta\u0161ka dr\u017eadlo.<\/p>\n<p>Ta\u0161ka je vyrobena z vod\u011bodoln\u00e9ho a pevn\u00e9ho materi\u00e1lu Oxford.<\/p>\n\t\t<\/div>\n\t\t[\/vc_column][\/vc_row][vc_row][vc_column][vc_column_text css=&#8220;&#8220; woodmart_inline=&#8220;no&#8220; text_larger=&#8220;no&#8220;]<\/p>\n<p>[\/vc_column_text][\/vc_column][\/vc_row]<\/p>\n<\/div>","protected":false},"excerpt":{"rendered":"<p>[vc_row][vc_column][\/vc_column][\/vc_row][vc_row][vc_column][vc_column_text css=&#8220;&#8220; woodmart_inline=&#8220;no&#8220; text_larger=&#8220;no&#8220;] [\/vc_column_text][\/vc_column][\/vc_row]<\/p>\n","protected":false},"featured_media":2633,"template":"","meta":[],"product_brand":[64],"product_cat":[118],"product_tag":[],"class_list":{"0":"post-2632","1":"product","2":"type-product","3":"status-publish","4":"has-post-thumbnail","6":"product_brand-profmontaz","7":"product_cat-tasky-batohy-a-pouzdra","9":"first","10":"instock","11":"taxable","12":"shipping-taxable","13":"purchasable","14":"product-type-simple"},"_links":{"self":[{"href":"https:\/\/profmontaz.cz\/velkoobchod\/wp-json\/wp\/v2\/product\/2632","targetHints":{"allow":["GET"]}}],"collection":[{"href":"https:\/\/profmontaz.cz\/velkoobchod\/wp-json\/wp\/v2\/product"}],"about":[{"href":"https:\/\/profmontaz.cz\/velkoobchod\/wp-json\/wp\/v2\/types\/product"}],"wp:featuredmedia":[{"embeddable":true,"href":"https:\/\/profmontaz.cz\/velkoobchod\/wp-json\/wp\/v2\/media\/2633"}],"wp:attachment":[{"href":"https:\/\/profmontaz.cz\/velkoobchod\/wp-json\/wp\/v2\/media?parent=2632"}],"wp:term":[{"taxonomy":"product_brand","embeddable":true,"href":"https:\/\/profmontaz.cz\/velkoobchod\/wp-json\/wp\/v2\/product_brand?post=2632"},{"taxonomy":"product_cat","embeddable":true,"href":"https:\/\/profmontaz.cz\/velkoobchod\/wp-json\/wp\/v2\/product_cat?post=2632"},{"taxonomy":"product_tag","embeddable":true,"href":"https:\/\/profmontaz.cz\/velkoobchod\/wp-json\/wp\/v2\/product_tag?post=2632"}],"curies":[{"name":"wp","href":"https:\/\/api.w.org\/{rel}","templated":true}]}}