{"id":2634,"date":"2025-06-03T22:02:21","date_gmt":"2025-06-03T20:02:21","guid":{"rendered":"https:\/\/profmontaz.cz\/velkoobchod\/?post_type=product&#038;p=2634"},"modified":"2025-11-16T19:18:55","modified_gmt":"2025-11-16T18:18:55","slug":"pouzdro-organizer-na-navnady-na-nastrahy-na-dipy-a-na-boilies-26%d1%8521%d1%8510%d1%81m","status":"publish","type":"product","link":"https:\/\/profmontaz.cz\/velkoobchod\/produkt\/pouzdro-organizer-na-navnady-na-nastrahy-na-dipy-a-na-boilies-26%d1%8521%d1%8510%d1%81m\/","title":{"rendered":"Pouzdro Organiz\u00e9r na n\u00e1vnady na n\u00e1strahy, na dipy a na boilies  26\u044521\u044510\u0441m"},"content":{"rendered":"<div class=\"wpb-content-wrapper\"><p>[vc_row][vc_column]\t\t<div id=\"wd-683f54f789b79\" class=\"wd-text-block wd-wpb reset-last-child wd-rs-683f54f789b79 text-center vc_custom_1748980988126\">\n\t\t\t<p>Praktick\u00e1 ryb\u00e1\u0159sk\u00e1 ta\u0161ka se 4 nastaviteln\u00fdmi p\u0159ihr\u00e1dkami \u2013 skv\u011ble se hod\u00ed pro kaprov\u00fd, feederov\u00fd nebo plavan\u00fd rybolov.<\/p>\n<p>Ve v\u00edku ta\u0161ky je kapsa na zip pro r\u016fzn\u00e9 ryb\u00e1\u0159sk\u00e9 dopl\u0148ky.<\/p>\n<p>Ta\u0161ka m\u00e1 optim\u00e1ln\u00ed rozm\u011br: 26\u00d721\u00d710 cm pro r\u016fzn\u00e9 d\u00f3zy s pop-upy, boilies, boostery, liquidy, dipy atd.<\/p>\n<p>Materi\u00e1l: Oxford<\/p>\n<p>Spolehliv\u00e9 zipy a p\u0159\u00edslu\u0161enstv\u00ed<\/p>\n<p>Dr\u017eadlo pro p\u0159en\u00e1\u0161en\u00ed<\/p>\n<p>Nastaviteln\u00e9 p\u0159ep\u00e1\u017eky na such\u00fd zip<\/p>\n\t\t<\/div>\n\t\t[\/vc_column][\/vc_row][vc_row][vc_column][vc_column_text css=&#8220;&#8220; woodmart_inline=&#8220;no&#8220; text_larger=&#8220;no&#8220;]<\/p>\n<p>[\/vc_column_text][\/vc_column][\/vc_row]<\/p>\n<\/div>","protected":false},"excerpt":{"rendered":"<p>[vc_row][vc_column][\/vc_column][\/vc_row][vc_row][vc_column][vc_column_text css=&#8220;&#8220; woodmart_inline=&#8220;no&#8220; text_larger=&#8220;no&#8220;] [\/vc_column_text][\/vc_column][\/vc_row]<\/p>\n","protected":false},"featured_media":2635,"template":"","meta":[],"product_brand":[64],"product_cat":[118],"product_tag":[],"class_list":{"0":"post-2634","1":"product","2":"type-product","3":"status-publish","4":"has-post-thumbnail","6":"product_brand-profmontaz","7":"product_cat-tasky-batohy-a-pouzdra","9":"first","10":"instock","11":"taxable","12":"shipping-taxable","13":"purchasable","14":"product-type-simple"},"_links":{"self":[{"href":"https:\/\/profmontaz.cz\/velkoobchod\/wp-json\/wp\/v2\/product\/2634","targetHints":{"allow":["GET"]}}],"collection":[{"href":"https:\/\/profmontaz.cz\/velkoobchod\/wp-json\/wp\/v2\/product"}],"about":[{"href":"https:\/\/profmontaz.cz\/velkoobchod\/wp-json\/wp\/v2\/types\/product"}],"wp:featuredmedia":[{"embeddable":true,"href":"https:\/\/profmontaz.cz\/velkoobchod\/wp-json\/wp\/v2\/media\/2635"}],"wp:attachment":[{"href":"https:\/\/profmontaz.cz\/velkoobchod\/wp-json\/wp\/v2\/media?parent=2634"}],"wp:term":[{"taxonomy":"product_brand","embeddable":true,"href":"https:\/\/profmontaz.cz\/velkoobchod\/wp-json\/wp\/v2\/product_brand?post=2634"},{"taxonomy":"product_cat","embeddable":true,"href":"https:\/\/profmontaz.cz\/velkoobchod\/wp-json\/wp\/v2\/product_cat?post=2634"},{"taxonomy":"product_tag","embeddable":true,"href":"https:\/\/profmontaz.cz\/velkoobchod\/wp-json\/wp\/v2\/product_tag?post=2634"}],"curies":[{"name":"wp","href":"https:\/\/api.w.org\/{rel}","templated":true}]}}