{"id":2636,"date":"2025-06-03T22:03:32","date_gmt":"2025-06-03T20:03:32","guid":{"rendered":"https:\/\/profmontaz.cz\/velkoobchod\/?post_type=product&#038;p=2636"},"modified":"2025-11-16T19:32:48","modified_gmt":"2025-11-16T18:32:48","slug":"taska-organizer-s-pruhlednym-vikem-20%d1%8514%d1%858cm","status":"publish","type":"product","link":"https:\/\/profmontaz.cz\/velkoobchod\/produkt\/taska-organizer-s-pruhlednym-vikem-20%d1%8514%d1%858cm\/","title":{"rendered":"Ta\u0161ka Organiz\u00e9r s pr\u016fhledn\u00fdm v\u00edkem (20\u044514\u04458cm)"},"content":{"rendered":"<div class=\"wpb-content-wrapper\"><p>[vc_row][vc_column]\t\t<div id=\"wd-683f558d5ebba\" class=\"wd-text-block wd-wpb reset-last-child wd-rs-683f558d5ebba text-center vc_custom_1748981138512\">\n\t\t\t<p>Materi\u00e1l: Oxford<\/p>\n<p>Spolehliv\u00e9 zipy a p\u0159\u00edslu\u0161enstv\u00ed<\/p>\n<p>Dr\u017eadlo pro p\u0159en\u00e1\u0161en\u00ed<\/p>\n<p>Nastaviteln\u00e9 p\u0159ep\u00e1\u017eky na such\u00fd zip<\/p>\n<p>Rozm\u011bry: 20\u00d714\u00d78 cm<\/p>\n\t\t<\/div>\n\t\t[\/vc_column][\/vc_row][vc_row][vc_column][vc_column_text css=&#8220;&#8220; woodmart_inline=&#8220;no&#8220; text_larger=&#8220;no&#8220;]<\/p>\n<p>[\/vc_column_text][\/vc_column][\/vc_row]<\/p>\n<\/div>","protected":false},"excerpt":{"rendered":"<p>[vc_row][vc_column][\/vc_column][\/vc_row][vc_row][vc_column][vc_column_text css=&#8220;&#8220; woodmart_inline=&#8220;no&#8220; text_larger=&#8220;no&#8220;] [\/vc_column_text][\/vc_column][\/vc_row]<\/p>\n","protected":false},"featured_media":2637,"template":"","meta":[],"product_brand":[64],"product_cat":[118],"product_tag":[],"class_list":{"0":"post-2636","1":"product","2":"type-product","3":"status-publish","4":"has-post-thumbnail","6":"product_brand-profmontaz","7":"product_cat-tasky-batohy-a-pouzdra","9":"first","10":"instock","11":"taxable","12":"shipping-taxable","13":"purchasable","14":"product-type-simple"},"_links":{"self":[{"href":"https:\/\/profmontaz.cz\/velkoobchod\/wp-json\/wp\/v2\/product\/2636","targetHints":{"allow":["GET"]}}],"collection":[{"href":"https:\/\/profmontaz.cz\/velkoobchod\/wp-json\/wp\/v2\/product"}],"about":[{"href":"https:\/\/profmontaz.cz\/velkoobchod\/wp-json\/wp\/v2\/types\/product"}],"wp:featuredmedia":[{"embeddable":true,"href":"https:\/\/profmontaz.cz\/velkoobchod\/wp-json\/wp\/v2\/media\/2637"}],"wp:attachment":[{"href":"https:\/\/profmontaz.cz\/velkoobchod\/wp-json\/wp\/v2\/media?parent=2636"}],"wp:term":[{"taxonomy":"product_brand","embeddable":true,"href":"https:\/\/profmontaz.cz\/velkoobchod\/wp-json\/wp\/v2\/product_brand?post=2636"},{"taxonomy":"product_cat","embeddable":true,"href":"https:\/\/profmontaz.cz\/velkoobchod\/wp-json\/wp\/v2\/product_cat?post=2636"},{"taxonomy":"product_tag","embeddable":true,"href":"https:\/\/profmontaz.cz\/velkoobchod\/wp-json\/wp\/v2\/product_tag?post=2636"}],"curies":[{"name":"wp","href":"https:\/\/api.w.org\/{rel}","templated":true}]}}