{"id":2640,"date":"2025-06-03T22:08:01","date_gmt":"2025-06-03T20:08:01","guid":{"rendered":"https:\/\/profmontaz.cz\/velkoobchod\/?post_type=product&#038;p=2640"},"modified":"2025-11-16T19:37:23","modified_gmt":"2025-11-16T18:37:23","slug":"taska-organizer-s-pruhlednym-vikem-na-4-prihradky-33%d1%8522%d1%859%d1%81m","status":"publish","type":"product","link":"https:\/\/profmontaz.cz\/velkoobchod\/produkt\/taska-organizer-s-pruhlednym-vikem-na-4-prihradky-33%d1%8522%d1%859%d1%81m\/","title":{"rendered":"Ta\u0161ka Organiz\u00e9r s pr\u016fhledn\u00fdm v\u00edkem na 4 p\u0159ihr\u00e1dky (33\u044522\u04459\u0441m)"},"content":{"rendered":"<div class=\"wpb-content-wrapper\"><p>[vc_row][vc_column]\t\t<div id=\"wd-685fa76a9e143\" class=\"wd-text-block wd-wpb reset-last-child wd-rs-685fa76a9e143 text-center vc_custom_1751099248486\">\n\t\t\t<p>Praktick\u00e1 ryb\u00e1\u0159sk\u00e1 ta\u0161ka s pr\u016fhledn\u00fdm v\u00edkem m\u00e1 4 nastaviteln\u00e9 odd\u00edly. Ta\u0161ka je ide\u00e1ln\u00ed pro p\u0159epravu a skladov\u00e1n\u00ed r\u016fzn\u00fdch dopl\u0148k\u016f, n\u00e1strah, booster\u016f atd. pro kaprov\u00fd, feederov\u00fd nebo plavan\u00fd rybolov.<\/p>\n<p>Ta\u0161ka m\u00e1 optim\u00e1ln\u00ed rozm\u011br: 33\u00d722\u00d79 cm pro r\u016fzn\u00e9 d\u00f3zy s pop-upy, boilies, liquidy, dipy atd.<\/p>\n<p>Vnit\u0159n\u00ed pod\u0161\u00edvka a p\u0159ep\u00e1\u017eky jsou vyrobeny z PPE materi\u00e1lu o tlou\u0161\u0165ce 7 mm, d\u00edky \u010demu\u017e m\u00e1 ta\u0161ka zv\u00fd\u0161enou pevnost a spolehliv\u011b chr\u00e1n\u00ed obsah p\u0159ed n\u00e1razy.<\/p>\n<p>D\u00edky pr\u016fhledn\u00e9mu v\u00edku m\u00e1 ryb\u00e1\u0159 v\u017edy p\u0159ehled o obsahu ta\u0161ky.<\/p>\n<p>Materi\u00e1l: Oxford<\/p>\n<p>Spolehliv\u00e9 zipy a p\u0159\u00edslu\u0161enstv\u00ed<\/p>\n<p>Dr\u017eadlo pro p\u0159en\u00e1\u0161en\u00ed<\/p>\n<p>Nastaviteln\u00e9 p\u0159ep\u00e1\u017eky na such\u00fd zip<\/p>\n<p>Rozm\u011bry: 33\u00d722\u00d79 cm<\/p>\n\t\t<\/div>\n\t\t[\/vc_column][\/vc_row][vc_row][vc_column][vc_column_text css=&#8220;&#8220; woodmart_inline=&#8220;no&#8220; text_larger=&#8220;no&#8220;]<\/p>\n<p>[\/vc_column_text][\/vc_column][\/vc_row]<\/p>\n<\/div>","protected":false},"excerpt":{"rendered":"<p>[vc_row][vc_column][\/vc_column][\/vc_row][vc_row][vc_column][vc_column_text css=&#8220;&#8220; woodmart_inline=&#8220;no&#8220; text_larger=&#8220;no&#8220;] [\/vc_column_text][\/vc_column][\/vc_row]<\/p>\n","protected":false},"featured_media":2641,"template":"","meta":[],"product_brand":[64],"product_cat":[118],"product_tag":[],"class_list":{"0":"post-2640","1":"product","2":"type-product","3":"status-publish","4":"has-post-thumbnail","6":"product_brand-profmontaz","7":"product_cat-tasky-batohy-a-pouzdra","9":"first","10":"instock","11":"taxable","12":"shipping-taxable","13":"purchasable","14":"product-type-simple"},"_links":{"self":[{"href":"https:\/\/profmontaz.cz\/velkoobchod\/wp-json\/wp\/v2\/product\/2640","targetHints":{"allow":["GET"]}}],"collection":[{"href":"https:\/\/profmontaz.cz\/velkoobchod\/wp-json\/wp\/v2\/product"}],"about":[{"href":"https:\/\/profmontaz.cz\/velkoobchod\/wp-json\/wp\/v2\/types\/product"}],"wp:featuredmedia":[{"embeddable":true,"href":"https:\/\/profmontaz.cz\/velkoobchod\/wp-json\/wp\/v2\/media\/2641"}],"wp:attachment":[{"href":"https:\/\/profmontaz.cz\/velkoobchod\/wp-json\/wp\/v2\/media?parent=2640"}],"wp:term":[{"taxonomy":"product_brand","embeddable":true,"href":"https:\/\/profmontaz.cz\/velkoobchod\/wp-json\/wp\/v2\/product_brand?post=2640"},{"taxonomy":"product_cat","embeddable":true,"href":"https:\/\/profmontaz.cz\/velkoobchod\/wp-json\/wp\/v2\/product_cat?post=2640"},{"taxonomy":"product_tag","embeddable":true,"href":"https:\/\/profmontaz.cz\/velkoobchod\/wp-json\/wp\/v2\/product_tag?post=2640"}],"curies":[{"name":"wp","href":"https:\/\/api.w.org\/{rel}","templated":true}]}}