{"id":2644,"date":"2025-06-04T13:13:49","date_gmt":"2025-06-04T11:13:49","guid":{"rendered":"https:\/\/profmontaz.cz\/velkoobchod\/?post_type=product&#038;p=2644"},"modified":"2025-11-16T18:42:08","modified_gmt":"2025-11-16T17:42:08","slug":"ledvinka-pro-spin","status":"publish","type":"product","link":"https:\/\/profmontaz.cz\/velkoobchod\/produkt\/ledvinka-pro-spin\/","title":{"rendered":"Ledvinka Pro-Spin"},"content":{"rendered":"<div class=\"wpb-content-wrapper\"><p>[vc_row][vc_column]\t\t<div id=\"wd-68402a92ce6e0\" class=\"wd-text-block wd-wpb reset-last-child wd-rs-68402a92ce6e0 text-center vc_custom_1749035670952\">\n\t\t\t<p>Ta\u0161ka je vyrobena z hust\u00e9 tkaniny Oxford 600D s vnit\u0159n\u00edm PVC z\u00e1t\u011brem, kter\u00fd zabra\u0148uje promo\u010den\u00ed ta\u0161ky.<\/p>\n<p>Vn\u011bj\u0161\u00ed materi\u00e1l se snadno \u010dist\u00ed a je velmi odoln\u00fd.<\/p>\n<p>Ta\u0161ka obsahuje 4 kapsy pro krabi\u010dky s n\u00e1strahami, p\u0159i\u010dem\u017e ve dvou velk\u00fdch kaps\u00e1ch jsou nav\u00edc vnit\u0159n\u00ed p\u0159ihr\u00e1dky pro r\u016fzn\u00e9 drobnosti.<\/p>\n<p>Na dvou vn\u011bj\u0161\u00edch kaps\u00e1ch se nach\u00e1z\u00ed speci\u00e1ln\u00ed \u00fachyty pro n\u00e1\u0159ad\u00ed a n\u00e1strahy.<\/p>\n<p>Ta\u0161ka m\u00e1 2 syst\u00e9my uchycen\u00ed \u2013 bedern\u00ed a ramenn\u00ed, co\u017e umo\u017e\u0148uje odleh\u010den\u00ed z\u00e1d\u016fm, d\u00edky \u010demu\u017e m\u016f\u017ee ryb\u00e1\u0159 pohodln\u011b chytat cel\u00fd den bez pocitu \u00fanavy.<\/p>\n\t\t<\/div>\n\t\t[\/vc_column][\/vc_row][vc_row][vc_column][vc_column_text css=&#8220;&#8220; woodmart_inline=&#8220;no&#8220; text_larger=&#8220;no&#8220;]<\/p>\n<p>[\/vc_column_text][\/vc_column][\/vc_row]<\/p>\n<\/div>","protected":false},"excerpt":{"rendered":"<p>[vc_row][vc_column][\/vc_column][\/vc_row][vc_row][vc_column][vc_column_text css=&#8220;&#8220; woodmart_inline=&#8220;no&#8220; text_larger=&#8220;no&#8220;] [\/vc_column_text][\/vc_column][\/vc_row]<\/p>\n","protected":false},"featured_media":2645,"template":"","meta":[],"product_brand":[64],"product_cat":[118],"product_tag":[],"class_list":{"0":"post-2644","1":"product","2":"type-product","3":"status-publish","4":"has-post-thumbnail","6":"product_brand-profmontaz","7":"product_cat-tasky-batohy-a-pouzdra","9":"first","10":"instock","11":"taxable","12":"shipping-taxable","13":"purchasable","14":"product-type-simple"},"_links":{"self":[{"href":"https:\/\/profmontaz.cz\/velkoobchod\/wp-json\/wp\/v2\/product\/2644","targetHints":{"allow":["GET"]}}],"collection":[{"href":"https:\/\/profmontaz.cz\/velkoobchod\/wp-json\/wp\/v2\/product"}],"about":[{"href":"https:\/\/profmontaz.cz\/velkoobchod\/wp-json\/wp\/v2\/types\/product"}],"wp:featuredmedia":[{"embeddable":true,"href":"https:\/\/profmontaz.cz\/velkoobchod\/wp-json\/wp\/v2\/media\/2645"}],"wp:attachment":[{"href":"https:\/\/profmontaz.cz\/velkoobchod\/wp-json\/wp\/v2\/media?parent=2644"}],"wp:term":[{"taxonomy":"product_brand","embeddable":true,"href":"https:\/\/profmontaz.cz\/velkoobchod\/wp-json\/wp\/v2\/product_brand?post=2644"},{"taxonomy":"product_cat","embeddable":true,"href":"https:\/\/profmontaz.cz\/velkoobchod\/wp-json\/wp\/v2\/product_cat?post=2644"},{"taxonomy":"product_tag","embeddable":true,"href":"https:\/\/profmontaz.cz\/velkoobchod\/wp-json\/wp\/v2\/product_tag?post=2644"}],"curies":[{"name":"wp","href":"https:\/\/api.w.org\/{rel}","templated":true}]}}