{"id":2647,"date":"2025-06-04T13:15:10","date_gmt":"2025-06-04T11:15:10","guid":{"rendered":"https:\/\/profmontaz.cz\/velkoobchod\/?post_type=product&#038;p=2647"},"modified":"2025-11-16T19:25:50","modified_gmt":"2025-11-16T18:25:50","slug":"taska-big-carp-75l-73%d1%8541%d1%8539%d1%81m","status":"publish","type":"product","link":"https:\/\/profmontaz.cz\/velkoobchod\/produkt\/taska-big-carp-75l-73%d1%8541%d1%8539%d1%81m\/","title":{"rendered":"Ta\u0161ka BIG CARP 75L (73\u044541\u044539\u0441m)"},"content":{"rendered":"<div class=\"wpb-content-wrapper\"><p>[vc_row][vc_column]\t\t<div id=\"wd-68402ae7a5de5\" class=\"wd-text-block wd-wpb reset-last-child wd-rs-68402ae7a5de5 text-center vc_custom_1749035757531\">\n\t\t\t<p>Velk\u00e1 ryb\u00e1\u0159sk\u00e1 ta\u0161ka BIG CARP o objemu 75 l se vyzna\u010duje spolehlivost\u00ed a funk\u010dnost\u00ed. Skv\u011ble se hod\u00ed pro ulo\u017een\u00ed a p\u0159epravu r\u016fzn\u00e9ho ryb\u00e1\u0159sk\u00e9ho vybaven\u00ed.<\/p>\n<p>Ta\u0161ka je vyrobena z tkaniny PVC OXFORD 600D s vnit\u0159n\u00edm PVC z\u00e1t\u011brem, kter\u00fd zabra\u0148uje promo\u010den\u00ed. Vn\u011bj\u0161\u00ed materi\u00e1l se snadno \u010dist\u00ed a je velmi odoln\u00fd.<\/p>\n<p>Ta\u0161ka m\u00e1 celkem 5 vn\u011bj\u0161\u00edch kapes \u2013 4 po stran\u00e1ch o rozm\u011brech 20\u00d726\u00d79 cm a jednu velkou horn\u00ed kapsu o rozm\u011bru 50\u00d721\u00d77 cm. K dispozici je tak\u00e9 vnit\u0159n\u00ed kapsa o velikosti 18\u00d720\u00d76 cm.<\/p>\n<p>Takov\u00e1 ta\u0161ka umo\u017e\u0148uje pohodln\u011b uspo\u0159\u00e1dat v\u011bt\u0161inu ryb\u00e1\u0159sk\u00e9ho vybaven\u00ed pro 1\u20132denn\u00ed v\u00fdpravu.<\/p>\n<p>Vnit\u0159n\u00ed prostor ta\u0161ky obsahuje vyj\u00edmatelnou p\u0159ep\u00e1\u017eku pro lep\u0161\u00ed organizaci.<\/p>\n<p>Pro snadn\u00e9 p\u0159en\u00e1\u0161en\u00ed jsou k dispozici dv\u011b dr\u017eadla a ramenn\u00ed popruhy typu batoh.<\/p>\n<p>Rozm\u011bry ta\u0161ky v\u010detn\u011b kapes: 75\u00d746\u00d740 cm<\/p>\n<p>Barva: khaki<\/p>\n\t\t<\/div>\n\t\t[\/vc_column][\/vc_row][vc_row][vc_column][vc_column_text css=&#8220;&#8220; woodmart_inline=&#8220;no&#8220; text_larger=&#8220;no&#8220;]<\/p>\n<p>[\/vc_column_text][\/vc_column][\/vc_row]<\/p>\n<\/div>","protected":false},"excerpt":{"rendered":"<p>[vc_row][vc_column][\/vc_column][\/vc_row][vc_row][vc_column][vc_column_text css=&#8220;&#8220; woodmart_inline=&#8220;no&#8220; text_larger=&#8220;no&#8220;] [\/vc_column_text][\/vc_column][\/vc_row]<\/p>\n","protected":false},"featured_media":2645,"template":"","meta":[],"product_brand":[64],"product_cat":[118],"product_tag":[],"class_list":{"0":"post-2647","1":"product","2":"type-product","3":"status-publish","4":"has-post-thumbnail","6":"product_brand-profmontaz","7":"product_cat-tasky-batohy-a-pouzdra","9":"first","10":"instock","11":"taxable","12":"shipping-taxable","13":"purchasable","14":"product-type-simple"},"_links":{"self":[{"href":"https:\/\/profmontaz.cz\/velkoobchod\/wp-json\/wp\/v2\/product\/2647","targetHints":{"allow":["GET"]}}],"collection":[{"href":"https:\/\/profmontaz.cz\/velkoobchod\/wp-json\/wp\/v2\/product"}],"about":[{"href":"https:\/\/profmontaz.cz\/velkoobchod\/wp-json\/wp\/v2\/types\/product"}],"wp:featuredmedia":[{"embeddable":true,"href":"https:\/\/profmontaz.cz\/velkoobchod\/wp-json\/wp\/v2\/media\/2645"}],"wp:attachment":[{"href":"https:\/\/profmontaz.cz\/velkoobchod\/wp-json\/wp\/v2\/media?parent=2647"}],"wp:term":[{"taxonomy":"product_brand","embeddable":true,"href":"https:\/\/profmontaz.cz\/velkoobchod\/wp-json\/wp\/v2\/product_brand?post=2647"},{"taxonomy":"product_cat","embeddable":true,"href":"https:\/\/profmontaz.cz\/velkoobchod\/wp-json\/wp\/v2\/product_cat?post=2647"},{"taxonomy":"product_tag","embeddable":true,"href":"https:\/\/profmontaz.cz\/velkoobchod\/wp-json\/wp\/v2\/product_tag?post=2647"}],"curies":[{"name":"wp","href":"https:\/\/api.w.org\/{rel}","templated":true}]}}