{"id":2648,"date":"2025-06-04T13:16:27","date_gmt":"2025-06-04T11:16:27","guid":{"rendered":"https:\/\/profmontaz.cz\/velkoobchod\/?post_type=product&#038;p=2648"},"modified":"2025-11-16T19:24:32","modified_gmt":"2025-11-16T18:24:32","slug":"taska-big-carp-55l-55%d1%8535%d1%8530%d1%81m","status":"publish","type":"product","link":"https:\/\/profmontaz.cz\/velkoobchod\/produkt\/taska-big-carp-55l-55%d1%8535%d1%8530%d1%81m\/","title":{"rendered":"Ta\u0161ka BIG CARP 55L (55\u044535\u044530\u0441m)"},"content":{"rendered":"<div class=\"wpb-content-wrapper\"><p>[vc_row][vc_column]\t\t<div id=\"wd-68402b4d3c539\" class=\"wd-text-block wd-wpb reset-last-child wd-rs-68402b4d3c539 text-center vc_custom_1749035864098\">\n\t\t\t<p>Velk\u00e1 ryb\u00e1\u0159sk\u00e1 ta\u0161ka BIG CARP o objemu 55 l \u2013 je skv\u011blou volbou pro kaprov\u00fd, feederov\u00fd i dal\u0161\u00ed typy rybolovu.<\/p>\n<p>Ta\u0161ka se vyzna\u010duje spolehlivost\u00ed, promy\u0161lenou ergonomi\u00ed a funk\u010dnost\u00ed. Skv\u011ble se hod\u00ed pro ulo\u017een\u00ed a p\u0159epravu r\u016fznorod\u00e9ho ryb\u00e1\u0159sk\u00e9ho vybaven\u00ed.<\/p>\n<p>Vyrobena z tkaniny PVC OXFORD 600D s vnit\u0159n\u00ed PVC z\u00e1t\u011brem, kter\u00fd zabra\u0148uje promoknut\u00ed. Vn\u011bj\u0161\u00ed materi\u00e1l je odoln\u00fd a snadno se \u010dist\u00ed.<\/p>\n<p>Ta\u0161ka obsahuje celkem 12 kapes:<\/p>\n<p>\u25ba 2 bo\u010dn\u00ed kapsy na zip, rozm\u011bry 24\u00d720\u00d74 cm, nav\u00edc kapsy rychl\u00e9ho p\u0159\u00edstupu ze s\u00ed\u0165oviny<\/p>\n<p>\u25ba 1 velk\u00e1 vn\u011bj\u0161\u00ed kapsa, rozm\u011bry 35\u00d720\u00d74 cm, s dal\u0161\u00ed s\u00ed\u0165ovanou kapsou rychl\u00e9ho p\u0159\u00edstupu<\/p>\n<p>\u25ba 2 p\u0159\u00eddavn\u00e9 kapsy na v\u00edku, rozm\u011bry 19\u00d726\u00d74 cm<\/p>\n<p>\u25ba 4 kapsy na vnit\u0159n\u00ed stran\u011b v\u00edka pro r\u016fzn\u00e9 drobnosti (bi\u017euterie, leadcory, h\u00e1\u010dky atd.) \u2013<\/p>\n<p>2 s\u00ed\u0165ovan\u00e9 kapsy na zip a 2 pr\u016fhledn\u00e9 kapsy, v\u0161echny o velikosti 21\u00d712 cm<\/p>\n<p>Vnit\u0159n\u00ed prostor ta\u0161ky obsahuje vyj\u00edmatelnou p\u0159ep\u00e1\u017eku pro lep\u0161\u00ed organizaci.<\/p>\n<p>Tato ta\u0161ka umo\u017e\u0148uje pohodln\u011b uspo\u0159\u00e1dat v\u0161e pot\u0159ebn\u00e9 pro ryb\u00e1\u0159sk\u00fd v\u00fdlet.<\/p>\n<p>Pro p\u0159en\u00e1\u0161en\u00ed jsou k dispozici dv\u011b dr\u017eadla a ramenn\u00ed popruh.<\/p>\n<p>Rozm\u011bry ta\u0161ky v\u010detn\u011b kapes: 54\u00d735\u00d731 cm<\/p>\n<p>Barva: khaki<\/p>\n\t\t<\/div>\n\t\t[\/vc_column][\/vc_row][vc_row][vc_column][vc_column_text css=&#8220;&#8220; woodmart_inline=&#8220;no&#8220; text_larger=&#8220;no&#8220;]<\/p>\n<p>[\/vc_column_text][\/vc_column][\/vc_row]<\/p>\n<\/div>","protected":false},"excerpt":{"rendered":"<p>[vc_row][vc_column][\/vc_column][\/vc_row][vc_row][vc_column][vc_column_text css=&#8220;&#8220; woodmart_inline=&#8220;no&#8220; text_larger=&#8220;no&#8220;] [\/vc_column_text][\/vc_column][\/vc_row]<\/p>\n","protected":false},"featured_media":2645,"template":"","meta":[],"product_brand":[64],"product_cat":[118],"product_tag":[],"class_list":{"0":"post-2648","1":"product","2":"type-product","3":"status-publish","4":"has-post-thumbnail","6":"product_brand-profmontaz","7":"product_cat-tasky-batohy-a-pouzdra","9":"first","10":"instock","11":"taxable","12":"shipping-taxable","13":"purchasable","14":"product-type-simple"},"_links":{"self":[{"href":"https:\/\/profmontaz.cz\/velkoobchod\/wp-json\/wp\/v2\/product\/2648","targetHints":{"allow":["GET"]}}],"collection":[{"href":"https:\/\/profmontaz.cz\/velkoobchod\/wp-json\/wp\/v2\/product"}],"about":[{"href":"https:\/\/profmontaz.cz\/velkoobchod\/wp-json\/wp\/v2\/types\/product"}],"wp:featuredmedia":[{"embeddable":true,"href":"https:\/\/profmontaz.cz\/velkoobchod\/wp-json\/wp\/v2\/media\/2645"}],"wp:attachment":[{"href":"https:\/\/profmontaz.cz\/velkoobchod\/wp-json\/wp\/v2\/media?parent=2648"}],"wp:term":[{"taxonomy":"product_brand","embeddable":true,"href":"https:\/\/profmontaz.cz\/velkoobchod\/wp-json\/wp\/v2\/product_brand?post=2648"},{"taxonomy":"product_cat","embeddable":true,"href":"https:\/\/profmontaz.cz\/velkoobchod\/wp-json\/wp\/v2\/product_cat?post=2648"},{"taxonomy":"product_tag","embeddable":true,"href":"https:\/\/profmontaz.cz\/velkoobchod\/wp-json\/wp\/v2\/product_tag?post=2648"}],"curies":[{"name":"wp","href":"https:\/\/api.w.org\/{rel}","templated":true}]}}