{"id":2649,"date":"2025-06-04T13:18:46","date_gmt":"2025-06-04T11:18:46","guid":{"rendered":"https:\/\/profmontaz.cz\/velkoobchod\/?post_type=product&#038;p=2649"},"modified":"2025-11-16T19:22:09","modified_gmt":"2025-11-16T18:22:09","slug":"taska-big-carp-35l-47%d1%8527%d1%8530%d1%81m","status":"publish","type":"product","link":"https:\/\/profmontaz.cz\/velkoobchod\/produkt\/taska-big-carp-35l-47%d1%8527%d1%8530%d1%81m\/","title":{"rendered":"Ta\u0161ka BIG CARP 35L (47\u044527\u044530\u0441m)"},"content":{"rendered":"<div class=\"wpb-content-wrapper\"><p>[vc_row][vc_column]\t\t<div id=\"wd-68402c7333fdf\" class=\"wd-text-block wd-wpb reset-last-child wd-rs-68402c7333fdf text-center vc_custom_1749036153135\">\n\t\t\t<p>Ryb\u00e1\u0159sk\u00e1 ta\u0161ka BIG CARP o objemu 35 l je nejmen\u0161\u00ed v s\u00e9rii BIG CARP.<\/p>\n<p>Tato ta\u0161ka je ide\u00e1ln\u00ed pro kaprov\u00fd, feederov\u00fd, p\u0159\u00edvla\u010dov\u00fd i dal\u0161\u00ed typy rybolovu.<\/p>\n<p>Vysoce spolehliv\u00e1, ergonomicky promy\u0161len\u00e1 a funk\u010dn\u00ed, skv\u011ble se hod\u00ed pro ulo\u017een\u00ed a p\u0159epravu ryb\u00e1\u0159sk\u00e9ho vybaven\u00ed.<\/p>\n<p>Ta\u0161ka je vyrobena z pevn\u00e9 tkaniny PVC OXFORD 600D s vnit\u0159n\u00edm PVC z\u00e1t\u011brem, kter\u00fd br\u00e1n\u00ed promoknut\u00ed.<\/p>\n<p>Vn\u011bj\u0161\u00ed tkanina je odoln\u00e1 a snadno omyvateln\u00e1.<\/p>\n<p>Pro v\u011bt\u0161\u00ed pevnost a ochranu obsahu je pod pod\u0161\u00edvkou pou\u017eita PPE p\u011bna o tlou\u0161\u0165ce 7 mm.<\/p>\n<p>Ta\u0161ka obsahuje 7 kapes:<\/p>\n<p>\u25ba 2 bo\u010dn\u00ed kapsy na zip, rozm\u011bry 19\u00d717\u00d74 cm, nav\u00edc kapsy rychl\u00e9ho p\u0159\u00edstupu ze s\u00ed\u0165oviny<\/p>\n<p>\u25ba 1 velk\u00e1 kapsa na v\u00edku, rozm\u011bry 32\u00d720\u00d74 cm, nav\u00edc \u0161n\u011brov\u00e1n\u00ed na svrchn\u00ed stran\u011b pro ulo\u017een\u00ed pl\u00e1\u0161t\u011bnky nebo od\u011bvu<\/p>\n<p>\u25ba 1 bo\u010dn\u00ed kapsa o velikosti 32\u00d717\u00d74 cm, nav\u00edc nad n\u00ed s\u00ed\u0165ovan\u00e1 kapsa na zip<\/p>\n<p>\u25ba 2 kapsy uvnit\u0159 v\u00edka \u2013 jedna pr\u016fhledn\u00e1 z PVC, druh\u00e1 ze s\u00ed\u0165oviny, pro drobnosti (bi\u017euterie, leadcory, h\u00e1\u010dky atd.),<\/p>\n<p>rozm\u011br ka\u017ed\u00e9 kapsy: 17\u00d724 cm<\/p>\n<p>Rozm\u011bry ta\u0161ky v\u010detn\u011b kapes: 47\u00d730\u00d727 cm<\/p>\n<p>Vnit\u0159n\u00ed prostor ta\u0161ky m\u00e1 volnou organizaci.<\/p>\n<p>Pro pohodlnou p\u0159epravu jsou k dispozici dv\u011b dr\u017eadla a ramenn\u00ed popruh.<\/p>\n\t\t<\/div>\n\t\t[\/vc_column][\/vc_row][vc_row][vc_column][vc_column_text css=&#8220;&#8220; woodmart_inline=&#8220;no&#8220; text_larger=&#8220;no&#8220;]<\/p>\n<p>[\/vc_column_text][\/vc_column][\/vc_row]<\/p>\n<\/div>","protected":false},"excerpt":{"rendered":"<p>[vc_row][vc_column][\/vc_column][\/vc_row][vc_row][vc_column][vc_column_text css=&#8220;&#8220; woodmart_inline=&#8220;no&#8220; text_larger=&#8220;no&#8220;] [\/vc_column_text][\/vc_column][\/vc_row]<\/p>\n","protected":false},"featured_media":2650,"template":"","meta":[],"product_brand":[64],"product_cat":[118],"product_tag":[],"class_list":{"0":"post-2649","1":"product","2":"type-product","3":"status-publish","4":"has-post-thumbnail","6":"product_brand-profmontaz","7":"product_cat-tasky-batohy-a-pouzdra","9":"first","10":"instock","11":"taxable","12":"shipping-taxable","13":"purchasable","14":"product-type-simple"},"_links":{"self":[{"href":"https:\/\/profmontaz.cz\/velkoobchod\/wp-json\/wp\/v2\/product\/2649","targetHints":{"allow":["GET"]}}],"collection":[{"href":"https:\/\/profmontaz.cz\/velkoobchod\/wp-json\/wp\/v2\/product"}],"about":[{"href":"https:\/\/profmontaz.cz\/velkoobchod\/wp-json\/wp\/v2\/types\/product"}],"wp:featuredmedia":[{"embeddable":true,"href":"https:\/\/profmontaz.cz\/velkoobchod\/wp-json\/wp\/v2\/media\/2650"}],"wp:attachment":[{"href":"https:\/\/profmontaz.cz\/velkoobchod\/wp-json\/wp\/v2\/media?parent=2649"}],"wp:term":[{"taxonomy":"product_brand","embeddable":true,"href":"https:\/\/profmontaz.cz\/velkoobchod\/wp-json\/wp\/v2\/product_brand?post=2649"},{"taxonomy":"product_cat","embeddable":true,"href":"https:\/\/profmontaz.cz\/velkoobchod\/wp-json\/wp\/v2\/product_cat?post=2649"},{"taxonomy":"product_tag","embeddable":true,"href":"https:\/\/profmontaz.cz\/velkoobchod\/wp-json\/wp\/v2\/product_tag?post=2649"}],"curies":[{"name":"wp","href":"https:\/\/api.w.org\/{rel}","templated":true}]}}