{"id":2651,"date":"2025-06-04T13:22:58","date_gmt":"2025-06-04T11:22:58","guid":{"rendered":"https:\/\/profmontaz.cz\/velkoobchod\/?post_type=product&#038;p=2651"},"modified":"2025-11-16T19:27:45","modified_gmt":"2025-11-16T18:27:45","slug":"taska-luresrigs-47%d1%8522%d1%8522%d1%81m","status":"publish","type":"product","link":"https:\/\/profmontaz.cz\/velkoobchod\/produkt\/taska-luresrigs-47%d1%8522%d1%8522%d1%81m\/","title":{"rendered":"Ta\u0161ka Lures&#038;Rigs (47\u044522\u044522\u0441m)"},"content":{"rendered":"<div class=\"wpb-content-wrapper\"><p>[vc_row][vc_column]\t\t<div id=\"wd-68402ce3d384d\" class=\"wd-text-block wd-wpb reset-last-child wd-rs-68402ce3d384d text-center vc_custom_1749036266710\">\n\t\t\t<p>Ryb\u00e1\u0159sk\u00e1 ta\u0161ka Lures &amp; Rigs je skv\u011blou volbou pro p\u0159\u00edvla\u010dov\u00fd, feederov\u00fd nebo plavan\u00fd rybolov.<\/p>\n<p>Je vyrobena z odoln\u00e9 tkaniny PVC OXFORD 600D s vnit\u0159n\u00edm PVC z\u00e1t\u011brem, kter\u00fd zabra\u0148uje promoknut\u00ed. Vn\u011bj\u0161\u00ed materi\u00e1l je odoln\u00fd v\u016f\u010di ne\u010distot\u00e1m a snadno se \u010dist\u00ed.<\/p>\n<p>Hlavn\u00ed odd\u00edl ta\u0161ky m\u00e1 voln\u00e9 uspo\u0159\u00e1d\u00e1n\u00ed, jeho rozm\u011br je 38\u00d720\u00d714 cm, pohodln\u011b pojme:<\/p>\n<p>\u2013 3 velk\u00e9 krabi\u010dky na n\u00e1strahy o rozm\u011bru 30\u00d720\u00d75 cm,<\/p>\n<p>\u2013 a pouzdro na 1 navij\u00e1k: polotuh\u00e9 pouzdro REEL CASE M, nebo REEL CASE L (20\u00d715\u00d710 cm),<\/p>\n<p>\u2013 p\u0159\u00edpadn\u011b je\u0161t\u011b 4 men\u0161\u00ed krabi\u010dky o rozm\u011bru 9\u00d73\u00d720 cm<\/p>\n<p>\u25ba Na horn\u00ed \u010d\u00e1sti v\u00edka ta\u0161ky je \u0161n\u011brov\u00e1n\u00ed pro um\u00edst\u011bn\u00ed v\u011bc\u00ed, pl\u00e1\u0161t\u011bnky apod.<\/p>\n<p>\u25ba 6 p\u0159\u00eddavn\u00fdch kapes umo\u017en\u00ed pohodln\u00e9 ulo\u017een\u00ed ve\u0161ker\u00fdch drobnost\u00ed: h\u00e1\u010dk\u016f, karabinek, n\u00e1vazc\u016f, vlasc\u016f atd.<\/p>\n<p>\u25ba Na bo\u010dn\u00ed kapse je um\u00edst\u011bn syst\u00e9m Quick Baits se 2 vyj\u00edmateln\u00fdmi EVA li\u0161tami, kter\u00fd umo\u017e\u0148uje rychl\u00fd p\u0159\u00edstup ke 4\u20136 hlavn\u00edm n\u00e1strah\u00e1m<\/p>\n<p>\u25ba Na bo\u010dn\u00ed kapse jsou tak\u00e9 \u00fachyty pro r\u016fzn\u00e9 n\u00e1\u0159ad\u00ed<\/p>\n<p>\u25ba Ta\u0161ka je vybavena ramenn\u00edm popruhem a dr\u017eadly pro p\u0159en\u00e1\u0161en\u00ed, dr\u017eadla jsou pevn\u011b uchycena po cel\u00e9m obvodu ta\u0161ky<\/p>\n<p>\u25ba Pro ochranu obsahu je pou\u017eita vnit\u0159n\u00ed pod\u0161\u00edvka z PPE p\u011bny o tlou\u0161\u0165ce 7 mm<\/p>\n<p>Rozm\u011bry ta\u0161ky v\u010detn\u011b kapes: 47\u00d722\u00d722 cm<\/p>\n<p>Barva: khaki<\/p>\n\t\t<\/div>\n\t\t[\/vc_column][\/vc_row][vc_row][vc_column][vc_column_text css=&#8220;&#8220; woodmart_inline=&#8220;no&#8220; text_larger=&#8220;no&#8220;]<\/p>\n<p>[\/vc_column_text][\/vc_column][\/vc_row]<\/p>\n<\/div>","protected":false},"excerpt":{"rendered":"<p>[vc_row][vc_column][\/vc_column][\/vc_row][vc_row][vc_column][vc_column_text css=&#8220;&#8220; woodmart_inline=&#8220;no&#8220; text_larger=&#8220;no&#8220;] [\/vc_column_text][\/vc_column][\/vc_row]<\/p>\n","protected":false},"featured_media":2652,"template":"","meta":[],"product_brand":[64],"product_cat":[118],"product_tag":[],"class_list":{"0":"post-2651","1":"product","2":"type-product","3":"status-publish","4":"has-post-thumbnail","6":"product_brand-profmontaz","7":"product_cat-tasky-batohy-a-pouzdra","9":"first","10":"instock","11":"taxable","12":"shipping-taxable","13":"purchasable","14":"product-type-simple"},"_links":{"self":[{"href":"https:\/\/profmontaz.cz\/velkoobchod\/wp-json\/wp\/v2\/product\/2651","targetHints":{"allow":["GET"]}}],"collection":[{"href":"https:\/\/profmontaz.cz\/velkoobchod\/wp-json\/wp\/v2\/product"}],"about":[{"href":"https:\/\/profmontaz.cz\/velkoobchod\/wp-json\/wp\/v2\/types\/product"}],"wp:featuredmedia":[{"embeddable":true,"href":"https:\/\/profmontaz.cz\/velkoobchod\/wp-json\/wp\/v2\/media\/2652"}],"wp:attachment":[{"href":"https:\/\/profmontaz.cz\/velkoobchod\/wp-json\/wp\/v2\/media?parent=2651"}],"wp:term":[{"taxonomy":"product_brand","embeddable":true,"href":"https:\/\/profmontaz.cz\/velkoobchod\/wp-json\/wp\/v2\/product_brand?post=2651"},{"taxonomy":"product_cat","embeddable":true,"href":"https:\/\/profmontaz.cz\/velkoobchod\/wp-json\/wp\/v2\/product_cat?post=2651"},{"taxonomy":"product_tag","embeddable":true,"href":"https:\/\/profmontaz.cz\/velkoobchod\/wp-json\/wp\/v2\/product_tag?post=2651"}],"curies":[{"name":"wp","href":"https:\/\/api.w.org\/{rel}","templated":true}]}}