{"id":2653,"date":"2025-06-04T13:25:15","date_gmt":"2025-06-04T11:25:15","guid":{"rendered":"https:\/\/profmontaz.cz\/velkoobchod\/?post_type=product&#038;p=2653"},"modified":"2025-11-16T19:12:57","modified_gmt":"2025-11-16T18:12:57","slug":"pouzdro-organizer-23%d1%8533%d1%853cm-khaki-barva","status":"publish","type":"product","link":"https:\/\/profmontaz.cz\/velkoobchod\/produkt\/pouzdro-organizer-23%d1%8533%d1%853cm-khaki-barva\/","title":{"rendered":"Pouzdro Organiz\u00e9r (23\u044533\u04453cm), (khaki barva)"},"content":{"rendered":"<div class=\"wpb-content-wrapper\"><p>[vc_row][vc_column]\t\t<div id=\"wd-68402d5eb8a5a\" class=\"wd-text-block wd-wpb reset-last-child wd-rs-68402d5eb8a5a text-center vc_custom_1749036389292\">\n\t\t\t<p>Tato ta\u0161ka\u2013organiz\u00e9r je ide\u00e1ln\u00ed pro ulo\u017een\u00ed a p\u0159epravu h\u00e1\u010dk\u016f, r\u016fzn\u00e9ho p\u0159\u00edslu\u0161enstv\u00ed, pot\u0159ebn\u00e9ho n\u00e1\u0159ad\u00ed a dopl\u0148k\u016f na ryb\u00e1\u0159sk\u00e9 v\u00fdpravy.<\/p>\n<p>Ta\u0161ka pot\u011b\u0161\u00ed majitele promy\u0161lenou ergonomi\u00ed.<\/p>\n<p>St\u0159edn\u00ed p\u0159ep\u00e1\u017eka je speci\u00e1ln\u011b navr\u017eena pro ulo\u017een\u00ed mal\u00fdch s\u00e1\u010dk\u016f s h\u00e1\u010dky nebo bi\u017euteri\u00ed, p\u0159i\u010dem\u017e ka\u017ed\u00e1 kapsa m\u00e1 rozm\u011br 7\u00d77 cm. Celkem je zde 16 pr\u016fhledn\u00fdch kapes.<\/p>\n<p>6 s\u00ed\u0165ovan\u00fdch kapes o velikosti 10\u00d79 cm se skv\u011ble hod\u00ed pro ulo\u017een\u00ed vlasc\u016f, n\u00e1vazcov\u00e9ho materi\u00e1lu, r\u016fzn\u00fdch leadcor\u016f atd.<\/p>\n<p>Posledn\u00ed strana organiz\u00e9ru obsahuje velkou prostornou kapsu na zip o velikosti 20\u00d714 cm.<\/p>\n<p>Naho\u0159e pod popruhem je praktick\u00e9 m\u00edsto pro ulo\u017een\u00ed ryb\u00e1\u0159sk\u00e9ho n\u00e1\u0159ad\u00ed.<\/p>\n<p>Na zadn\u00ed stran\u011b organiz\u00e9ru je velk\u00e1 kapsa o velikosti 21\u00d720 cm, a pro snadn\u00e9 p\u0159en\u00e1\u0161en\u00ed \u2013 p\u00e1skov\u00e9 dr\u017eadlo.<\/p>\n<p>Materi\u00e1l: pevn\u00fd a spolehliv\u00fd OXFORD 600D<\/p>\n<p>Rozm\u011bry organiz\u00e9ru: 23\u00d733\u00d74 cm<\/p>\n\t\t<\/div>\n\t\t[\/vc_column][\/vc_row][vc_row][vc_column][vc_column_text css=&#8220;&#8220; woodmart_inline=&#8220;no&#8220; text_larger=&#8220;no&#8220;]<\/p>\n<p>[\/vc_column_text][\/vc_column][\/vc_row]<\/p>\n<\/div>","protected":false},"excerpt":{"rendered":"<p>[vc_row][vc_column][\/vc_column][\/vc_row][vc_row][vc_column][vc_column_text css=&#8220;&#8220; woodmart_inline=&#8220;no&#8220; text_larger=&#8220;no&#8220;] [\/vc_column_text][\/vc_column][\/vc_row]<\/p>\n","protected":false},"featured_media":2652,"template":"","meta":[],"product_brand":[64],"product_cat":[118],"product_tag":[],"class_list":{"0":"post-2653","1":"product","2":"type-product","3":"status-publish","4":"has-post-thumbnail","6":"product_brand-profmontaz","7":"product_cat-tasky-batohy-a-pouzdra","9":"first","10":"instock","11":"taxable","12":"shipping-taxable","13":"purchasable","14":"product-type-simple"},"_links":{"self":[{"href":"https:\/\/profmontaz.cz\/velkoobchod\/wp-json\/wp\/v2\/product\/2653","targetHints":{"allow":["GET"]}}],"collection":[{"href":"https:\/\/profmontaz.cz\/velkoobchod\/wp-json\/wp\/v2\/product"}],"about":[{"href":"https:\/\/profmontaz.cz\/velkoobchod\/wp-json\/wp\/v2\/types\/product"}],"wp:featuredmedia":[{"embeddable":true,"href":"https:\/\/profmontaz.cz\/velkoobchod\/wp-json\/wp\/v2\/media\/2652"}],"wp:attachment":[{"href":"https:\/\/profmontaz.cz\/velkoobchod\/wp-json\/wp\/v2\/media?parent=2653"}],"wp:term":[{"taxonomy":"product_brand","embeddable":true,"href":"https:\/\/profmontaz.cz\/velkoobchod\/wp-json\/wp\/v2\/product_brand?post=2653"},{"taxonomy":"product_cat","embeddable":true,"href":"https:\/\/profmontaz.cz\/velkoobchod\/wp-json\/wp\/v2\/product_cat?post=2653"},{"taxonomy":"product_tag","embeddable":true,"href":"https:\/\/profmontaz.cz\/velkoobchod\/wp-json\/wp\/v2\/product_tag?post=2653"}],"curies":[{"name":"wp","href":"https:\/\/api.w.org\/{rel}","templated":true}]}}