{"id":2656,"date":"2025-06-04T13:35:14","date_gmt":"2025-06-04T11:35:14","guid":{"rendered":"https:\/\/profmontaz.cz\/velkoobchod\/?post_type=product&#038;p=2656"},"modified":"2025-11-16T19:40:50","modified_gmt":"2025-11-16T18:40:50","slug":"taska-organizer-tackle-bag-mini-na-krmitka-a-bizuterii","status":"publish","type":"product","link":"https:\/\/profmontaz.cz\/velkoobchod\/produkt\/taska-organizer-tackle-bag-mini-na-krmitka-a-bizuterii\/","title":{"rendered":"Ta\u0161ka Organiz\u00e9r Tackle Bag Mini na krm\u00edtka a bi\u017euterii"},"content":{"rendered":"<div class=\"wpb-content-wrapper\"><p>[vc_row][vc_column]\t\t<div id=\"wd-68402f823055f\" class=\"wd-text-block wd-wpb reset-last-child wd-rs-68402f823055f text-center vc_custom_1749036976102\">\n\t\t\t<p>Organiz\u00e9r Tackle Bag Mini \u2013 je univerz\u00e1ln\u00ed ta\u0161ka na p\u0159\u00edslu\u0161enstv\u00ed a krm\u00edtka p\u0159i feederov\u00e9m rybolovu, na flat krm\u00edtka, olova a mont\u00e1\u017ee p\u0159i kaprov\u00e9m rybolovu, nebo pro pot\u0159eby plavan\u00e9.<\/p>\n<p>Ve spodn\u00ed \u010d\u00e1sti ta\u0161ky se nach\u00e1z\u00ed 5 odd\u00edl\u016f, ka\u017ed\u00e1 p\u0159ep\u00e1\u017eka je uchycena ve 3 bodech, tak\u017ee si m\u016f\u017eete b\u00fdt jisti, \u017ee obsah jednotliv\u00fdch odd\u00edl\u016f se navz\u00e1jem nem\u00edch\u00e1.<\/p>\n<p>St\u0159edn\u00ed \u010d\u00e1st je zhotovena z pevn\u00e9ho vod\u011bodoln\u00e9ho kartonu a obsahuje 12 pr\u016fhledn\u00fdch kapes na h\u00e1\u010dky, bi\u017euterii nebo n\u00e1vazcov\u00e9 vlasce.<\/p>\n<p>Na vrchn\u00edm v\u00edku jsou um\u00edst\u011bny 2 st\u0159edn\u00ed kapsy pro n\u00e1\u0159ad\u00ed.<\/p>\n<p>Ta\u0161ka je vyrobena z odoln\u00e9 tkaniny PVC OXFORD 600D s vnit\u0159n\u00edm PVC z\u00e1t\u011brem, kter\u00fd chr\u00e1n\u00ed p\u0159ed promoknut\u00edm.<\/p>\n<p>Vn\u011bj\u0161\u00ed materi\u00e1l je snadno omyvateln\u00fd a velmi odoln\u00fd.<\/p>\n<p>Pro spolehlivou ochranu obsahu a zv\u00fd\u0161en\u00ed pevnosti pou\u017e\u00edv\u00e1me v\u00fdztuhu z PPE p\u011bny o tlou\u0161\u0165ce 7 mm.<\/p>\n<p>Rozm\u011bry ta\u0161ky: 28\u00d722\u00d78 cm<\/p>\n<p>Barva: khaki<\/p>\n\t\t<\/div>\n\t\t[\/vc_column][\/vc_row][vc_row][vc_column][vc_column_text css=&#8220;&#8220; woodmart_inline=&#8220;no&#8220; text_larger=&#8220;no&#8220;]<\/p>\n<p>[\/vc_column_text][\/vc_column][\/vc_row]<\/p>\n<\/div>","protected":false},"excerpt":{"rendered":"<p>[vc_row][vc_column][\/vc_column][\/vc_row][vc_row][vc_column][vc_column_text css=&#8220;&#8220; woodmart_inline=&#8220;no&#8220; text_larger=&#8220;no&#8220;] [\/vc_column_text][\/vc_column][\/vc_row]<\/p>\n","protected":false},"featured_media":2657,"template":"","meta":[],"product_brand":[64],"product_cat":[118],"product_tag":[],"class_list":{"0":"post-2656","1":"product","2":"type-product","3":"status-publish","4":"has-post-thumbnail","6":"product_brand-profmontaz","7":"product_cat-tasky-batohy-a-pouzdra","9":"first","10":"instock","11":"taxable","12":"shipping-taxable","13":"purchasable","14":"product-type-simple"},"_links":{"self":[{"href":"https:\/\/profmontaz.cz\/velkoobchod\/wp-json\/wp\/v2\/product\/2656","targetHints":{"allow":["GET"]}}],"collection":[{"href":"https:\/\/profmontaz.cz\/velkoobchod\/wp-json\/wp\/v2\/product"}],"about":[{"href":"https:\/\/profmontaz.cz\/velkoobchod\/wp-json\/wp\/v2\/types\/product"}],"wp:featuredmedia":[{"embeddable":true,"href":"https:\/\/profmontaz.cz\/velkoobchod\/wp-json\/wp\/v2\/media\/2657"}],"wp:attachment":[{"href":"https:\/\/profmontaz.cz\/velkoobchod\/wp-json\/wp\/v2\/media?parent=2656"}],"wp:term":[{"taxonomy":"product_brand","embeddable":true,"href":"https:\/\/profmontaz.cz\/velkoobchod\/wp-json\/wp\/v2\/product_brand?post=2656"},{"taxonomy":"product_cat","embeddable":true,"href":"https:\/\/profmontaz.cz\/velkoobchod\/wp-json\/wp\/v2\/product_cat?post=2656"},{"taxonomy":"product_tag","embeddable":true,"href":"https:\/\/profmontaz.cz\/velkoobchod\/wp-json\/wp\/v2\/product_tag?post=2656"}],"curies":[{"name":"wp","href":"https:\/\/api.w.org\/{rel}","templated":true}]}}