{"id":2658,"date":"2025-06-04T13:36:44","date_gmt":"2025-06-04T11:36:44","guid":{"rendered":"https:\/\/profmontaz.cz\/velkoobchod\/?post_type=product&#038;p=2658"},"modified":"2025-11-16T18:41:22","modified_gmt":"2025-11-16T17:41:22","slug":"dvojita-taska-twin-point-na-bizuterii","status":"publish","type":"product","link":"https:\/\/profmontaz.cz\/velkoobchod\/produkt\/dvojita-taska-twin-point-na-bizuterii\/","title":{"rendered":"Dvojit\u00e1 ta\u0161ka Twin Point na bi\u017euterii"},"content":{"rendered":"<div class=\"wpb-content-wrapper\"><p>[vc_row][vc_column]\t\t<div id=\"wd-68403026a47e5\" class=\"wd-text-block wd-wpb reset-last-child wd-rs-68403026a47e5 text-center vc_custom_1749037102574\">\n\t\t\t<p>Dvojit\u00e1 ta\u0161ka Twin Point na n\u00e1\u010din\u00ed a p\u0159\u00edslu\u0161enstv\u00ed m\u00e1 2 velk\u00e9 odd\u011blen\u00e9 sekce.<\/p>\n<p>Rozm\u011br ta\u0161ky 31\u00d732\u00d720 cm umo\u017e\u0148uje ulo\u017eit dostatek pot\u0159ebn\u00e9ho vybaven\u00ed pro feederov\u00fd, flat feederov\u00fd nebo plavan\u00fd rybolov.<\/p>\n<p>Spodn\u00ed patro ta\u0161ky obsahuje 2 vyj\u00edmateln\u00e9 p\u0159ep\u00e1\u017eky, kter\u00e9 tvo\u0159\u00ed 3 hlubok\u00e9 p\u0159ihr\u00e1dky. P\u0159ep\u00e1\u017eky jsou spolehliv\u011b upevn\u011bny ve 3 bodech.<\/p>\n<p>Na v\u00edku jsou 2 kapsy o velikosti 30\u00d711 cm \u2013 jedna pr\u016fhledn\u00e1, druh\u00e1 s\u00ed\u0165ovan\u00e1.<\/p>\n<p>Horn\u00ed patro ta\u0161ky je rozd\u011bleno na 4 pevn\u00e9 odd\u00edly, kter\u00e9 jsou ide\u00e1ln\u00ed pro r\u016fzn\u00e9 krm\u00edtka nebo olova. Ka\u017ed\u00e1 p\u0159ep\u00e1\u017eka je tak\u00e9 upevn\u011bna ve 3 bodech, tak\u017ee mo\u017enost sm\u00edch\u00e1n\u00ed obsahu je minim\u00e1ln\u00ed.<\/p>\n<p>Na v\u00edku horn\u00edho odd\u00edlu je 12 pr\u016fhledn\u00fdch kapes, kter\u00e9 se skv\u011ble hod\u00ed na h\u00e1\u010dky a drobn\u00e9 p\u0159\u00edslu\u0161enstv\u00ed.<\/p>\n<p>Na vn\u011bj\u0161\u00ed stran\u011b ta\u0161ky se nach\u00e1zej\u00ed dal\u0161\u00ed 2 kapsy na zip:<\/p>\n<p>\u2013 velk\u00e1 kapsa: 26\u00d725\u00d73 cm<\/p>\n<p>\u2013 s\u00ed\u0165ovan\u00e1 kapsa: 25\u00d717 cm<\/p>\n<p>Ta\u0161ka je vyrobena z pevn\u00e9 tkaniny PVC OXFORD 600D s vnit\u0159n\u00edm PVC z\u00e1t\u011brem, kter\u00fd zabra\u0148uje promoknut\u00ed.<\/p>\n<p>Vn\u011bj\u0161\u00ed materi\u00e1l je odoln\u00fd a snadno omyvateln\u00fd.<\/p>\n<p>Pro zaji\u0161t\u011bn\u00ed pevnosti a ochranu obsahu proti po\u0161kozen\u00ed je pod pod\u0161\u00edvkou pou\u017eit PPE materi\u00e1l o tlou\u0161\u0165ce 7 mm.<\/p>\n<p>Pro pohodln\u00e9 p\u0159en\u00e1\u0161en\u00ed je ta\u0161ka vybavena dr\u017eadlem a ramenn\u00edm popruhem.<\/p>\n<p>Rozm\u011bry ta\u0161ky: 31\u00d732\u00d720 cm<\/p>\n<p>Barva: khaki<\/p>\n\t\t<\/div>\n\t\t[\/vc_column][\/vc_row][vc_row][vc_column][vc_column_text css=&#8220;&#8220; woodmart_inline=&#8220;no&#8220; text_larger=&#8220;no&#8220;]<\/p>\n<p>[\/vc_column_text][\/vc_column][\/vc_row]<\/p>\n<\/div>","protected":false},"excerpt":{"rendered":"<p>[vc_row][vc_column][\/vc_column][\/vc_row][vc_row][vc_column][vc_column_text css=&#8220;&#8220; woodmart_inline=&#8220;no&#8220; text_larger=&#8220;no&#8220;] [\/vc_column_text][\/vc_column][\/vc_row]<\/p>\n","protected":false},"featured_media":2659,"template":"","meta":[],"product_brand":[64],"product_cat":[118],"product_tag":[],"class_list":{"0":"post-2658","1":"product","2":"type-product","3":"status-publish","4":"has-post-thumbnail","6":"product_brand-profmontaz","7":"product_cat-tasky-batohy-a-pouzdra","9":"first","10":"instock","11":"taxable","12":"shipping-taxable","13":"purchasable","14":"product-type-simple"},"_links":{"self":[{"href":"https:\/\/profmontaz.cz\/velkoobchod\/wp-json\/wp\/v2\/product\/2658","targetHints":{"allow":["GET"]}}],"collection":[{"href":"https:\/\/profmontaz.cz\/velkoobchod\/wp-json\/wp\/v2\/product"}],"about":[{"href":"https:\/\/profmontaz.cz\/velkoobchod\/wp-json\/wp\/v2\/types\/product"}],"wp:featuredmedia":[{"embeddable":true,"href":"https:\/\/profmontaz.cz\/velkoobchod\/wp-json\/wp\/v2\/media\/2659"}],"wp:attachment":[{"href":"https:\/\/profmontaz.cz\/velkoobchod\/wp-json\/wp\/v2\/media?parent=2658"}],"wp:term":[{"taxonomy":"product_brand","embeddable":true,"href":"https:\/\/profmontaz.cz\/velkoobchod\/wp-json\/wp\/v2\/product_brand?post=2658"},{"taxonomy":"product_cat","embeddable":true,"href":"https:\/\/profmontaz.cz\/velkoobchod\/wp-json\/wp\/v2\/product_cat?post=2658"},{"taxonomy":"product_tag","embeddable":true,"href":"https:\/\/profmontaz.cz\/velkoobchod\/wp-json\/wp\/v2\/product_tag?post=2658"}],"curies":[{"name":"wp","href":"https:\/\/api.w.org\/{rel}","templated":true}]}}