{"id":2660,"date":"2025-06-04T13:39:02","date_gmt":"2025-06-04T11:39:02","guid":{"rendered":"https:\/\/profmontaz.cz\/velkoobchod\/?post_type=product&#038;p=2660"},"modified":"2025-11-16T19:14:10","modified_gmt":"2025-11-16T18:14:10","slug":"pouzdro-organizer-brief-case-big","status":"publish","type":"product","link":"https:\/\/profmontaz.cz\/velkoobchod\/produkt\/pouzdro-organizer-brief-case-big\/","title":{"rendered":"Pouzdro Organiz\u00e9r Brief-Case BIG"},"content":{"rendered":"<div class=\"wpb-content-wrapper\"><p>[vc_row][vc_column]\t\t<div id=\"wd-68403088c4547\" class=\"wd-text-block wd-wpb reset-last-child wd-rs-68403088c4547 text-center vc_custom_1749037199447\">\n\t\t\t<p>Organiz\u00e9r Brief-Case BIG je ide\u00e1ln\u00ed volbou pro ukl\u00e1d\u00e1n\u00ed a p\u0159epravu ryb\u00e1\u0159sk\u00e9ho vybaven\u00ed: h\u00e1\u010dk\u016f, r\u016fzn\u00e9ho p\u0159\u00edslu\u0161enstv\u00ed, pot\u0159ebn\u00e9ho n\u00e1\u0159ad\u00ed a dopl\u0148k\u016f.<\/p>\n<p>Ta\u0161ka pot\u011b\u0161\u00ed majitele promy\u0161lenou ergonomi\u00ed.<\/p>\n<p>Na vn\u011bj\u0161\u00ed stran\u011b ta\u0161ky je velk\u00e1 s\u00ed\u0165ovan\u00e1 kapsa o rozm\u011brech 38\u00d719 cm.<\/p>\n<p>Po otev\u0159en\u00ed organiz\u00e9ru najdeme 2 velk\u00e9 kapsy o rozm\u011brech 18\u00d727 cm \u2013 jednu pr\u016fhlednou z PVC a druhou s\u00ed\u0165ovanou.<\/p>\n<p>St\u0159edov\u00e1 p\u0159ep\u00e1\u017eka je speci\u00e1ln\u011b navr\u017eena pro ulo\u017een\u00ed mal\u00fdch balen\u00ed s h\u00e1\u010dky nebo p\u0159\u00edslu\u0161enstv\u00edm:<\/p>\n<p>\u2013 na jedn\u00e9 stran\u011b 6 kapes o rozm\u011bru 6\u00d79 cm,<\/p>\n<p>\u2013 na druh\u00e9 stran\u011b dal\u0161\u00edch 8 kapes stejn\u00e9 velikosti,<\/p>\n<p>\u2013 nav\u00edc 4 v\u011bt\u0161\u00ed kapsy o rozm\u011bru 18\u00d76 cm.<\/p>\n<p>Na posledn\u00ed stran\u011b se nach\u00e1z\u00ed 9 s\u00ed\u0165ovan\u00fdch kapes o velikosti 12\u00d78 cm, kter\u00e9 jsou ide\u00e1ln\u00ed pro ulo\u017een\u00ed vlasc\u016f, n\u00e1vazcov\u00e9ho materi\u00e1lu, r\u016fzn\u00fdch \u0161\u0148\u016frek atd.<\/p>\n<p>Pro snadn\u00e9 p\u0159en\u00e1\u0161en\u00ed je ta\u0161ka vybavena dr\u017eadlem.<\/p>\n<p>Rozm\u011bry organiz\u00e9ru: 40\u00d730\u00d74 cm<\/p>\n<p>Materi\u00e1l: OXFORD 600D<\/p>\n\t\t<\/div>\n\t\t[\/vc_column][\/vc_row][vc_row][vc_column][vc_column_text css=&#8220;&#8220; woodmart_inline=&#8220;no&#8220; text_larger=&#8220;no&#8220;]<\/p>\n<p>[\/vc_column_text][\/vc_column][\/vc_row]<\/p>\n<\/div>","protected":false},"excerpt":{"rendered":"<p>[vc_row][vc_column][\/vc_column][\/vc_row][vc_row][vc_column][vc_column_text css=&#8220;&#8220; woodmart_inline=&#8220;no&#8220; text_larger=&#8220;no&#8220;] [\/vc_column_text][\/vc_column][\/vc_row]<\/p>\n","protected":false},"featured_media":2661,"template":"","meta":[],"product_brand":[64],"product_cat":[118],"product_tag":[],"class_list":{"0":"post-2660","1":"product","2":"type-product","3":"status-publish","4":"has-post-thumbnail","6":"product_brand-profmontaz","7":"product_cat-tasky-batohy-a-pouzdra","9":"first","10":"instock","11":"taxable","12":"shipping-taxable","13":"purchasable","14":"product-type-simple"},"_links":{"self":[{"href":"https:\/\/profmontaz.cz\/velkoobchod\/wp-json\/wp\/v2\/product\/2660","targetHints":{"allow":["GET"]}}],"collection":[{"href":"https:\/\/profmontaz.cz\/velkoobchod\/wp-json\/wp\/v2\/product"}],"about":[{"href":"https:\/\/profmontaz.cz\/velkoobchod\/wp-json\/wp\/v2\/types\/product"}],"wp:featuredmedia":[{"embeddable":true,"href":"https:\/\/profmontaz.cz\/velkoobchod\/wp-json\/wp\/v2\/media\/2661"}],"wp:attachment":[{"href":"https:\/\/profmontaz.cz\/velkoobchod\/wp-json\/wp\/v2\/media?parent=2660"}],"wp:term":[{"taxonomy":"product_brand","embeddable":true,"href":"https:\/\/profmontaz.cz\/velkoobchod\/wp-json\/wp\/v2\/product_brand?post=2660"},{"taxonomy":"product_cat","embeddable":true,"href":"https:\/\/profmontaz.cz\/velkoobchod\/wp-json\/wp\/v2\/product_cat?post=2660"},{"taxonomy":"product_tag","embeddable":true,"href":"https:\/\/profmontaz.cz\/velkoobchod\/wp-json\/wp\/v2\/product_tag?post=2660"}],"curies":[{"name":"wp","href":"https:\/\/api.w.org\/{rel}","templated":true}]}}