{"id":2663,"date":"2025-06-04T13:40:22","date_gmt":"2025-06-04T11:40:22","guid":{"rendered":"https:\/\/profmontaz.cz\/velkoobchod\/?post_type=product&#038;p=2663"},"modified":"2025-11-17T11:53:23","modified_gmt":"2025-11-17T10:53:23","slug":"taska-organizer-tackle-bag-ffc-na-bizuterii","status":"publish","type":"product","link":"https:\/\/profmontaz.cz\/velkoobchod\/produkt\/taska-organizer-tackle-bag-ffc-na-bizuterii\/","title":{"rendered":"Ta\u0161ka Organiz\u00e9r Tackle Bag FFC na bi\u017euterii"},"content":{"rendered":"<div class=\"wpb-content-wrapper\"><p>[vc_row][vc_column]\t\t<div id=\"wd-684030d1ef16c\" class=\"wd-text-block wd-wpb reset-last-child wd-rs-684030d1ef16c text-center vc_custom_1749037272586\">\n\t\t\t<p>Organiz\u00e9r Tackle Bag FFC je univerz\u00e1ln\u00ed ta\u0161ka, kter\u00e1 je ide\u00e1ln\u00ed pro ulo\u017een\u00ed p\u0159\u00edslu\u0161enstv\u00ed a krm\u00edtek p\u0159i feederov\u00e9m rybolovu, flat krm\u00edtek a mont\u00e1\u017e\u00ed pro flat feeder nebo plavanou.<\/p>\n<p>Ve spodn\u00ed \u010d\u00e1sti ta\u0161ky se nach\u00e1z\u00ed 6 odd\u00edl\u016f, ka\u017ed\u00fd s 3bodov\u00fdm upevn\u011bn\u00edm p\u0159ep\u00e1\u017eek, co\u017e zaru\u010duje, \u017ee se obsah jednotliv\u00fdch p\u0159ihr\u00e1dek nem\u00eds\u00ed.<\/p>\n<p>St\u0159edn\u00ed \u010d\u00e1st je vyrobena z pevn\u00e9ho vod\u011bodoln\u00e9ho kartonu a obsahuje 18 pr\u016fhledn\u00fdch kapes na h\u00e1\u010dky, bi\u017euterii nebo n\u00e1vazcov\u00e9 vlasce.<\/p>\n<p>Na vnit\u0159n\u00ed stran\u011b horn\u00edho v\u00edka se nach\u00e1zej\u00ed:<\/p>\n<p>2 st\u0159edn\u00ed kapsy<\/p>\n<p>1 velk\u00e1 kapsa<\/p>\n<p>\u00fachyt na n\u00e1\u0159ad\u00ed<\/p>\n<p>Ta\u0161ka je vyrobena z odoln\u00e9 tkaniny PVC OXFORD 600D s vnit\u0159n\u00ed PVC vrstvou, kter\u00e1 chr\u00e1n\u00ed obsah p\u0159ed promoknut\u00edm. Vn\u011bj\u0161\u00ed materi\u00e1l je snadno omyvateln\u00fd a velmi pevn\u00fd.<\/p>\n<p>Pro zv\u00fd\u0161en\u00ed odolnosti a ochranu obsahu je ta\u0161ka vystu\u017eena 7mm p\u011bnou z PE (PPE).<\/p>\n<p>Rozm\u011bry ta\u0161ky: 41\u00d723\u00d79 cm<\/p>\n<p>Barva: Khaki<\/p>\n\t\t<\/div>\n\t\t[\/vc_column][\/vc_row][vc_row][vc_column][vc_column_text css=&#8220;&#8220; woodmart_inline=&#8220;no&#8220; text_larger=&#8220;no&#8220;]<\/p>\n<p>[\/vc_column_text][\/vc_column][\/vc_row]<\/p>\n<\/div>","protected":false},"excerpt":{"rendered":"<p>[vc_row][vc_column][\/vc_column][\/vc_row][vc_row][vc_column][vc_column_text css=&#8220;&#8220; woodmart_inline=&#8220;no&#8220; text_larger=&#8220;no&#8220;] [\/vc_column_text][\/vc_column][\/vc_row]<\/p>\n","protected":false},"featured_media":4543,"template":"","meta":[],"product_brand":[64],"product_cat":[118],"product_tag":[],"class_list":{"0":"post-2663","1":"product","2":"type-product","3":"status-publish","4":"has-post-thumbnail","6":"product_brand-profmontaz","7":"product_cat-tasky-batohy-a-pouzdra","9":"first","10":"instock","11":"taxable","12":"shipping-taxable","13":"purchasable","14":"product-type-simple"},"_links":{"self":[{"href":"https:\/\/profmontaz.cz\/velkoobchod\/wp-json\/wp\/v2\/product\/2663","targetHints":{"allow":["GET"]}}],"collection":[{"href":"https:\/\/profmontaz.cz\/velkoobchod\/wp-json\/wp\/v2\/product"}],"about":[{"href":"https:\/\/profmontaz.cz\/velkoobchod\/wp-json\/wp\/v2\/types\/product"}],"wp:featuredmedia":[{"embeddable":true,"href":"https:\/\/profmontaz.cz\/velkoobchod\/wp-json\/wp\/v2\/media\/4543"}],"wp:attachment":[{"href":"https:\/\/profmontaz.cz\/velkoobchod\/wp-json\/wp\/v2\/media?parent=2663"}],"wp:term":[{"taxonomy":"product_brand","embeddable":true,"href":"https:\/\/profmontaz.cz\/velkoobchod\/wp-json\/wp\/v2\/product_brand?post=2663"},{"taxonomy":"product_cat","embeddable":true,"href":"https:\/\/profmontaz.cz\/velkoobchod\/wp-json\/wp\/v2\/product_cat?post=2663"},{"taxonomy":"product_tag","embeddable":true,"href":"https:\/\/profmontaz.cz\/velkoobchod\/wp-json\/wp\/v2\/product_tag?post=2663"}],"curies":[{"name":"wp","href":"https:\/\/api.w.org\/{rel}","templated":true}]}}