{"id":2664,"date":"2025-06-04T13:41:40","date_gmt":"2025-06-04T11:41:40","guid":{"rendered":"https:\/\/profmontaz.cz\/velkoobchod\/?post_type=product&#038;p=2664"},"modified":"2025-11-16T18:46:59","modified_gmt":"2025-11-16T17:46:59","slug":"naprstnik-spod-casting-khaki-barva","status":"publish","type":"product","link":"https:\/\/profmontaz.cz\/velkoobchod\/produkt\/naprstnik-spod-casting-khaki-barva\/","title":{"rendered":"N\u00e1prstn\u00edk Spod Casting (khaki barva)"},"content":{"rendered":"<div class=\"wpb-content-wrapper\"><p>[vc_row][vc_column]\t\t<div id=\"wd-68403126dcf94\" class=\"wd-text-block wd-wpb reset-last-child wd-rs-68403126dcf94 text-center vc_custom_1749037355788\">\n\t\t\t<p>Rukavice pro silov\u00fd n\u00e1hoz Spod Casting \u2013 pou\u017e\u00edv\u00e1 se p\u0159i kaprov\u00e9m, feederov\u00e9m a jin\u00e9m rybolovu, kde je pot\u0159eba h\u00e1zet t\u011b\u017ek\u00e9 z\u00e1t\u011b\u017ee na dlouh\u00e9 vzd\u00e1lenosti.<\/p>\n<p>Samotn\u00fd prstov\u00fd kryt je vyroben z p\u0159\u00edrodn\u00ed k\u016f\u017ee.<\/p>\n<p>Rukavice je elastick\u00e1 a dob\u0159e sed\u00ed na ruce o velikosti L\u2013XL.<\/p>\n<p>Pro maxim\u00e1ln\u00ed pohodl\u00ed je vn\u011bj\u0161\u00ed \u010d\u00e1st rukavice ze s\u00ed\u0165oviny, kter\u00e1 zaji\u0161\u0165uje prody\u0161nost.<\/p>\n<p>Na z\u00e1p\u011bst\u00ed se rukavice pevn\u011b fixuje pomoc\u00ed p\u00e1sku, co\u017e zaji\u0161\u0165uje bezpe\u010dn\u00e9 a pohodln\u00e9 no\u0161en\u00ed.<\/p>\n\t\t<\/div>\n\t\t[\/vc_column][\/vc_row][vc_row][vc_column][vc_column_text css=&#8220;&#8220; woodmart_inline=&#8220;no&#8220; text_larger=&#8220;no&#8220;]<\/p>\n<p>[\/vc_column_text][\/vc_column][\/vc_row]<\/p>\n<\/div>","protected":false},"excerpt":{"rendered":"<p>[vc_row][vc_column][\/vc_column][\/vc_row][vc_row][vc_column][vc_column_text css=&#8220;&#8220; woodmart_inline=&#8220;no&#8220; text_larger=&#8220;no&#8220;] [\/vc_column_text][\/vc_column][\/vc_row]<\/p>\n","protected":false},"featured_media":2665,"template":"","meta":[],"product_brand":[64],"product_cat":[118],"product_tag":[],"class_list":{"0":"post-2664","1":"product","2":"type-product","3":"status-publish","4":"has-post-thumbnail","6":"product_brand-profmontaz","7":"product_cat-tasky-batohy-a-pouzdra","9":"first","10":"instock","11":"taxable","12":"shipping-taxable","13":"purchasable","14":"product-type-simple"},"_links":{"self":[{"href":"https:\/\/profmontaz.cz\/velkoobchod\/wp-json\/wp\/v2\/product\/2664","targetHints":{"allow":["GET"]}}],"collection":[{"href":"https:\/\/profmontaz.cz\/velkoobchod\/wp-json\/wp\/v2\/product"}],"about":[{"href":"https:\/\/profmontaz.cz\/velkoobchod\/wp-json\/wp\/v2\/types\/product"}],"wp:featuredmedia":[{"embeddable":true,"href":"https:\/\/profmontaz.cz\/velkoobchod\/wp-json\/wp\/v2\/media\/2665"}],"wp:attachment":[{"href":"https:\/\/profmontaz.cz\/velkoobchod\/wp-json\/wp\/v2\/media?parent=2664"}],"wp:term":[{"taxonomy":"product_brand","embeddable":true,"href":"https:\/\/profmontaz.cz\/velkoobchod\/wp-json\/wp\/v2\/product_brand?post=2664"},{"taxonomy":"product_cat","embeddable":true,"href":"https:\/\/profmontaz.cz\/velkoobchod\/wp-json\/wp\/v2\/product_cat?post=2664"},{"taxonomy":"product_tag","embeddable":true,"href":"https:\/\/profmontaz.cz\/velkoobchod\/wp-json\/wp\/v2\/product_tag?post=2664"}],"curies":[{"name":"wp","href":"https:\/\/api.w.org\/{rel}","templated":true}]}}