{"id":2666,"date":"2025-06-04T13:43:10","date_gmt":"2025-06-04T11:43:10","guid":{"rendered":"https:\/\/profmontaz.cz\/velkoobchod\/?post_type=product&#038;p=2666"},"modified":"2025-11-16T18:47:37","modified_gmt":"2025-11-16T17:47:37","slug":"naprstnik-spod-casting-oranzovy","status":"publish","type":"product","link":"https:\/\/profmontaz.cz\/velkoobchod\/produkt\/naprstnik-spod-casting-oranzovy\/","title":{"rendered":"N\u00e1prstn\u00edk Spod Casting (Oran\u017eov\u00fd)"},"content":{"rendered":"<div class=\"wpb-content-wrapper\"><p>[vc_row][vc_column]\t\t<div id=\"wd-6840317b78fe9\" class=\"wd-text-block wd-wpb reset-last-child wd-rs-6840317b78fe9 text-center vc_custom_1749037451683\">\n\t\t\t<p>Rukavice pro silov\u00e9 nahazov\u00e1n\u00ed Spod Casting \u2013 ide\u00e1ln\u00ed pro kaprov\u00fd, feederov\u00fd a dal\u0161\u00ed rybolov, kde je t\u0159eba nahazovat t\u011b\u017ek\u00e9 mont\u00e1\u017ee na dlouhou vzd\u00e1lenost.<\/p>\n<p>Prstov\u00e1 \u010d\u00e1st je vyrobena z p\u0159\u00edrodn\u00ed k\u016f\u017ee.<\/p>\n<p>Rukavice je elastick\u00e1, vhodn\u00e1 pro velikost ruky L\u2013XL.<\/p>\n<p>Pro maxim\u00e1ln\u00ed komfort je horn\u00ed \u010d\u00e1st vyrobena ze s\u00ed\u0165oviny.<\/p>\n<p>Rukavice se bezpe\u010dn\u011b upev\u0148uje na z\u00e1p\u011bst\u00ed pomoc\u00ed p\u00e1sku na such\u00fd zip.<\/p>\n\t\t<\/div>\n\t\t[\/vc_column][\/vc_row][vc_row][vc_column][vc_column_text css=&#8220;&#8220; woodmart_inline=&#8220;no&#8220; text_larger=&#8220;no&#8220;]<\/p>\n<p>[\/vc_column_text][\/vc_column][\/vc_row]<\/p>\n<\/div>","protected":false},"excerpt":{"rendered":"<p>[vc_row][vc_column][\/vc_column][\/vc_row][vc_row][vc_column][vc_column_text css=&#8220;&#8220; woodmart_inline=&#8220;no&#8220; text_larger=&#8220;no&#8220;] [\/vc_column_text][\/vc_column][\/vc_row]<\/p>\n","protected":false},"featured_media":2667,"template":"","meta":[],"product_brand":[64],"product_cat":[118],"product_tag":[],"class_list":{"0":"post-2666","1":"product","2":"type-product","3":"status-publish","4":"has-post-thumbnail","6":"product_brand-profmontaz","7":"product_cat-tasky-batohy-a-pouzdra","9":"first","10":"instock","11":"taxable","12":"shipping-taxable","13":"purchasable","14":"product-type-simple"},"_links":{"self":[{"href":"https:\/\/profmontaz.cz\/velkoobchod\/wp-json\/wp\/v2\/product\/2666","targetHints":{"allow":["GET"]}}],"collection":[{"href":"https:\/\/profmontaz.cz\/velkoobchod\/wp-json\/wp\/v2\/product"}],"about":[{"href":"https:\/\/profmontaz.cz\/velkoobchod\/wp-json\/wp\/v2\/types\/product"}],"wp:featuredmedia":[{"embeddable":true,"href":"https:\/\/profmontaz.cz\/velkoobchod\/wp-json\/wp\/v2\/media\/2667"}],"wp:attachment":[{"href":"https:\/\/profmontaz.cz\/velkoobchod\/wp-json\/wp\/v2\/media?parent=2666"}],"wp:term":[{"taxonomy":"product_brand","embeddable":true,"href":"https:\/\/profmontaz.cz\/velkoobchod\/wp-json\/wp\/v2\/product_brand?post=2666"},{"taxonomy":"product_cat","embeddable":true,"href":"https:\/\/profmontaz.cz\/velkoobchod\/wp-json\/wp\/v2\/product_cat?post=2666"},{"taxonomy":"product_tag","embeddable":true,"href":"https:\/\/profmontaz.cz\/velkoobchod\/wp-json\/wp\/v2\/product_tag?post=2666"}],"curies":[{"name":"wp","href":"https:\/\/api.w.org\/{rel}","templated":true}]}}