{"id":2676,"date":"2025-06-04T13:49:51","date_gmt":"2025-06-04T11:49:51","guid":{"rendered":"https:\/\/profmontaz.cz\/velkoobchod\/?post_type=product&#038;p=2676"},"modified":"2025-11-16T18:45:42","modified_gmt":"2025-11-16T17:45:42","slug":"naprstnik-drap-oranzovy-s-m","status":"publish","type":"product","link":"https:\/\/profmontaz.cz\/velkoobchod\/produkt\/naprstnik-drap-oranzovy-s-m\/","title":{"rendered":"N\u00e1prstn\u00edk Dr\u00e1p (Oran\u017eov\u00fd) (S-M)"},"content":{"rendered":"<div class=\"wpb-content-wrapper\"><p>[vc_row][vc_column]\t\t<div id=\"wd-684032c048d4c\" class=\"wd-text-block wd-wpb reset-last-child wd-rs-684032c048d4c text-center vc_custom_1749037763632\">\n\t\t\t<p>Prstov\u00e1 rukavice pro silov\u00e9 nahazov\u00e1n\u00ed &#8222;Dr\u00e1p&#8220; S\u2013M \u2013 ide\u00e1ln\u00ed p\u0159edev\u0161\u00edm pro kaprov\u00fd rybolov p\u0159i krmen\u00ed lovn\u00e9ho m\u00edsta spombem nebo raketou.<\/p>\n<p>Vhodn\u00e1 tak\u00e9 pro silov\u00e9 nahazov\u00e1n\u00ed t\u011b\u017ek\u00fdm olovem nebo krm\u00edtkem p\u0159i kaprov\u00e9m \u010di feederov\u00e9m rybolovu.<\/p>\n<p>Pou\u017eit\u00ed rukavice se doporu\u010duje ji\u017e od z\u00e1t\u011b\u017ee 50 g, spolehliv\u011b chr\u00e1n\u00ed prst p\u0159ed zran\u011bn\u00edm p\u0159i n\u00e1hozu.<\/p>\n<p>Prstov\u00e1 \u010d\u00e1st je vyrobena z prav\u00e9 k\u016f\u017ee, rukavice m\u00e1 elastick\u00e9 vlo\u017eky, dob\u0159e sed\u00ed na ruku velikosti S\u2013M.<\/p>\n<p>Pro maxim\u00e1ln\u00ed pohodl\u00ed a ventilaci je \u0161pi\u010dka prstu otev\u0159en\u00e1, horn\u00ed \u010d\u00e1st rukavice tvo\u0159\u00ed prody\u0161n\u00e1 s\u00ed\u0165ovina.<\/p>\n<p>Na z\u00e1p\u011bst\u00ed se rukavice pevn\u011b upev\u0148uje pomoc\u00ed such\u00e9ho zipu.<\/p>\n\t\t<\/div>\n\t\t[\/vc_column][\/vc_row][vc_row][vc_column][vc_column_text css=&#8220;&#8220; woodmart_inline=&#8220;no&#8220; text_larger=&#8220;no&#8220;]<\/p>\n<p>[\/vc_column_text][\/vc_column][\/vc_row]<\/p>\n<\/div>","protected":false},"excerpt":{"rendered":"<p>[vc_row][vc_column][\/vc_column][\/vc_row][vc_row][vc_column][vc_column_text css=&#8220;&#8220; woodmart_inline=&#8220;no&#8220; text_larger=&#8220;no&#8220;] [\/vc_column_text][\/vc_column][\/vc_row]<\/p>\n","protected":false},"featured_media":2677,"template":"","meta":[],"product_brand":[64],"product_cat":[118],"product_tag":[],"class_list":{"0":"post-2676","1":"product","2":"type-product","3":"status-publish","4":"has-post-thumbnail","6":"product_brand-profmontaz","7":"product_cat-tasky-batohy-a-pouzdra","9":"first","10":"instock","11":"taxable","12":"shipping-taxable","13":"purchasable","14":"product-type-simple"},"_links":{"self":[{"href":"https:\/\/profmontaz.cz\/velkoobchod\/wp-json\/wp\/v2\/product\/2676","targetHints":{"allow":["GET"]}}],"collection":[{"href":"https:\/\/profmontaz.cz\/velkoobchod\/wp-json\/wp\/v2\/product"}],"about":[{"href":"https:\/\/profmontaz.cz\/velkoobchod\/wp-json\/wp\/v2\/types\/product"}],"wp:featuredmedia":[{"embeddable":true,"href":"https:\/\/profmontaz.cz\/velkoobchod\/wp-json\/wp\/v2\/media\/2677"}],"wp:attachment":[{"href":"https:\/\/profmontaz.cz\/velkoobchod\/wp-json\/wp\/v2\/media?parent=2676"}],"wp:term":[{"taxonomy":"product_brand","embeddable":true,"href":"https:\/\/profmontaz.cz\/velkoobchod\/wp-json\/wp\/v2\/product_brand?post=2676"},{"taxonomy":"product_cat","embeddable":true,"href":"https:\/\/profmontaz.cz\/velkoobchod\/wp-json\/wp\/v2\/product_cat?post=2676"},{"taxonomy":"product_tag","embeddable":true,"href":"https:\/\/profmontaz.cz\/velkoobchod\/wp-json\/wp\/v2\/product_tag?post=2676"}],"curies":[{"name":"wp","href":"https:\/\/api.w.org\/{rel}","templated":true}]}}