{"id":2678,"date":"2025-06-04T13:50:37","date_gmt":"2025-06-04T11:50:37","guid":{"rendered":"https:\/\/profmontaz.cz\/velkoobchod\/?post_type=product&#038;p=2678"},"modified":"2025-11-16T18:45:11","modified_gmt":"2025-11-16T17:45:11","slug":"naprstnik-drap-oranzovy-l-xl","status":"publish","type":"product","link":"https:\/\/profmontaz.cz\/velkoobchod\/produkt\/naprstnik-drap-oranzovy-l-xl\/","title":{"rendered":"N\u00e1prstn\u00edk Dr\u00e1p (Oran\u017eov\u00fd) (L-XL)"},"content":{"rendered":"<div class=\"wpb-content-wrapper\"><p>[vc_row][vc_column]\t\t<div id=\"wd-6840333af1518\" class=\"wd-text-block wd-wpb reset-last-child wd-rs-6840333af1518 text-center vc_custom_1749037886099\">\n\t\t\t<p>Prstov\u00e1 rukavice pro silov\u00e9 nahazov\u00e1n\u00ed &#8222;Dr\u00e1p&#8220; L\u2013XL \u2013 prim\u00e1rn\u011b ur\u010dena pro kaprov\u00fd rybolov p\u0159i krmen\u00ed lovn\u00e9ho m\u00edsta spombem nebo raketou.<\/p>\n<p>Vhodn\u00e1 tak\u00e9 pro d\u00e1lkov\u00e9, silov\u00e9 nahazov\u00e1n\u00ed t\u011b\u017ek\u00fdmi olovy nebo krm\u00edtky p\u0159i kaprov\u00e9m \u010di feederov\u00e9m rybolovu.<\/p>\n<p>Pou\u017eit\u00ed se doporu\u010duje od hmotnosti 50 g, rukavice spolehliv\u011b chr\u00e1n\u00ed prst p\u0159ed zran\u011bn\u00edm b\u011bhem n\u00e1hozu.<\/p>\n<p>Prstov\u00e1 \u010d\u00e1st je z prav\u00e9 k\u016f\u017ee, elastick\u00e9 vlo\u017eky zaji\u0161\u0165uj\u00ed v\u00fdborn\u00e9 p\u0159izp\u016fsoben\u00ed ruce velikosti L\u2013XL.<\/p>\n<p>Pro maxim\u00e1ln\u00ed pohodl\u00ed a ventilaci m\u00e1 prstov\u00e1 \u010d\u00e1st otvor na \u0161pi\u010dce, vrchn\u00ed \u010d\u00e1st je ze s\u00ed\u0165oviny.<\/p>\n<p>Na z\u00e1p\u011bst\u00ed se rukavice pevn\u011b p\u0159ipev\u0148uje pomoc\u00ed such\u00e9ho zipu.<\/p>\n\t\t<\/div>\n\t\t[\/vc_column][\/vc_row][vc_row][vc_column][vc_column_text css=&#8220;&#8220; woodmart_inline=&#8220;no&#8220; text_larger=&#8220;no&#8220;]<\/p>\n<p>[\/vc_column_text][\/vc_column][\/vc_row]<\/p>\n<\/div>","protected":false},"excerpt":{"rendered":"<p>[vc_row][vc_column][\/vc_column][\/vc_row][vc_row][vc_column][vc_column_text css=&#8220;&#8220; woodmart_inline=&#8220;no&#8220; text_larger=&#8220;no&#8220;] [\/vc_column_text][\/vc_column][\/vc_row]<\/p>\n","protected":false},"featured_media":2677,"template":"","meta":[],"product_brand":[64],"product_cat":[118],"product_tag":[],"class_list":{"0":"post-2678","1":"product","2":"type-product","3":"status-publish","4":"has-post-thumbnail","6":"product_brand-profmontaz","7":"product_cat-tasky-batohy-a-pouzdra","9":"first","10":"instock","11":"taxable","12":"shipping-taxable","13":"purchasable","14":"product-type-simple"},"_links":{"self":[{"href":"https:\/\/profmontaz.cz\/velkoobchod\/wp-json\/wp\/v2\/product\/2678","targetHints":{"allow":["GET"]}}],"collection":[{"href":"https:\/\/profmontaz.cz\/velkoobchod\/wp-json\/wp\/v2\/product"}],"about":[{"href":"https:\/\/profmontaz.cz\/velkoobchod\/wp-json\/wp\/v2\/types\/product"}],"wp:featuredmedia":[{"embeddable":true,"href":"https:\/\/profmontaz.cz\/velkoobchod\/wp-json\/wp\/v2\/media\/2677"}],"wp:attachment":[{"href":"https:\/\/profmontaz.cz\/velkoobchod\/wp-json\/wp\/v2\/media?parent=2678"}],"wp:term":[{"taxonomy":"product_brand","embeddable":true,"href":"https:\/\/profmontaz.cz\/velkoobchod\/wp-json\/wp\/v2\/product_brand?post=2678"},{"taxonomy":"product_cat","embeddable":true,"href":"https:\/\/profmontaz.cz\/velkoobchod\/wp-json\/wp\/v2\/product_cat?post=2678"},{"taxonomy":"product_tag","embeddable":true,"href":"https:\/\/profmontaz.cz\/velkoobchod\/wp-json\/wp\/v2\/product_tag?post=2678"}],"curies":[{"name":"wp","href":"https:\/\/api.w.org\/{rel}","templated":true}]}}