{"id":2679,"date":"2025-06-04T13:51:47","date_gmt":"2025-06-04T11:51:47","guid":{"rendered":"https:\/\/profmontaz.cz\/velkoobchod\/?post_type=product&#038;p=2679"},"modified":"2025-11-16T19:42:25","modified_gmt":"2025-11-16T18:42:25","slug":"taska-pouzdro-na-vezirek-net-case-55%d1%8555%d1%8517%d1%81m","status":"publish","type":"product","link":"https:\/\/profmontaz.cz\/velkoobchod\/produkt\/taska-pouzdro-na-vezirek-net-case-55%d1%8555%d1%8517%d1%81m\/","title":{"rendered":"Ta\u0161ka Pouzdro na vez\u00edrek Net Case (55\u044555\u044517\u0441m)"},"content":{"rendered":"<div class=\"wpb-content-wrapper\"><p>[vc_row][vc_column]\t\t<div id=\"wd-684033b234793\" class=\"wd-text-block wd-wpb reset-last-child wd-rs-684033b234793 text-center vc_custom_1749038005180\">\n\t\t\t<p>Ta\u0161ka\u2013obal m\u00e1 rozm\u011bry 55\u00d755\u00d717 cm, proto se do n\u00ed snadno vejde v\u011bt\u0161ina popul\u00e1rn\u00edch vez\u00edrk\u016f pro rybolov. V ta\u0161ce jsou 2 odd\u00edly: jeden hlubok\u00fd s vnit\u0159n\u00edm rozm\u011brem 53\u00d753\u00d713 cm, kter\u00fd se nejl\u00e9pe hod\u00ed pro ulo\u017een\u00ed vez\u00edrku, a druh\u00fd odd\u00edl o rozm\u011brech 53\u00d753\u00d74 cm, kter\u00fd je ide\u00e1ln\u00ed pro hlavu podb\u011br\u00e1ku.<\/p>\n<p>Krom\u011b toho je na vn\u011bj\u0161\u00ed stran\u011b kapsa o d\u00e9lce 64 cm pro ulo\u017een\u00ed kol\u00edku k vez\u00edrku.<\/p>\n<p>Ta\u0161ka je vyrobena z odoln\u00e9 tkaniny Oxford 600D, kter\u00e1 se vyzna\u010duje pevnost\u00ed a vodoodpudiv\u00fdm efektem. Vnit\u0159n\u00ed pod\u0161\u00edvka je zpevn\u011bn\u00e1.<\/p>\n<p>Pro pohodlnou p\u0159epravu jsou k dispozici \u00fachyty na p\u0159en\u00e1\u0161en\u00ed.<\/p>\n<p>Materi\u00e1l: pevn\u00e1 a spolehliv\u00e1 tkanina Oxford 600D<\/p>\n<p>Rozm\u011bry ta\u0161ky: 55\u00d755\u00d717 cm<\/p>\n\t\t<\/div>\n\t\t[\/vc_column][\/vc_row][vc_row][vc_column][vc_column_text css=&#8220;&#8220; woodmart_inline=&#8220;no&#8220; text_larger=&#8220;no&#8220;]<\/p>\n<p>[\/vc_column_text][\/vc_column][\/vc_row]<\/p>\n<\/div>","protected":false},"excerpt":{"rendered":"<p>[vc_row][vc_column][\/vc_column][\/vc_row][vc_row][vc_column][vc_column_text css=&#8220;&#8220; woodmart_inline=&#8220;no&#8220; text_larger=&#8220;no&#8220;] [\/vc_column_text][\/vc_column][\/vc_row]<\/p>\n","protected":false},"featured_media":2680,"template":"","meta":[],"product_brand":[64],"product_cat":[118],"product_tag":[],"class_list":{"0":"post-2679","1":"product","2":"type-product","3":"status-publish","4":"has-post-thumbnail","6":"product_brand-profmontaz","7":"product_cat-tasky-batohy-a-pouzdra","9":"first","10":"instock","11":"taxable","12":"shipping-taxable","13":"purchasable","14":"product-type-simple"},"_links":{"self":[{"href":"https:\/\/profmontaz.cz\/velkoobchod\/wp-json\/wp\/v2\/product\/2679","targetHints":{"allow":["GET"]}}],"collection":[{"href":"https:\/\/profmontaz.cz\/velkoobchod\/wp-json\/wp\/v2\/product"}],"about":[{"href":"https:\/\/profmontaz.cz\/velkoobchod\/wp-json\/wp\/v2\/types\/product"}],"wp:featuredmedia":[{"embeddable":true,"href":"https:\/\/profmontaz.cz\/velkoobchod\/wp-json\/wp\/v2\/media\/2680"}],"wp:attachment":[{"href":"https:\/\/profmontaz.cz\/velkoobchod\/wp-json\/wp\/v2\/media?parent=2679"}],"wp:term":[{"taxonomy":"product_brand","embeddable":true,"href":"https:\/\/profmontaz.cz\/velkoobchod\/wp-json\/wp\/v2\/product_brand?post=2679"},{"taxonomy":"product_cat","embeddable":true,"href":"https:\/\/profmontaz.cz\/velkoobchod\/wp-json\/wp\/v2\/product_cat?post=2679"},{"taxonomy":"product_tag","embeddable":true,"href":"https:\/\/profmontaz.cz\/velkoobchod\/wp-json\/wp\/v2\/product_tag?post=2679"}],"curies":[{"name":"wp","href":"https:\/\/api.w.org\/{rel}","templated":true}]}}