{"id":2681,"date":"2025-06-04T13:53:58","date_gmt":"2025-06-04T11:53:58","guid":{"rendered":"https:\/\/profmontaz.cz\/velkoobchod\/?post_type=product&#038;p=2681"},"modified":"2025-11-16T18:40:28","modified_gmt":"2025-11-16T17:40:28","slug":"carp-sak-se-zipem-106%d1%8570%d1%81m","status":"publish","type":"product","link":"https:\/\/profmontaz.cz\/velkoobchod\/produkt\/carp-sak-se-zipem-106%d1%8570%d1%81m\/","title":{"rendered":"Carp Sak se zipem 106\u044570\u0441m"},"content":{"rendered":"<div class=\"wpb-content-wrapper\"><p>[vc_row][vc_column]\t\t<div id=\"wd-6840340966eb3\" class=\"wd-text-block wd-wpb reset-last-child wd-rs-6840340966eb3 text-center vc_custom_1749038092718\">\n\t\t\t<p>Kaprov\u00fd vak od spole\u010dnosti ProfMontazh \u2013 ide\u00e1ln\u00ed volba pro uchov\u00e1v\u00e1n\u00ed a v\u00e1\u017een\u00ed kapr\u016f. Je vyroben z m\u011bkk\u00e9ho, ale z\u00e1rove\u0148 pevn\u00e9ho materi\u00e1lu, kter\u00fd nepo\u0161kozuje rybu. D\u00edky speci\u00e1ln\u00ed perforaci je zaji\u0161t\u011bna \u00fa\u010dinn\u00e1 cirkulace kysl\u00edku a vody, co\u017e p\u0159isp\u00edv\u00e1 k pohodln\u00e9mu pobytu ryby ve vaku.<\/p>\n<p>Tento vak se vyzna\u010duje vysokou odolnost\u00ed a snadno unese i velk\u00e9 \u00falovky. Z\u00e1rove\u0148 je snadn\u00fd na \u00fadr\u017ebu \u2013 lehce se \u010dist\u00ed a rychle schne.<\/p>\n<p>Je vybaven spolehliv\u00fdm zipem s pevn\u00fdm jezdcem, kter\u00fd zaru\u010duje bezpe\u010dnost va\u0161eho \u00falovku i pohodln\u00e9 pou\u017e\u00edv\u00e1n\u00ed.<\/p>\n\t\t<\/div>\n\t\t[\/vc_column][\/vc_row][vc_row][vc_column][vc_column_text css=&#8220;&#8220; woodmart_inline=&#8220;no&#8220; text_larger=&#8220;no&#8220;]<\/p>\n<p>[\/vc_column_text][\/vc_column][\/vc_row]<\/p>\n<\/div>","protected":false},"excerpt":{"rendered":"<p>[vc_row][vc_column][\/vc_column][\/vc_row][vc_row][vc_column][vc_column_text css=&#8220;&#8220; woodmart_inline=&#8220;no&#8220; text_larger=&#8220;no&#8220;] [\/vc_column_text][\/vc_column][\/vc_row]<\/p>\n","protected":false},"featured_media":2682,"template":"","meta":[],"product_brand":[64],"product_cat":[118],"product_tag":[],"class_list":{"0":"post-2681","1":"product","2":"type-product","3":"status-publish","4":"has-post-thumbnail","6":"product_brand-profmontaz","7":"product_cat-tasky-batohy-a-pouzdra","9":"first","10":"instock","11":"taxable","12":"shipping-taxable","13":"purchasable","14":"product-type-simple"},"_links":{"self":[{"href":"https:\/\/profmontaz.cz\/velkoobchod\/wp-json\/wp\/v2\/product\/2681","targetHints":{"allow":["GET"]}}],"collection":[{"href":"https:\/\/profmontaz.cz\/velkoobchod\/wp-json\/wp\/v2\/product"}],"about":[{"href":"https:\/\/profmontaz.cz\/velkoobchod\/wp-json\/wp\/v2\/types\/product"}],"wp:featuredmedia":[{"embeddable":true,"href":"https:\/\/profmontaz.cz\/velkoobchod\/wp-json\/wp\/v2\/media\/2682"}],"wp:attachment":[{"href":"https:\/\/profmontaz.cz\/velkoobchod\/wp-json\/wp\/v2\/media?parent=2681"}],"wp:term":[{"taxonomy":"product_brand","embeddable":true,"href":"https:\/\/profmontaz.cz\/velkoobchod\/wp-json\/wp\/v2\/product_brand?post=2681"},{"taxonomy":"product_cat","embeddable":true,"href":"https:\/\/profmontaz.cz\/velkoobchod\/wp-json\/wp\/v2\/product_cat?post=2681"},{"taxonomy":"product_tag","embeddable":true,"href":"https:\/\/profmontaz.cz\/velkoobchod\/wp-json\/wp\/v2\/product_tag?post=2681"}],"curies":[{"name":"wp","href":"https:\/\/api.w.org\/{rel}","templated":true}]}}