{"id":2683,"date":"2025-06-04T13:55:18","date_gmt":"2025-06-04T11:55:18","guid":{"rendered":"https:\/\/profmontaz.cz\/velkoobchod\/?post_type=product&#038;p=2683"},"modified":"2025-11-16T19:44:02","modified_gmt":"2025-11-16T18:44:02","slug":"univerzalni-taska-50%d1%8525%d1%8523%d1%81m-2-kapsy-19%d1%8520%d1%859%d1%81m","status":"publish","type":"product","link":"https:\/\/profmontaz.cz\/velkoobchod\/produkt\/univerzalni-taska-50%d1%8525%d1%8523%d1%81m-2-kapsy-19%d1%8520%d1%859%d1%81m\/","title":{"rendered":"Univerz\u00e1ln\u00ed ta\u0161ka 50\u044525\u044523\u0441m (2 kapsy 19\u044520\u04459\u0441m)"},"content":{"rendered":"<div class=\"wpb-content-wrapper\"><p>[vc_row][vc_column]\t\t<div id=\"wd-68403456a355b\" class=\"wd-text-block wd-wpb reset-last-child wd-rs-68403456a355b text-center vc_custom_1749038170801\">\n\t\t\t<p>Velk\u00e1 univerz\u00e1ln\u00ed ryb\u00e1\u0159sk\u00e1 ta\u0161ka Fishing Bag 2 je vyrobena z odoln\u00e9 a pevn\u00e9 tkaniny PVC OXFORD D600 s pod\u0161\u00edvkou D75. Ta\u0161ka je velmi prostorn\u00e1 a objemn\u00e1. Skv\u011ble se hod\u00ed pro kapra\u0159inu \u2013 umo\u017e\u0148uje ergonomick\u00e9 ulo\u017een\u00ed n\u00e1vnad, booster\u016f, n\u00e1strah, krabi\u010dek s hotov\u00fdmi mont\u00e1\u017eemi, r\u016fzn\u00e9ho p\u0159\u00edslu\u0161enstv\u00ed, a drobnosti lze ulo\u017eit do prostorn\u00fdch kapes.<\/p>\n<p>Ta\u0161ka je rovn\u011b\u017e vhodn\u00e1 i pro p\u0159\u00edvla\u010d, pevn\u00e1 dr\u017eadla a ramenn\u00ed popruh umo\u017e\u0148uj\u00ed pohodln\u00e9 no\u0161en\u00ed pod\u00e9l b\u0159ehu.<\/p>\n<p>Bez probl\u00e9m\u016f pojme 3\u20134 v\u011bt\u0161\u00ed krabi\u010dky s n\u00e1strahami, termosku i sva\u010dinu.<\/p>\n<p>Pokud jste fanou\u0161kem zimn\u00edho rybolovu na \u017eerli\u010dky, do Fishing Bag 2 se bez pot\u00ed\u017e\u00ed vejde a\u017e 40 \u017eerli\u010dek v \u010d\u00e1ste\u010dn\u011b rozlo\u017een\u00e9m stavu.<\/p>\n<p>Pro v\u011bt\u0161\u00ed pohodl\u00ed je ta\u0161ka dod\u00e1v\u00e1na s obalem na vlaje\u010dky.<\/p>\n<p>Rozm\u011bry ta\u0161ky: 50\u00d725\u00d723 cm<\/p>\n<p>Rozm\u011bry kapes: 19\u00d720\u00d79 cm<\/p>\n\t\t<\/div>\n\t\t[\/vc_column][\/vc_row][vc_row][vc_column][vc_column_text css=&#8220;&#8220; woodmart_inline=&#8220;no&#8220; text_larger=&#8220;no&#8220;]<\/p>\n<p>[\/vc_column_text][\/vc_column][\/vc_row]<\/p>\n<\/div>","protected":false},"excerpt":{"rendered":"<p>[vc_row][vc_column][\/vc_column][\/vc_row][vc_row][vc_column][vc_column_text css=&#8220;&#8220; woodmart_inline=&#8220;no&#8220; text_larger=&#8220;no&#8220;] [\/vc_column_text][\/vc_column][\/vc_row]<\/p>\n","protected":false},"featured_media":2684,"template":"","meta":[],"product_brand":[64],"product_cat":[118],"product_tag":[],"class_list":{"0":"post-2683","1":"product","2":"type-product","3":"status-publish","4":"has-post-thumbnail","6":"product_brand-profmontaz","7":"product_cat-tasky-batohy-a-pouzdra","9":"first","10":"instock","11":"taxable","12":"shipping-taxable","13":"purchasable","14":"product-type-simple"},"_links":{"self":[{"href":"https:\/\/profmontaz.cz\/velkoobchod\/wp-json\/wp\/v2\/product\/2683","targetHints":{"allow":["GET"]}}],"collection":[{"href":"https:\/\/profmontaz.cz\/velkoobchod\/wp-json\/wp\/v2\/product"}],"about":[{"href":"https:\/\/profmontaz.cz\/velkoobchod\/wp-json\/wp\/v2\/types\/product"}],"wp:featuredmedia":[{"embeddable":true,"href":"https:\/\/profmontaz.cz\/velkoobchod\/wp-json\/wp\/v2\/media\/2684"}],"wp:attachment":[{"href":"https:\/\/profmontaz.cz\/velkoobchod\/wp-json\/wp\/v2\/media?parent=2683"}],"wp:term":[{"taxonomy":"product_brand","embeddable":true,"href":"https:\/\/profmontaz.cz\/velkoobchod\/wp-json\/wp\/v2\/product_brand?post=2683"},{"taxonomy":"product_cat","embeddable":true,"href":"https:\/\/profmontaz.cz\/velkoobchod\/wp-json\/wp\/v2\/product_cat?post=2683"},{"taxonomy":"product_tag","embeddable":true,"href":"https:\/\/profmontaz.cz\/velkoobchod\/wp-json\/wp\/v2\/product_tag?post=2683"}],"curies":[{"name":"wp","href":"https:\/\/api.w.org\/{rel}","templated":true}]}}