{"id":2689,"date":"2025-06-04T14:23:32","date_gmt":"2025-06-04T12:23:32","guid":{"rendered":"https:\/\/profmontaz.cz\/velkoobchod\/?post_type=product&#038;p=2689"},"modified":"2025-11-16T18:31:11","modified_gmt":"2025-11-16T17:31:11","slug":"zaveska-power-safety-clip","status":"publish","type":"product","link":"https:\/\/profmontaz.cz\/velkoobchod\/produkt\/zaveska-power-safety-clip\/","title":{"rendered":"Z\u00e1v\u011bska Power Safety Clip"},"content":{"rendered":"<div class=\"wpb-content-wrapper\"><p>[vc_row][vc_column]\t\t<div id=\"wd-68403b0a5c24c\" class=\"wd-text-block wd-wpb reset-last-child wd-rs-68403b0a5c24c text-center vc_custom_1749039885291\">\n\t\t\t<p>Bezpe\u010dnostn\u00ed klip zes\u00edlen\u00fd (5 ks) \u2013 m\u00e1 \u0161irok\u00e9 vyu\u017eit\u00ed v kaprov\u00fdch mont\u00e1\u017e\u00edch, umo\u017e\u0148uje p\u0159esn\u00e9 a dalek\u00e9 n\u00e1hozy.<\/p>\n<p>D\u00edky bezpe\u010dnostn\u00edmu klipu lze snadno m\u011bnit hmotnost a typ olova b\u011bhem rybolovu.<\/p>\n<p>Tento typ mont\u00e1\u017ee se b\u011b\u017en\u011b pou\u017e\u00edv\u00e1 v n\u00e1ro\u010dn\u00fdch podm\u00ednk\u00e1ch, nap\u0159\u00edklad kdy\u017e se olovo zasekne mezi kameny nebo ve v\u011btv\u00edch \u2013 hlavn\u00ed sestava se snadno uvoln\u00ed a umo\u017en\u00ed pokra\u010dovat ve zdol\u00e1v\u00e1n\u00ed \u00falovku.<\/p>\n<p>Maskovac\u00ed barva &#8222;Camo&#8220; neru\u0161\u00ed ryby a dob\u0159e spl\u00fdv\u00e1 s dnem vodn\u00ed plochy.<\/p>\n\t\t<\/div>\n\t\t[\/vc_column][\/vc_row][vc_row][vc_column][vc_column_text css=&#8220;&#8220; woodmart_inline=&#8220;no&#8220; text_larger=&#8220;no&#8220;]<\/p>\n<p>[\/vc_column_text][\/vc_column][\/vc_row]<\/p>\n<\/div>","protected":false},"excerpt":{"rendered":"<p>[vc_row][vc_column][\/vc_column][\/vc_row][vc_row][vc_column][vc_column_text css=&#8220;&#8220; woodmart_inline=&#8220;no&#8220; text_larger=&#8220;no&#8220;] [\/vc_column_text][\/vc_column][\/vc_row]<\/p>\n","protected":false},"featured_media":2690,"template":"","meta":[],"product_brand":[64],"product_cat":[119],"product_tag":[],"class_list":{"0":"post-2689","1":"product","2":"type-product","3":"status-publish","4":"has-post-thumbnail","6":"product_brand-profmontaz","7":"product_cat-drobna-bizuterie","9":"first","10":"instock","11":"taxable","12":"shipping-taxable","13":"purchasable","14":"product-type-simple"},"_links":{"self":[{"href":"https:\/\/profmontaz.cz\/velkoobchod\/wp-json\/wp\/v2\/product\/2689","targetHints":{"allow":["GET"]}}],"collection":[{"href":"https:\/\/profmontaz.cz\/velkoobchod\/wp-json\/wp\/v2\/product"}],"about":[{"href":"https:\/\/profmontaz.cz\/velkoobchod\/wp-json\/wp\/v2\/types\/product"}],"wp:featuredmedia":[{"embeddable":true,"href":"https:\/\/profmontaz.cz\/velkoobchod\/wp-json\/wp\/v2\/media\/2690"}],"wp:attachment":[{"href":"https:\/\/profmontaz.cz\/velkoobchod\/wp-json\/wp\/v2\/media?parent=2689"}],"wp:term":[{"taxonomy":"product_brand","embeddable":true,"href":"https:\/\/profmontaz.cz\/velkoobchod\/wp-json\/wp\/v2\/product_brand?post=2689"},{"taxonomy":"product_cat","embeddable":true,"href":"https:\/\/profmontaz.cz\/velkoobchod\/wp-json\/wp\/v2\/product_cat?post=2689"},{"taxonomy":"product_tag","embeddable":true,"href":"https:\/\/profmontaz.cz\/velkoobchod\/wp-json\/wp\/v2\/product_tag?post=2689"}],"curies":[{"name":"wp","href":"https:\/\/api.w.org\/{rel}","templated":true}]}}