{"id":2693,"date":"2025-06-04T14:31:21","date_gmt":"2025-06-04T12:31:21","guid":{"rendered":"https:\/\/profmontaz.cz\/velkoobchod\/?post_type=product&#038;p=2693"},"modified":"2025-11-16T18:11:39","modified_gmt":"2025-11-16T17:11:39","slug":"smrstovaci-hadicka-cira-2mm-d5%d1%81m-10ks","status":"publish","type":"product","link":"https:\/\/profmontaz.cz\/velkoobchod\/produkt\/smrstovaci-hadicka-cira-2mm-d5%d1%81m-10ks\/","title":{"rendered":"Smr\u0161\u0165ovac\u00ed hadi\u010dka \u010dir\u00e1 2mm. D:5\u0441m."},"content":{"rendered":"<div class=\"wpb-content-wrapper\"><p>[vc_row][vc_column]\t\t<div id=\"wd-68403cc67b4a9\" class=\"wd-text-block wd-wpb reset-last-child wd-rs-68403cc67b4a9 text-center vc_custom_1749040328951\">\n\t\t\t<p>Smyr\u0161\u0165ovac\u00ed trubi\u010dka pr\u016fhledn\u00e1 D-2 mm, L-5 cm (10 ks) \u2013 ur\u010den\u00e1 k fixaci uzl\u016f a spoj\u016f, \u0161iroce se pou\u017e\u00edv\u00e1 p\u0159i v\u00e1z\u00e1n\u00ed vlasov\u00fdch mont\u00e1\u017e\u00ed, kde vytv\u00e1\u0159\u00ed ochrannou bu\u017e\u00edrku na h\u00e1\u010dku a spr\u00e1vn\u011b ho orientuje.<\/p>\n<p>Trubi\u010dka je vyrobena z kvalitn\u00edho m\u011bkk\u00e9ho materi\u00e1lu, matn\u011b pr\u016fhledn\u00e1 barva nevytv\u00e1\u0159\u00ed odlesky a nepla\u0161\u00ed ryby.<\/p>\n\t\t<\/div>\n\t\t[\/vc_column][\/vc_row][vc_row][vc_column][vc_column_text css=&#8220;&#8220; woodmart_inline=&#8220;no&#8220; text_larger=&#8220;no&#8220;]<\/p>\n<p>[\/vc_column_text][\/vc_column][\/vc_row]<\/p>\n<\/div>","protected":false},"excerpt":{"rendered":"<p>[vc_row][vc_column][\/vc_column][\/vc_row][vc_row][vc_column][vc_column_text css=&#8220;&#8220; woodmart_inline=&#8220;no&#8220; text_larger=&#8220;no&#8220;] [\/vc_column_text][\/vc_column][\/vc_row]<\/p>\n","protected":false},"featured_media":2694,"template":"","meta":[],"product_brand":[64],"product_cat":[119],"product_tag":[],"class_list":{"0":"post-2693","1":"product","2":"type-product","3":"status-publish","4":"has-post-thumbnail","6":"product_brand-profmontaz","7":"product_cat-drobna-bizuterie","9":"first","10":"instock","11":"taxable","12":"shipping-taxable","13":"purchasable","14":"product-type-simple"},"_links":{"self":[{"href":"https:\/\/profmontaz.cz\/velkoobchod\/wp-json\/wp\/v2\/product\/2693","targetHints":{"allow":["GET"]}}],"collection":[{"href":"https:\/\/profmontaz.cz\/velkoobchod\/wp-json\/wp\/v2\/product"}],"about":[{"href":"https:\/\/profmontaz.cz\/velkoobchod\/wp-json\/wp\/v2\/types\/product"}],"wp:featuredmedia":[{"embeddable":true,"href":"https:\/\/profmontaz.cz\/velkoobchod\/wp-json\/wp\/v2\/media\/2694"}],"wp:attachment":[{"href":"https:\/\/profmontaz.cz\/velkoobchod\/wp-json\/wp\/v2\/media?parent=2693"}],"wp:term":[{"taxonomy":"product_brand","embeddable":true,"href":"https:\/\/profmontaz.cz\/velkoobchod\/wp-json\/wp\/v2\/product_brand?post=2693"},{"taxonomy":"product_cat","embeddable":true,"href":"https:\/\/profmontaz.cz\/velkoobchod\/wp-json\/wp\/v2\/product_cat?post=2693"},{"taxonomy":"product_tag","embeddable":true,"href":"https:\/\/profmontaz.cz\/velkoobchod\/wp-json\/wp\/v2\/product_tag?post=2693"}],"curies":[{"name":"wp","href":"https:\/\/api.w.org\/{rel}","templated":true}]}}