{"id":2709,"date":"2025-06-04T14:42:48","date_gmt":"2025-06-04T12:42:48","guid":{"rendered":"https:\/\/profmontaz.cz\/velkoobchod\/?post_type=product&#038;p=2709"},"modified":"2025-11-16T18:04:28","modified_gmt":"2025-11-16T17:04:28","slug":"rychlovymenny-obratlik-quick-change-for-helicopter","status":"publish","type":"product","link":"https:\/\/profmontaz.cz\/velkoobchod\/produkt\/rychlovymenny-obratlik-quick-change-for-helicopter\/","title":{"rendered":"Rychlov\u00fdm\u011bnn\u00fd Obratl\u00edk Quick Change For Helicopter"},"content":{"rendered":"<div class=\"wpb-content-wrapper\"><p>[vc_row][vc_column]\t\t<div id=\"wd-68403f7400097\" class=\"wd-text-block wd-wpb reset-last-child wd-rs-68403f7400097 text-center vc_custom_1749041014219\">\n\t\t\t<p>Rychlov\u00fdm\u011bnn\u00fd obratl\u00edk pro helikopt\u00e9ru (10 ks) \u2013 vyroben z vysoce kvalitn\u00ed oceli, m\u00e1 PTFE povrchovou \u00fapravu, kter\u00e1 chr\u00e1n\u00ed proti korozi a neodr\u00e1\u017e\u00ed sv\u011btlo. Ur\u010den pro rychlou v\u00fdm\u011bnu n\u00e1vazc\u016f, pou\u017e\u00edv\u00e1 se spolu s gumov\u00fdm odklonem. D\u00edky zv\u011bt\u0161en\u00e9mu pr\u016fm\u011bru o\u010dka voln\u011b klou\u017ee po olov\u011bnce, nezadrh\u00e1v\u00e1 se a nezamot\u00e1v\u00e1 se.<\/p>\n\t\t<\/div>\n\t\t[\/vc_column][\/vc_row][vc_row][vc_column][vc_column_text css=&#8220;&#8220; woodmart_inline=&#8220;no&#8220; text_larger=&#8220;no&#8220;]<\/p>\n<p>[\/vc_column_text][\/vc_column][\/vc_row]<\/p>\n<\/div>","protected":false},"excerpt":{"rendered":"<p>[vc_row][vc_column][\/vc_column][\/vc_row][vc_row][vc_column][vc_column_text css=&#8220;&#8220; woodmart_inline=&#8220;no&#8220; text_larger=&#8220;no&#8220;] [\/vc_column_text][\/vc_column][\/vc_row]<\/p>\n","protected":false},"featured_media":2710,"template":"","meta":[],"product_brand":[64],"product_cat":[119],"product_tag":[],"class_list":{"0":"post-2709","1":"product","2":"type-product","3":"status-publish","4":"has-post-thumbnail","6":"product_brand-profmontaz","7":"product_cat-drobna-bizuterie","9":"first","10":"instock","11":"taxable","12":"shipping-taxable","13":"purchasable","14":"product-type-simple"},"_links":{"self":[{"href":"https:\/\/profmontaz.cz\/velkoobchod\/wp-json\/wp\/v2\/product\/2709","targetHints":{"allow":["GET"]}}],"collection":[{"href":"https:\/\/profmontaz.cz\/velkoobchod\/wp-json\/wp\/v2\/product"}],"about":[{"href":"https:\/\/profmontaz.cz\/velkoobchod\/wp-json\/wp\/v2\/types\/product"}],"wp:featuredmedia":[{"embeddable":true,"href":"https:\/\/profmontaz.cz\/velkoobchod\/wp-json\/wp\/v2\/media\/2710"}],"wp:attachment":[{"href":"https:\/\/profmontaz.cz\/velkoobchod\/wp-json\/wp\/v2\/media?parent=2709"}],"wp:term":[{"taxonomy":"product_brand","embeddable":true,"href":"https:\/\/profmontaz.cz\/velkoobchod\/wp-json\/wp\/v2\/product_brand?post=2709"},{"taxonomy":"product_cat","embeddable":true,"href":"https:\/\/profmontaz.cz\/velkoobchod\/wp-json\/wp\/v2\/product_cat?post=2709"},{"taxonomy":"product_tag","embeddable":true,"href":"https:\/\/profmontaz.cz\/velkoobchod\/wp-json\/wp\/v2\/product_tag?post=2709"}],"curies":[{"name":"wp","href":"https:\/\/api.w.org\/{rel}","templated":true}]}}