{"id":2711,"date":"2025-06-04T14:43:53","date_gmt":"2025-06-04T12:43:53","guid":{"rendered":"https:\/\/profmontaz.cz\/velkoobchod\/?post_type=product&#038;p=2711"},"modified":"2025-11-16T18:05:29","modified_gmt":"2025-11-16T17:05:29","slug":"rychlovymenny-obratlik-quick-change-swivel","status":"publish","type":"product","link":"https:\/\/profmontaz.cz\/velkoobchod\/produkt\/rychlovymenny-obratlik-quick-change-swivel\/","title":{"rendered":"Rychlov\u00fdm\u011bnn\u00fd Obratl\u00edk Quick Change Swivel"},"content":{"rendered":"<div class=\"wpb-content-wrapper\"><p>[vc_row][vc_column]\t\t<div id=\"wd-68403fc00b0ab\" class=\"wd-text-block wd-wpb reset-last-child wd-rs-68403fc00b0ab text-center vc_custom_1749041090400\">\n\t\t\t<p>Rychlov\u00fdm\u011bnn\u00fd obratl\u00edk (10 ks) \u2013 vyroben z vysoce kvalitn\u00ed pru\u017einov\u00e9 oceli, m\u00e1 PTFE ochranu proti korozi, kter\u00e1 dod\u00e1v\u00e1 obratl\u00edku matn\u00fd odst\u00edn. \u0160iroce se pou\u017e\u00edv\u00e1 v kaprov\u00fdch mont\u00e1\u017e\u00edch. B\u011b\u017en\u011b se kombinuje s gumov\u00fdm odklonem, umo\u017e\u0148uje rychlou v\u00fdm\u011bnu n\u00e1vazce nebo z\u00e1t\u011b\u017ee podle typu mont\u00e1\u017ee.<\/p>\n\t\t<\/div>\n\t\t[\/vc_column][\/vc_row][vc_row][vc_column][vc_column_text css=&#8220;&#8220; woodmart_inline=&#8220;no&#8220; text_larger=&#8220;no&#8220;]<\/p>\n<p>[\/vc_column_text][\/vc_column][\/vc_row]<\/p>\n<\/div>","protected":false},"excerpt":{"rendered":"<p>[vc_row][vc_column][\/vc_column][\/vc_row][vc_row][vc_column][vc_column_text css=&#8220;&#8220; woodmart_inline=&#8220;no&#8220; text_larger=&#8220;no&#8220;] [\/vc_column_text][\/vc_column][\/vc_row]<\/p>\n","protected":false},"featured_media":2712,"template":"","meta":[],"product_brand":[64],"product_cat":[119],"product_tag":[],"class_list":{"0":"post-2711","1":"product","2":"type-product","3":"status-publish","4":"has-post-thumbnail","6":"product_brand-profmontaz","7":"product_cat-drobna-bizuterie","9":"first","10":"instock","11":"taxable","12":"shipping-taxable","13":"purchasable","14":"product-type-simple"},"_links":{"self":[{"href":"https:\/\/profmontaz.cz\/velkoobchod\/wp-json\/wp\/v2\/product\/2711","targetHints":{"allow":["GET"]}}],"collection":[{"href":"https:\/\/profmontaz.cz\/velkoobchod\/wp-json\/wp\/v2\/product"}],"about":[{"href":"https:\/\/profmontaz.cz\/velkoobchod\/wp-json\/wp\/v2\/types\/product"}],"wp:featuredmedia":[{"embeddable":true,"href":"https:\/\/profmontaz.cz\/velkoobchod\/wp-json\/wp\/v2\/media\/2712"}],"wp:attachment":[{"href":"https:\/\/profmontaz.cz\/velkoobchod\/wp-json\/wp\/v2\/media?parent=2711"}],"wp:term":[{"taxonomy":"product_brand","embeddable":true,"href":"https:\/\/profmontaz.cz\/velkoobchod\/wp-json\/wp\/v2\/product_brand?post=2711"},{"taxonomy":"product_cat","embeddable":true,"href":"https:\/\/profmontaz.cz\/velkoobchod\/wp-json\/wp\/v2\/product_cat?post=2711"},{"taxonomy":"product_tag","embeddable":true,"href":"https:\/\/profmontaz.cz\/velkoobchod\/wp-json\/wp\/v2\/product_tag?post=2711"}],"curies":[{"name":"wp","href":"https:\/\/api.w.org\/{rel}","templated":true}]}}