{"id":2716,"date":"2025-06-04T14:46:03","date_gmt":"2025-06-04T12:46:03","guid":{"rendered":"https:\/\/profmontaz.cz\/velkoobchod\/?post_type=product&#038;p=2716"},"modified":"2025-11-16T18:01:46","modified_gmt":"2025-11-16T17:01:46","slug":"obratlik-big-ring-swivel","status":"publish","type":"product","link":"https:\/\/profmontaz.cz\/velkoobchod\/produkt\/obratlik-big-ring-swivel\/","title":{"rendered":"Obratl\u00edk Big Ring Swivel"},"content":{"rendered":"<div class=\"wpb-content-wrapper\"><p>[vc_row][vc_column]\t\t<div id=\"wd-68404045199d9\" class=\"wd-text-block wd-wpb reset-last-child wd-rs-68404045199d9 text-center vc_custom_1749041224103\">\n\t\t\t<p>Obratl\u00edk s velk\u00fdm krou\u017ekem (10 ks) \u2013 pou\u017e\u00edv\u00e1 se v kaprov\u00fdch mont\u00e1\u017e\u00edch typu helicopter rig, chod rig, ronnie rig, a tak\u00e9 je ide\u00e1ln\u00ed pro pr\u016fb\u011b\u017en\u00e9 a markerov\u00e9 sestavy. Vyroben z vysoce kvalitn\u00ed pru\u017einov\u00e9 oceli, m\u00e1 PTFE ochranu proti korozi a matnou barvu pro lep\u0161\u00ed maskov\u00e1n\u00ed.<\/p>\n\t\t<\/div>\n\t\t[\/vc_column][\/vc_row][vc_row][vc_column][vc_column_text css=&#8220;&#8220; woodmart_inline=&#8220;no&#8220; text_larger=&#8220;no&#8220;]<\/p>\n<p>[\/vc_column_text][\/vc_column][\/vc_row]<\/p>\n<\/div>","protected":false},"excerpt":{"rendered":"<p>[vc_row][vc_column][\/vc_column][\/vc_row][vc_row][vc_column][vc_column_text css=&#8220;&#8220; woodmart_inline=&#8220;no&#8220; text_larger=&#8220;no&#8220;] [\/vc_column_text][\/vc_column][\/vc_row]<\/p>\n","protected":false},"featured_media":2717,"template":"","meta":[],"product_brand":[64],"product_cat":[119],"product_tag":[],"class_list":{"0":"post-2716","1":"product","2":"type-product","3":"status-publish","4":"has-post-thumbnail","6":"product_brand-profmontaz","7":"product_cat-drobna-bizuterie","9":"first","10":"instock","11":"taxable","12":"shipping-taxable","13":"purchasable","14":"product-type-simple"},"_links":{"self":[{"href":"https:\/\/profmontaz.cz\/velkoobchod\/wp-json\/wp\/v2\/product\/2716","targetHints":{"allow":["GET"]}}],"collection":[{"href":"https:\/\/profmontaz.cz\/velkoobchod\/wp-json\/wp\/v2\/product"}],"about":[{"href":"https:\/\/profmontaz.cz\/velkoobchod\/wp-json\/wp\/v2\/types\/product"}],"wp:featuredmedia":[{"embeddable":true,"href":"https:\/\/profmontaz.cz\/velkoobchod\/wp-json\/wp\/v2\/media\/2717"}],"wp:attachment":[{"href":"https:\/\/profmontaz.cz\/velkoobchod\/wp-json\/wp\/v2\/media?parent=2716"}],"wp:term":[{"taxonomy":"product_brand","embeddable":true,"href":"https:\/\/profmontaz.cz\/velkoobchod\/wp-json\/wp\/v2\/product_brand?post=2716"},{"taxonomy":"product_cat","embeddable":true,"href":"https:\/\/profmontaz.cz\/velkoobchod\/wp-json\/wp\/v2\/product_cat?post=2716"},{"taxonomy":"product_tag","embeddable":true,"href":"https:\/\/profmontaz.cz\/velkoobchod\/wp-json\/wp\/v2\/product_tag?post=2716"}],"curies":[{"name":"wp","href":"https:\/\/api.w.org\/{rel}","templated":true}]}}