{"id":2729,"date":"2025-06-04T14:56:08","date_gmt":"2025-06-04T12:56:08","guid":{"rendered":"https:\/\/profmontaz.cz\/velkoobchod\/?post_type=product&#038;p=2729"},"modified":"2025-11-16T18:25:03","modified_gmt":"2025-11-16T17:25:03","slug":"zarazky-na-boilies-a-pelety-barva-hneda","status":"publish","type":"product","link":"https:\/\/profmontaz.cz\/velkoobchod\/produkt\/zarazky-na-boilies-a-pelety-barva-hneda\/","title":{"rendered":"Zar\u00e1\u017eky na boilies a pelety (2ks) (Barva hn\u011bd\u00e1)"},"content":{"rendered":"<div class=\"wpb-content-wrapper\"><p>[vc_row][vc_column]\t\t<div id=\"wd-684042b49afa9\" class=\"wd-text-block wd-wpb reset-last-child wd-rs-684042b49afa9 text-center vc_custom_1749041846672\">\n\t\t\t<p>Pou\u017e\u00edv\u00e1 se k upevn\u011bn\u00ed n\u00e1strah a boilies na vlasov\u00e9 mont\u00e1\u017ei. Pro v\u011bt\u0161\u00ed pohodl\u00ed jsou zar\u00e1\u017eky spojeny na speci\u00e1ln\u00ed desti\u010dce a dostupn\u00e9 ve t\u0159ech d\u00e9lk\u00e1ch: 3,5 mm, 7,5 mm a 11,5 mm. Tento v\u00fdb\u011br umo\u017e\u0148uje vytvo\u0159it kvalitn\u00ed prezentaci prakticky s jakoukoli n\u00e1strahou. Zar\u00e1\u017eky jsou vyrobeny z kvalitn\u00edho polymerov\u00e9ho plastu. Vyr\u00e1b\u011bj\u00ed se v r\u016fzn\u00fdch barv\u00e1ch, tak\u017ee je snadn\u00e9 vybrat spr\u00e1vnou barvu zar\u00e1\u017eky k vybran\u00e9mu boilies.<\/p>\n\t\t<\/div>\n\t\t[\/vc_column][\/vc_row][vc_row][vc_column][vc_column_text css=&#8220;&#8220; woodmart_inline=&#8220;no&#8220; text_larger=&#8220;no&#8220;]<\/p>\n<p>[\/vc_column_text][\/vc_column][\/vc_row]<\/p>\n<\/div>","protected":false},"excerpt":{"rendered":"<p>[vc_row][vc_column][\/vc_column][\/vc_row][vc_row][vc_column][vc_column_text css=&#8220;&#8220; woodmart_inline=&#8220;no&#8220; text_larger=&#8220;no&#8220;] [\/vc_column_text][\/vc_column][\/vc_row]<\/p>\n","protected":false},"featured_media":2730,"template":"","meta":[],"product_brand":[64],"product_cat":[119],"product_tag":[],"class_list":{"0":"post-2729","1":"product","2":"type-product","3":"status-publish","4":"has-post-thumbnail","6":"product_brand-profmontaz","7":"product_cat-drobna-bizuterie","9":"first","10":"instock","11":"taxable","12":"shipping-taxable","13":"purchasable","14":"product-type-simple"},"_links":{"self":[{"href":"https:\/\/profmontaz.cz\/velkoobchod\/wp-json\/wp\/v2\/product\/2729","targetHints":{"allow":["GET"]}}],"collection":[{"href":"https:\/\/profmontaz.cz\/velkoobchod\/wp-json\/wp\/v2\/product"}],"about":[{"href":"https:\/\/profmontaz.cz\/velkoobchod\/wp-json\/wp\/v2\/types\/product"}],"wp:featuredmedia":[{"embeddable":true,"href":"https:\/\/profmontaz.cz\/velkoobchod\/wp-json\/wp\/v2\/media\/2730"}],"wp:attachment":[{"href":"https:\/\/profmontaz.cz\/velkoobchod\/wp-json\/wp\/v2\/media?parent=2729"}],"wp:term":[{"taxonomy":"product_brand","embeddable":true,"href":"https:\/\/profmontaz.cz\/velkoobchod\/wp-json\/wp\/v2\/product_brand?post=2729"},{"taxonomy":"product_cat","embeddable":true,"href":"https:\/\/profmontaz.cz\/velkoobchod\/wp-json\/wp\/v2\/product_cat?post=2729"},{"taxonomy":"product_tag","embeddable":true,"href":"https:\/\/profmontaz.cz\/velkoobchod\/wp-json\/wp\/v2\/product_tag?post=2729"}],"curies":[{"name":"wp","href":"https:\/\/api.w.org\/{rel}","templated":true}]}}