{"id":2731,"date":"2025-06-04T14:57:58","date_gmt":"2025-06-04T12:57:58","guid":{"rendered":"https:\/\/profmontaz.cz\/velkoobchod\/?post_type=product&#038;p=2731"},"modified":"2025-11-16T18:00:43","modified_gmt":"2025-11-16T17:00:43","slug":"lopatka-na-krmeni","status":"publish","type":"product","link":"https:\/\/profmontaz.cz\/velkoobchod\/produkt\/lopatka-na-krmeni\/","title":{"rendered":"Lopatka Na Krmen\u00ed"},"content":{"rendered":"<div class=\"wpb-content-wrapper\"><p>[vc_row][vc_column]\t\t<div id=\"wd-6840430a2a982\" class=\"wd-text-block wd-wpb reset-last-child wd-rs-6840430a2a982 text-center vc_custom_1749041935088\">\n\t\t\t<p>Lopatka na krmivo ProfMontazh \u2013 je vyrobena z prvot\u0159\u00eddn\u00edho materi\u00e1lu, d\u00edky \u010demu\u017e je pevn\u00e1 a spolehliv\u00e1. Tato lopatka je ide\u00e1ln\u00ed pro m\u00edch\u00e1n\u00ed krmiva, zejm\u00e9na velko\u010d\u00e1sticov\u00e9ho: boilies, pelety, obiln\u00e9 sm\u011bsi apod. P\u0159i kaprov\u00e9m rybolovu, ale i v jin\u00fdch situac\u00edch, se lopatka pohodln\u011b pou\u017e\u00edv\u00e1 k pln\u011bn\u00ed rakety na zakrmov\u00e1n\u00ed. Pou\u017e\u00edv\u00e1n\u00edm lopatky nejen urychl\u00edte proces p\u0159\u00edpravy krmiva, ale tak\u00e9 si zachov\u00e1te ruce v \u010distot\u011b.<\/p>\n<p>\u25ba Celkov\u00e1 d\u00e9lka lopatky: 24 cm<\/p>\n<p>\u25ba Rukoje\u0165: 9 cm<\/p>\n<p>\u25ba D\u00e9lka nab\u011br\u00e1ku: 14,5 cm<\/p>\n<p>\u25ba \u0160\u00ed\u0159ka nab\u011br\u00e1ku: 9 cm<\/p>\n<p>\u25ba Hloubka nab\u011br\u00e1ku: 6 cm<\/p>\n\t\t<\/div>\n\t\t[\/vc_column][\/vc_row][vc_row][vc_column][vc_column_text css=&#8220;&#8220; woodmart_inline=&#8220;no&#8220; text_larger=&#8220;no&#8220;]<\/p>\n<p>[\/vc_column_text][\/vc_column][\/vc_row]<\/p>\n<\/div>","protected":false},"excerpt":{"rendered":"<p>[vc_row][vc_column][\/vc_column][\/vc_row][vc_row][vc_column][vc_column_text css=&#8220;&#8220; woodmart_inline=&#8220;no&#8220; text_larger=&#8220;no&#8220;] [\/vc_column_text][\/vc_column][\/vc_row]<\/p>\n","protected":false},"featured_media":2732,"template":"","meta":[],"product_brand":[64],"product_cat":[119],"product_tag":[],"class_list":{"0":"post-2731","1":"product","2":"type-product","3":"status-publish","4":"has-post-thumbnail","6":"product_brand-profmontaz","7":"product_cat-drobna-bizuterie","9":"first","10":"instock","11":"taxable","12":"shipping-taxable","13":"purchasable","14":"product-type-simple"},"_links":{"self":[{"href":"https:\/\/profmontaz.cz\/velkoobchod\/wp-json\/wp\/v2\/product\/2731","targetHints":{"allow":["GET"]}}],"collection":[{"href":"https:\/\/profmontaz.cz\/velkoobchod\/wp-json\/wp\/v2\/product"}],"about":[{"href":"https:\/\/profmontaz.cz\/velkoobchod\/wp-json\/wp\/v2\/types\/product"}],"wp:featuredmedia":[{"embeddable":true,"href":"https:\/\/profmontaz.cz\/velkoobchod\/wp-json\/wp\/v2\/media\/2732"}],"wp:attachment":[{"href":"https:\/\/profmontaz.cz\/velkoobchod\/wp-json\/wp\/v2\/media?parent=2731"}],"wp:term":[{"taxonomy":"product_brand","embeddable":true,"href":"https:\/\/profmontaz.cz\/velkoobchod\/wp-json\/wp\/v2\/product_brand?post=2731"},{"taxonomy":"product_cat","embeddable":true,"href":"https:\/\/profmontaz.cz\/velkoobchod\/wp-json\/wp\/v2\/product_cat?post=2731"},{"taxonomy":"product_tag","embeddable":true,"href":"https:\/\/profmontaz.cz\/velkoobchod\/wp-json\/wp\/v2\/product_tag?post=2731"}],"curies":[{"name":"wp","href":"https:\/\/api.w.org\/{rel}","templated":true}]}}