{"id":2733,"date":"2025-06-04T14:59:43","date_gmt":"2025-06-04T12:59:43","guid":{"rendered":"https:\/\/profmontaz.cz\/velkoobchod\/?post_type=product&#038;p=2733"},"modified":"2025-11-16T18:27:59","modified_gmt":"2025-11-16T17:27:59","slug":"zarazky-na-hacek-stop-hook-beats","status":"publish","type":"product","link":"https:\/\/profmontaz.cz\/velkoobchod\/produkt\/zarazky-na-hacek-stop-hook-beats\/","title":{"rendered":"Zar\u00e1\u017eky na h\u00e1\u010dek Stop Hook Beats"},"content":{"rendered":"<div class=\"wpb-content-wrapper\"><p>[vc_row][vc_column]\t\t<div id=\"wd-684043ab27bf5\" class=\"wd-text-block wd-wpb reset-last-child wd-rs-684043ab27bf5 text-center vc_custom_1749042095588\">\n\t\t\t<p>Zar\u00e1\u017eec\u00ed kuli\u010dka je ur\u010dena pro pou\u017eit\u00ed v kaprov\u00fdch mont\u00e1\u017e\u00edch s krou\u017ekem, obratl\u00edkem nebo \u0161roubem (nap\u0159. Spinner Rig, Ronnie Rig, German Rig atd.) a slou\u017e\u00ed k vytvo\u0159en\u00ed efektivn\u00ed prezentace p\u0159edev\u0161\u00edm pro plovouc\u00ed n\u00e1strahy typu POP-UP. Kuli\u010dka je vyrobena z elastick\u00e9ho materi\u00e1lu, kter\u00fd pevn\u011b dr\u017e\u00ed na jak\u00e9mkoli kaprov\u00e9m h\u00e1\u010dku. Dod\u00e1v\u00e1 se na praktick\u00fdch p\u00e1sc\u00edch \u2013 ka\u017ed\u00fd z nich obsahuje 24 kuli\u010dek pro h\u00e1\u010dek. Jedno balen\u00ed tak umo\u017en\u00ed vybavit minim\u00e1ln\u011b 12 h\u00e1\u010dk\u016f. Doporu\u010duje se pou\u017e\u00edvat v kombinaci s komponenty, jako je \u0161roub s krou\u017ekem. Kuli\u010dky maj\u00ed zeleno\u0161edou barvu, d\u00edky \u010demu\u017e dob\u0159e spl\u00fdvaj\u00ed s dnem a nepla\u0161\u00ed ryby.<\/p>\n\t\t<\/div>\n\t\t[\/vc_column][\/vc_row][vc_row][vc_column][vc_column_text css=&#8220;&#8220; woodmart_inline=&#8220;no&#8220; text_larger=&#8220;no&#8220;]<\/p>\n<p>[\/vc_column_text][\/vc_column][\/vc_row]<\/p>\n<\/div>","protected":false},"excerpt":{"rendered":"<p>[vc_row][vc_column][\/vc_column][\/vc_row][vc_row][vc_column][vc_column_text css=&#8220;&#8220; woodmart_inline=&#8220;no&#8220; text_larger=&#8220;no&#8220;] [\/vc_column_text][\/vc_column][\/vc_row]<\/p>\n","protected":false},"featured_media":2734,"template":"","meta":[],"product_brand":[64],"product_cat":[119],"product_tag":[],"class_list":{"0":"post-2733","1":"product","2":"type-product","3":"status-publish","4":"has-post-thumbnail","6":"product_brand-profmontaz","7":"product_cat-drobna-bizuterie","9":"first","10":"instock","11":"taxable","12":"shipping-taxable","13":"purchasable","14":"product-type-simple"},"_links":{"self":[{"href":"https:\/\/profmontaz.cz\/velkoobchod\/wp-json\/wp\/v2\/product\/2733","targetHints":{"allow":["GET"]}}],"collection":[{"href":"https:\/\/profmontaz.cz\/velkoobchod\/wp-json\/wp\/v2\/product"}],"about":[{"href":"https:\/\/profmontaz.cz\/velkoobchod\/wp-json\/wp\/v2\/types\/product"}],"wp:featuredmedia":[{"embeddable":true,"href":"https:\/\/profmontaz.cz\/velkoobchod\/wp-json\/wp\/v2\/media\/2734"}],"wp:attachment":[{"href":"https:\/\/profmontaz.cz\/velkoobchod\/wp-json\/wp\/v2\/media?parent=2733"}],"wp:term":[{"taxonomy":"product_brand","embeddable":true,"href":"https:\/\/profmontaz.cz\/velkoobchod\/wp-json\/wp\/v2\/product_brand?post=2733"},{"taxonomy":"product_cat","embeddable":true,"href":"https:\/\/profmontaz.cz\/velkoobchod\/wp-json\/wp\/v2\/product_cat?post=2733"},{"taxonomy":"product_tag","embeddable":true,"href":"https:\/\/profmontaz.cz\/velkoobchod\/wp-json\/wp\/v2\/product_tag?post=2733"}],"curies":[{"name":"wp","href":"https:\/\/api.w.org\/{rel}","templated":true}]}}