{"id":2737,"date":"2025-06-04T15:03:25","date_gmt":"2025-06-04T13:03:25","guid":{"rendered":"https:\/\/profmontaz.cz\/velkoobchod\/?post_type=product&#038;p=2737"},"modified":"2025-11-14T15:51:47","modified_gmt":"2025-11-14T14:51:47","slug":"krytky-proti-zamotani-na-krmitka-method-feeder-flat-15%d1%81m","status":"publish","type":"product","link":"https:\/\/profmontaz.cz\/velkoobchod\/produkt\/krytky-proti-zamotani-na-krmitka-method-feeder-flat-15%d1%81m\/","title":{"rendered":"Krytky proti zamot\u00e1n\u00ed na krm\u00edtka Method Feeder Flat (15\u0441m)"},"content":{"rendered":"<div class=\"wpb-content-wrapper\"><p>[vc_row][vc_column]\t\t<div id=\"wd-68404452947fb\" class=\"wd-text-block wd-wpb reset-last-child wd-rs-68404452947fb text-center vc_custom_1749042261875\">\n\t\t\t<p>Stabiliza\u010dn\u00ed trubi\u010dka Long pro Flat krm\u00edtka 15 cm \u2013 je ur\u010dena ke stabilizaci letu krm\u00edtka (rumunsk\u00e1 mont\u00e1\u017e) nebo olova. P\u0159\u00edtomnost trubi\u010dky zvy\u0161uje d\u00e9lku a p\u0159esnost hodu cel\u00e9 mont\u00e1\u017ee. P\u0159echodka t\u011bsn\u011b sed\u00ed na krm\u00edtku a nesklouzne ani p\u0159i silov\u00e9m n\u00e1hozu. D\u00e9lka trubi\u010dky je 150 mm, vnit\u0159n\u00ed pr\u016fm\u011br p\u0159echodky 3,5 mm, v balen\u00ed 10 kus\u016f. Tato trubi\u010dka je pln\u011b kompatibiln\u00ed se v\u0161emi Flat krm\u00edtky ProfMontazh.<\/p>\n\t\t<\/div>\n\t\t[\/vc_column][\/vc_row][vc_row][vc_column][vc_column_text css=&#8220;&#8220; woodmart_inline=&#8220;no&#8220; text_larger=&#8220;no&#8220;]<\/p>\n<p>[\/vc_column_text][\/vc_column][\/vc_row]<\/p>\n<\/div>","protected":false},"excerpt":{"rendered":"<p>[vc_row][vc_column][\/vc_column][\/vc_row][vc_row][vc_column][vc_column_text css=&#8220;&#8220; woodmart_inline=&#8220;no&#8220; text_larger=&#8220;no&#8220;] [\/vc_column_text][\/vc_column][\/vc_row]<\/p>\n","protected":false},"featured_media":2738,"template":"","meta":[],"product_brand":[64],"product_cat":[101],"product_tag":[],"class_list":{"0":"post-2737","1":"product","2":"type-product","3":"status-publish","4":"has-post-thumbnail","6":"product_brand-profmontaz","7":"product_cat-method-feederova-krmitka","9":"first","10":"instock","11":"taxable","12":"shipping-taxable","13":"purchasable","14":"product-type-simple"},"_links":{"self":[{"href":"https:\/\/profmontaz.cz\/velkoobchod\/wp-json\/wp\/v2\/product\/2737","targetHints":{"allow":["GET"]}}],"collection":[{"href":"https:\/\/profmontaz.cz\/velkoobchod\/wp-json\/wp\/v2\/product"}],"about":[{"href":"https:\/\/profmontaz.cz\/velkoobchod\/wp-json\/wp\/v2\/types\/product"}],"wp:featuredmedia":[{"embeddable":true,"href":"https:\/\/profmontaz.cz\/velkoobchod\/wp-json\/wp\/v2\/media\/2738"}],"wp:attachment":[{"href":"https:\/\/profmontaz.cz\/velkoobchod\/wp-json\/wp\/v2\/media?parent=2737"}],"wp:term":[{"taxonomy":"product_brand","embeddable":true,"href":"https:\/\/profmontaz.cz\/velkoobchod\/wp-json\/wp\/v2\/product_brand?post=2737"},{"taxonomy":"product_cat","embeddable":true,"href":"https:\/\/profmontaz.cz\/velkoobchod\/wp-json\/wp\/v2\/product_cat?post=2737"},{"taxonomy":"product_tag","embeddable":true,"href":"https:\/\/profmontaz.cz\/velkoobchod\/wp-json\/wp\/v2\/product_tag?post=2737"}],"curies":[{"name":"wp","href":"https:\/\/api.w.org\/{rel}","templated":true}]}}