{"id":2739,"date":"2025-06-04T15:04:46","date_gmt":"2025-06-04T13:04:46","guid":{"rendered":"https:\/\/profmontaz.cz\/velkoobchod\/?post_type=product&#038;p=2739"},"modified":"2025-11-16T18:09:06","modified_gmt":"2025-11-16T17:09:06","slug":"silikonova-hadicka-na-hacky-2-8-d75%d1%81m-barva-zelena","status":"publish","type":"product","link":"https:\/\/profmontaz.cz\/velkoobchod\/produkt\/silikonova-hadicka-na-hacky-2-8-d75%d1%81m-barva-zelena\/","title":{"rendered":"Silikonov\u00e1 Hadi\u010dka na h\u00e1\u010dky # 2-8, D:75\u0441m (Barva zelen\u00e1)"},"content":{"rendered":"<div class=\"wpb-content-wrapper\"><p>[vc_row][vc_column]\t\t<div id=\"wd-6840449d76bef\" class=\"wd-text-block wd-wpb reset-last-child wd-rs-6840449d76bef text-center vc_custom_1749042335901\">\n\t\t\t<p>Silikonov\u00e1 trubi\u010dka pro kaprov\u00e9 h\u00e1\u010dky velikosti 2\u20138 \u2013 skv\u011ble fixuje vlas na ram\u00ednku h\u00e1\u010dku a je ur\u010dena pro v\u00fdrobu vlasov\u00fdch mont\u00e1\u017e\u00ed. Z jednoho balen\u00ed silikonov\u00fdch trubi\u010dek lze vyrobit v\u00edce ne\u017e 250 hotov\u00fdch mont\u00e1\u017e\u00ed. Materi\u00e1l je vysoce kvalitn\u00ed elastick\u00fd silikon: snadno se nasazuje na h\u00e1\u010dek, neroztahuje se a spolehliv\u011b fixuje vlas.<\/p>\n<p>Barva: maskovac\u00ed zelen\u00e1<\/p>\n<p>D\u00e9lka trubi\u010dky: 75 cm<\/p>\n<p>Pro kaprov\u00e9 h\u00e1\u010dky velikosti 2, 4, 6 a 8<\/p>\n\t\t<\/div>\n\t\t[\/vc_column][\/vc_row][vc_row][vc_column][vc_column_text css=&#8220;&#8220; woodmart_inline=&#8220;no&#8220; text_larger=&#8220;no&#8220;]<\/p>\n<p>[\/vc_column_text][\/vc_column][\/vc_row]<\/p>\n<\/div>","protected":false},"excerpt":{"rendered":"<p>[vc_row][vc_column][\/vc_column][\/vc_row][vc_row][vc_column][vc_column_text css=&#8220;&#8220; woodmart_inline=&#8220;no&#8220; text_larger=&#8220;no&#8220;] [\/vc_column_text][\/vc_column][\/vc_row]<\/p>\n","protected":false},"featured_media":2740,"template":"","meta":[],"product_brand":[64],"product_cat":[119],"product_tag":[],"class_list":{"0":"post-2739","1":"product","2":"type-product","3":"status-publish","4":"has-post-thumbnail","6":"product_brand-profmontaz","7":"product_cat-drobna-bizuterie","9":"first","10":"instock","11":"taxable","12":"shipping-taxable","13":"purchasable","14":"product-type-simple"},"_links":{"self":[{"href":"https:\/\/profmontaz.cz\/velkoobchod\/wp-json\/wp\/v2\/product\/2739","targetHints":{"allow":["GET"]}}],"collection":[{"href":"https:\/\/profmontaz.cz\/velkoobchod\/wp-json\/wp\/v2\/product"}],"about":[{"href":"https:\/\/profmontaz.cz\/velkoobchod\/wp-json\/wp\/v2\/types\/product"}],"wp:featuredmedia":[{"embeddable":true,"href":"https:\/\/profmontaz.cz\/velkoobchod\/wp-json\/wp\/v2\/media\/2740"}],"wp:attachment":[{"href":"https:\/\/profmontaz.cz\/velkoobchod\/wp-json\/wp\/v2\/media?parent=2739"}],"wp:term":[{"taxonomy":"product_brand","embeddable":true,"href":"https:\/\/profmontaz.cz\/velkoobchod\/wp-json\/wp\/v2\/product_brand?post=2739"},{"taxonomy":"product_cat","embeddable":true,"href":"https:\/\/profmontaz.cz\/velkoobchod\/wp-json\/wp\/v2\/product_cat?post=2739"},{"taxonomy":"product_tag","embeddable":true,"href":"https:\/\/profmontaz.cz\/velkoobchod\/wp-json\/wp\/v2\/product_tag?post=2739"}],"curies":[{"name":"wp","href":"https:\/\/api.w.org\/{rel}","templated":true}]}}