{"id":2743,"date":"2025-06-04T15:07:22","date_gmt":"2025-06-04T13:07:22","guid":{"rendered":"https:\/\/profmontaz.cz\/velkoobchod\/?post_type=product&#038;p=2743"},"modified":"2025-11-16T17:46:53","modified_gmt":"2025-11-16T16:46:53","slug":"drzak-nastrah-bait-spikes-s-protihrotem-10mm","status":"publish","type":"product","link":"https:\/\/profmontaz.cz\/velkoobchod\/produkt\/drzak-nastrah-bait-spikes-s-protihrotem-10mm\/","title":{"rendered":"Dr\u017e\u00e1k N\u00e1strah Bait Spikes s protihrotem, 10mm"},"content":{"rendered":"<div class=\"wpb-content-wrapper\"><p>[vc_row][vc_column]\t\t<div id=\"wd-6840454577c0b\" class=\"wd-text-block wd-wpb reset-last-child wd-rs-6840454577c0b text-center vc_custom_1749042503971\">\n\t\t\t<p>Jehla\u2013fix\u00e1tor pro n\u00e1strahy Bait Spikes 10 mm \u2013 ide\u00e1ln\u00ed \u0159e\u0161en\u00ed pro rychl\u00e9 upevn\u011bn\u00ed nebo v\u00fdm\u011bnu n\u00e1strah. Jehla m\u00e1 n\u00edzkou hmotnost, nen\u00ed pro ryby viditeln\u00e1 a spolehliv\u011b dr\u017e\u00ed n\u00e1strahu p\u0159i n\u00e1hozu. Pou\u017e\u00edv\u00e1 se s plovouc\u00edmi n\u00e1strahami typu pop-up, um\u011blou kuku\u0159ic\u00ed, neutr\u00e1ln\u011b vyv\u00e1\u017een\u00fdmi boilies, balance, dumbells, wafters apod. Pou\u017eit\u00ed t\u00e9to jehly je zvl\u00e1\u0161t\u011b vhodn\u00e9 pro miniaturn\u00ed n\u00e1strahy \u2013 p\u0159i nasazen\u00ed nedoch\u00e1z\u00ed k jejich prasknut\u00ed a z\u016fst\u00e1vaj\u00ed pro ryby atraktivn\u00ed. Jehla o d\u00e9lce 10 mm je ide\u00e1ln\u00ed pro n\u00e1strahy o velikosti 8\u201314 mm.<\/p>\n\t\t<\/div>\n\t\t[\/vc_column][\/vc_row][vc_row][vc_column][vc_column_text css=&#8220;&#8220; woodmart_inline=&#8220;no&#8220; text_larger=&#8220;no&#8220;]<\/p>\n<p>[\/vc_column_text][\/vc_column][\/vc_row]<\/p>\n<\/div>","protected":false},"excerpt":{"rendered":"<p>[vc_row][vc_column][\/vc_column][\/vc_row][vc_row][vc_column][vc_column_text css=&#8220;&#8220; woodmart_inline=&#8220;no&#8220; text_larger=&#8220;no&#8220;] [\/vc_column_text][\/vc_column][\/vc_row]<\/p>\n","protected":false},"featured_media":2744,"template":"","meta":[],"product_brand":[64],"product_cat":[119],"product_tag":[],"class_list":{"0":"post-2743","1":"product","2":"type-product","3":"status-publish","4":"has-post-thumbnail","6":"product_brand-profmontaz","7":"product_cat-drobna-bizuterie","9":"first","10":"instock","11":"taxable","12":"shipping-taxable","13":"purchasable","14":"product-type-simple"},"_links":{"self":[{"href":"https:\/\/profmontaz.cz\/velkoobchod\/wp-json\/wp\/v2\/product\/2743","targetHints":{"allow":["GET"]}}],"collection":[{"href":"https:\/\/profmontaz.cz\/velkoobchod\/wp-json\/wp\/v2\/product"}],"about":[{"href":"https:\/\/profmontaz.cz\/velkoobchod\/wp-json\/wp\/v2\/types\/product"}],"wp:featuredmedia":[{"embeddable":true,"href":"https:\/\/profmontaz.cz\/velkoobchod\/wp-json\/wp\/v2\/media\/2744"}],"wp:attachment":[{"href":"https:\/\/profmontaz.cz\/velkoobchod\/wp-json\/wp\/v2\/media?parent=2743"}],"wp:term":[{"taxonomy":"product_brand","embeddable":true,"href":"https:\/\/profmontaz.cz\/velkoobchod\/wp-json\/wp\/v2\/product_brand?post=2743"},{"taxonomy":"product_cat","embeddable":true,"href":"https:\/\/profmontaz.cz\/velkoobchod\/wp-json\/wp\/v2\/product_cat?post=2743"},{"taxonomy":"product_tag","embeddable":true,"href":"https:\/\/profmontaz.cz\/velkoobchod\/wp-json\/wp\/v2\/product_tag?post=2743"}],"curies":[{"name":"wp","href":"https:\/\/api.w.org\/{rel}","templated":true}]}}