{"id":2747,"date":"2025-06-04T15:10:06","date_gmt":"2025-06-04T13:10:06","guid":{"rendered":"https:\/\/profmontaz.cz\/velkoobchod\/?post_type=product&#038;p=2747"},"modified":"2025-11-16T17:57:03","modified_gmt":"2025-11-16T16:57:03","slug":"jehla-standart-p1-2mm-d90mm","status":"publish","type":"product","link":"https:\/\/profmontaz.cz\/velkoobchod\/produkt\/jehla-standart-p1-2mm-d90mm\/","title":{"rendered":"Jehla Standart (P:1.2mm, D:90mm)"},"content":{"rendered":"<div class=\"wpb-content-wrapper\"><p>[vc_row][vc_column]\t\t<div id=\"wd-684045dc27c2a\" class=\"wd-text-block wd-wpb reset-last-child wd-rs-684045dc27c2a text-center vc_custom_1749042654680\">\n\t\t\t<p>Jehla na boilies Standart (D-1,2 mm, L-90 mm) \u2013 vyzna\u010duje se vysokou pevnost\u00ed a spolehlivost\u00ed, ur\u010dena pro tvrd\u00e9 n\u00e1strahy jako boilies nebo tyg\u0159\u00ed o\u0159ech. Na konci jehly je o\u010dko pro uchycen\u00ed vlasu. Jehla je vyrobena z odoln\u00e9 nerezov\u00e9 oceli. Ergonomick\u00e1 rukoje\u0165 s pogumovan\u00fdmi vlo\u017ekami je velmi pohodln\u00e1 a dob\u0159e padne do ruky. Ka\u017ed\u00e1 jehla m\u00e1 svou jedine\u010dnou, jasnou barvu pro rychl\u00fd vizu\u00e1ln\u00ed v\u00fdb\u011br pot\u0159ebn\u00e9ho n\u00e1stroje.<\/p>\n<p>Balen\u00ed obsahuje:<\/p>\n<p>1\u00d7 jehla na boilies Standart (D-1,2 mm, L-90 mm)<\/p>\n<p>Barva: \u017elut\u00e1.<\/p>\n\t\t<\/div>\n\t\t[\/vc_column][\/vc_row][vc_row][vc_column][vc_column_text css=&#8220;&#8220; woodmart_inline=&#8220;no&#8220; text_larger=&#8220;no&#8220;]<\/p>\n<p>[\/vc_column_text][\/vc_column][\/vc_row]<\/p>\n<\/div>","protected":false},"excerpt":{"rendered":"<p>[vc_row][vc_column][\/vc_column][\/vc_row][vc_row][vc_column][vc_column_text css=&#8220;&#8220; woodmart_inline=&#8220;no&#8220; text_larger=&#8220;no&#8220;] [\/vc_column_text][\/vc_column][\/vc_row]<\/p>\n","protected":false},"featured_media":2748,"template":"","meta":[],"product_brand":[64],"product_cat":[119],"product_tag":[],"class_list":{"0":"post-2747","1":"product","2":"type-product","3":"status-publish","4":"has-post-thumbnail","6":"product_brand-profmontaz","7":"product_cat-drobna-bizuterie","9":"first","10":"instock","11":"taxable","12":"shipping-taxable","13":"purchasable","14":"product-type-simple"},"_links":{"self":[{"href":"https:\/\/profmontaz.cz\/velkoobchod\/wp-json\/wp\/v2\/product\/2747","targetHints":{"allow":["GET"]}}],"collection":[{"href":"https:\/\/profmontaz.cz\/velkoobchod\/wp-json\/wp\/v2\/product"}],"about":[{"href":"https:\/\/profmontaz.cz\/velkoobchod\/wp-json\/wp\/v2\/types\/product"}],"wp:featuredmedia":[{"embeddable":true,"href":"https:\/\/profmontaz.cz\/velkoobchod\/wp-json\/wp\/v2\/media\/2748"}],"wp:attachment":[{"href":"https:\/\/profmontaz.cz\/velkoobchod\/wp-json\/wp\/v2\/media?parent=2747"}],"wp:term":[{"taxonomy":"product_brand","embeddable":true,"href":"https:\/\/profmontaz.cz\/velkoobchod\/wp-json\/wp\/v2\/product_brand?post=2747"},{"taxonomy":"product_cat","embeddable":true,"href":"https:\/\/profmontaz.cz\/velkoobchod\/wp-json\/wp\/v2\/product_cat?post=2747"},{"taxonomy":"product_tag","embeddable":true,"href":"https:\/\/profmontaz.cz\/velkoobchod\/wp-json\/wp\/v2\/product_tag?post=2747"}],"curies":[{"name":"wp","href":"https:\/\/api.w.org\/{rel}","templated":true}]}}