{"id":2749,"date":"2025-06-04T15:11:31","date_gmt":"2025-06-04T13:11:31","guid":{"rendered":"https:\/\/profmontaz.cz\/velkoobchod\/?post_type=product&#038;p=2749"},"modified":"2025-11-16T18:14:33","modified_gmt":"2025-11-16T17:14:33","slug":"vrtacek-p1-5mm-d85mm","status":"publish","type":"product","link":"https:\/\/profmontaz.cz\/velkoobchod\/produkt\/vrtacek-p1-5mm-d85mm\/","title":{"rendered":"Vrt\u00e1\u010dek (P:1.5mm, D:85mm)"},"content":{"rendered":"<div class=\"wpb-content-wrapper\"><p>[vc_row][vc_column]\t\t<div id=\"wd-6840462db1f4b\" class=\"wd-text-block wd-wpb reset-last-child wd-rs-6840462db1f4b text-center vc_custom_1749042737345\">\n\t\t\t<p>Vrt\u00e1k na boilies \u2013 nenahraditeln\u00fd n\u00e1stroj, kter\u00fd umo\u017e\u0148uje navrtat k\u0159ehk\u00e9 nebo tvrd\u00e9 n\u00e1strahy bez jejich po\u0161kozen\u00ed. Pou\u017e\u00edv\u00e1 se p\u0159edev\u0161\u00edm na pelety, boilies, tyg\u0159\u00ed o\u0159ech a dal\u0161\u00ed typy n\u00e1strah.<\/p>\n<p>D\u00edky p\u0159edvrtan\u00e9mu otvoru lze n\u00e1strahu snadno upevnit na vlasov\u00fd n\u00e1vazec. Vrt\u00e1k je vyroben z pru\u017en\u00e9 nerezov\u00e9 oceli. Pro pohodln\u00e9 ot\u00e1\u010div\u00e9 pohyby je vybaven ergonomickou rukojet\u00ed v\u00e1lcov\u00e9ho tvar\u0443.<\/p>\n<p>Balen\u00ed obsahuje:<\/p>\n<p>\u25ba 1\u00d7 vrt\u00e1k na boilies 1,5 mm, d\u00e9lka: 85 mm.<\/p>\n\t\t<\/div>\n\t\t[\/vc_column][\/vc_row][vc_row][vc_column][vc_column_text css=&#8220;&#8220; woodmart_inline=&#8220;no&#8220; text_larger=&#8220;no&#8220;]<\/p>\n<p>[\/vc_column_text][\/vc_column][\/vc_row]<\/p>\n<\/div>","protected":false},"excerpt":{"rendered":"<p>[vc_row][vc_column][\/vc_column][\/vc_row][vc_row][vc_column][vc_column_text css=&#8220;&#8220; woodmart_inline=&#8220;no&#8220; text_larger=&#8220;no&#8220;] [\/vc_column_text][\/vc_column][\/vc_row]<\/p>\n","protected":false},"featured_media":2750,"template":"","meta":[],"product_brand":[64],"product_cat":[119],"product_tag":[],"class_list":{"0":"post-2749","1":"product","2":"type-product","3":"status-publish","4":"has-post-thumbnail","6":"product_brand-profmontaz","7":"product_cat-drobna-bizuterie","9":"first","10":"instock","11":"taxable","12":"shipping-taxable","13":"purchasable","14":"product-type-simple"},"_links":{"self":[{"href":"https:\/\/profmontaz.cz\/velkoobchod\/wp-json\/wp\/v2\/product\/2749","targetHints":{"allow":["GET"]}}],"collection":[{"href":"https:\/\/profmontaz.cz\/velkoobchod\/wp-json\/wp\/v2\/product"}],"about":[{"href":"https:\/\/profmontaz.cz\/velkoobchod\/wp-json\/wp\/v2\/types\/product"}],"wp:featuredmedia":[{"embeddable":true,"href":"https:\/\/profmontaz.cz\/velkoobchod\/wp-json\/wp\/v2\/media\/2750"}],"wp:attachment":[{"href":"https:\/\/profmontaz.cz\/velkoobchod\/wp-json\/wp\/v2\/media?parent=2749"}],"wp:term":[{"taxonomy":"product_brand","embeddable":true,"href":"https:\/\/profmontaz.cz\/velkoobchod\/wp-json\/wp\/v2\/product_brand?post=2749"},{"taxonomy":"product_cat","embeddable":true,"href":"https:\/\/profmontaz.cz\/velkoobchod\/wp-json\/wp\/v2\/product_cat?post=2749"},{"taxonomy":"product_tag","embeddable":true,"href":"https:\/\/profmontaz.cz\/velkoobchod\/wp-json\/wp\/v2\/product_tag?post=2749"}],"curies":[{"name":"wp","href":"https:\/\/api.w.org\/{rel}","templated":true}]}}