{"id":2751,"date":"2025-06-04T15:12:41","date_gmt":"2025-06-04T13:12:41","guid":{"rendered":"https:\/\/profmontaz.cz\/velkoobchod\/?post_type=product&#038;p=2751"},"modified":"2025-11-16T17:56:33","modified_gmt":"2025-11-16T16:56:33","slug":"jehla-se-sponou-p1-3mm-d95mm","status":"publish","type":"product","link":"https:\/\/profmontaz.cz\/velkoobchod\/produkt\/jehla-se-sponou-p1-3mm-d95mm\/","title":{"rendered":"Jehla se sponou (P:1.3mm, D:95mm)"},"content":{"rendered":"<div class=\"wpb-content-wrapper\"><p>[vc_row][vc_column]\t\t<div id=\"wd-68404672e4710\" class=\"wd-text-block wd-wpb reset-last-child wd-rs-68404672e4710 text-center vc_custom_1749042807076\">\n\t\t\t<p>Jehla na boilies se z\u00e1mkem \u2013 vhodn\u00e1 pro pr\u00e1ci s r\u016fzn\u00fdmi m\u011bkk\u00fdmi n\u00e1strahami. S jej\u00ed pomoc\u00ed lze \u0437\u0440\u0443\u0447\u043d\u043e \u0437\u0430\u0432\u2019\u044f\u0437\u0430\u0442\u0438 \u043c\u0430\u043b\u0443 \u0441\u043c\u0438\u0447\u043a\u0443, \u0437\u0430\u043a\u0440\u0456\u043f\u0438\u0442\u0438 olov\u011bnou \u0161\u0148\u016fru (leadcore) \u0430\u0431\u043e \u043f\u0440\u043e\u0442\u044f\u0433\u043d\u0443\u0442\u0438 \u043f\u043e\u0432\u043e\u0434\u043e\u043a \u0447\u0435\u0440\u0435\u0437 PVA s\u00e1\u010dek. \u041c\u0430\u043b\u00fd z\u00e1mek \u043d\u0430 \u043a\u0456\u043d\u0446\u0456 \u0437\u0430\u043f\u043e\u0431\u0456\u0433\u0430\u0454 \u0437\u0430\u0445\u043e\u043f\u043b\u0435\u043d\u043d\u044e \u043f\u0440\u0438 \u043c\u043e\u043d\u0442\u0430\u0436\u0456. \u0421\u0430\u043c\u0430 \u0433\u043e\u043b\u043a\u0430 \u0432\u0438\u0433\u043e\u0442\u043e\u0432\u043b\u0435\u043d\u0430 \u0437 \u043f\u0440\u0443\u0436\u043d\u043e\u0457 \u043d\u0435\u0440\u0436\u0430\u0432\u043d\u043e\u0457 \u0441\u0442\u0430\u043b\u0456, \u043f\u043b\u0430\u0441\u0442\u0438\u043a\u043e\u0432\u0430 \u0440\u0443\u0447\u043a\u0430 \u043c\u0430\u0454 \u0430\u043d\u0430\u0442\u043e\u043c\u0456\u0447\u043d\u0443 \u0444\u043e\u0440\u043c\u0443 \u0437 \u043f\u0440\u043e\u0433\u0443\u043c\u043e\u0432\u0430\u043d\u0438\u043c\u0438 \u0432\u0441\u0442\u0430\u0432\u043a\u0430\u043c\u0438 \u043f\u0440\u043e\u0442\u0438 \u043a\u043e\u0432\u0437\u0430\u043d\u043d\u044f.<\/p>\n<p>Balen\u00ed obsahuje:<\/p>\n<p>1\u00d7 jehla se z\u00e1mkem 1,3 mm, d\u00e9lka: 95 mm;<\/p>\n<p>Barva: oran\u017eov\u00e1.<\/p>\n\t\t<\/div>\n\t\t[\/vc_column][\/vc_row][vc_row][vc_column][vc_column_text css=&#8220;&#8220; woodmart_inline=&#8220;no&#8220; text_larger=&#8220;no&#8220;]<\/p>\n<p>[\/vc_column_text][\/vc_column][\/vc_row]<\/p>\n<\/div>","protected":false},"excerpt":{"rendered":"<p>[vc_row][vc_column][\/vc_column][\/vc_row][vc_row][vc_column][vc_column_text css=&#8220;&#8220; woodmart_inline=&#8220;no&#8220; text_larger=&#8220;no&#8220;] [\/vc_column_text][\/vc_column][\/vc_row]<\/p>\n","protected":false},"featured_media":2752,"template":"","meta":[],"product_brand":[64],"product_cat":[119],"product_tag":[],"class_list":{"0":"post-2751","1":"product","2":"type-product","3":"status-publish","4":"has-post-thumbnail","6":"product_brand-profmontaz","7":"product_cat-drobna-bizuterie","9":"first","10":"instock","11":"taxable","12":"shipping-taxable","13":"purchasable","14":"product-type-simple"},"_links":{"self":[{"href":"https:\/\/profmontaz.cz\/velkoobchod\/wp-json\/wp\/v2\/product\/2751","targetHints":{"allow":["GET"]}}],"collection":[{"href":"https:\/\/profmontaz.cz\/velkoobchod\/wp-json\/wp\/v2\/product"}],"about":[{"href":"https:\/\/profmontaz.cz\/velkoobchod\/wp-json\/wp\/v2\/types\/product"}],"wp:featuredmedia":[{"embeddable":true,"href":"https:\/\/profmontaz.cz\/velkoobchod\/wp-json\/wp\/v2\/media\/2752"}],"wp:attachment":[{"href":"https:\/\/profmontaz.cz\/velkoobchod\/wp-json\/wp\/v2\/media?parent=2751"}],"wp:term":[{"taxonomy":"product_brand","embeddable":true,"href":"https:\/\/profmontaz.cz\/velkoobchod\/wp-json\/wp\/v2\/product_brand?post=2751"},{"taxonomy":"product_cat","embeddable":true,"href":"https:\/\/profmontaz.cz\/velkoobchod\/wp-json\/wp\/v2\/product_cat?post=2751"},{"taxonomy":"product_tag","embeddable":true,"href":"https:\/\/profmontaz.cz\/velkoobchod\/wp-json\/wp\/v2\/product_tag?post=2751"}],"curies":[{"name":"wp","href":"https:\/\/api.w.org\/{rel}","templated":true}]}}