{"id":2753,"date":"2025-06-04T15:13:52","date_gmt":"2025-06-04T13:13:52","guid":{"rendered":"https:\/\/profmontaz.cz\/velkoobchod\/?post_type=product&#038;p=2753"},"modified":"2025-11-16T18:08:04","modified_gmt":"2025-11-16T17:08:04","slug":"sada-vrtacekjehla-se-sponou","status":"publish","type":"product","link":"https:\/\/profmontaz.cz\/velkoobchod\/produkt\/sada-vrtacekjehla-se-sponou\/","title":{"rendered":"Sada Vrt\u00e1\u010dek+Jehla se sponou"},"content":{"rendered":"<div class=\"wpb-content-wrapper\"><p>[vc_row][vc_column]\t\t<div id=\"wd-684046bd2afc0\" class=\"wd-text-block wd-wpb reset-last-child wd-rs-684046bd2afc0 text-center vc_custom_1749042880157\">\n\t\t\t<p>Sada vrt\u00e1k + jehla se z\u00e1mkem \u2013 praktick\u00e9 a univerz\u00e1ln\u00ed \u0159e\u0161en\u00ed pro pr\u00e1ci s vlasov\u00fdmi n\u00e1vazci.<\/p>\n<p>Jehla se z\u00e1mkem je vhodn\u00e1 pro r\u016fzn\u00e9 m\u011bkk\u00e9 n\u00e1strahy, tak\u00e9 s jej\u00ed pomoc\u00ed snadno uv\u00e1\u017eete malou smy\u010dku, upevn\u00edte olov\u011bnou \u0161\u0148\u016fru (leadcore) nebo provle\u010dete n\u00e1vazec p\u0159es PVA s\u00e1\u010dek. Mal\u00fd z\u00e1mek na konci zabra\u0148uje zachycen\u00ed b\u011bhem mont\u00e1\u017ee. Jehla je vyrobena z pru\u017en\u00e9 nerezov\u00e9 oceli, plastov\u00e1 rukoje\u0165 m\u00e1 anatomick\u00fd tvar a protiskluzov\u00e9 gumov\u00e9 vlo\u017eky.<\/p>\n<p>Vrt\u00e1k umo\u017en\u00ed vytvo\u0159it otvor i v velmi tvrd\u00fdch n\u00e1strah\u00e1ch, jako jsou boilies, tyg\u0159\u00ed o\u0159ech apod.<\/p>\n<p>Balen\u00ed obsahuje:<\/p>\n<p>\u25ba 1\u00d7 jehla se z\u00e1mkem 1,3 mm, d\u00e9lka 95 mm<\/p>\n<p>\u25ba 1\u00d7 vrt\u00e1k na boilies 1,5 mm<\/p>\n\t\t<\/div>\n\t\t[\/vc_column][\/vc_row][vc_row][vc_column][vc_column_text css=&#8220;&#8220; woodmart_inline=&#8220;no&#8220; text_larger=&#8220;no&#8220;]<\/p>\n<p>[\/vc_column_text][\/vc_column][\/vc_row]<\/p>\n<\/div>","protected":false},"excerpt":{"rendered":"<p>[vc_row][vc_column][\/vc_column][\/vc_row][vc_row][vc_column][vc_column_text css=&#8220;&#8220; woodmart_inline=&#8220;no&#8220; text_larger=&#8220;no&#8220;] [\/vc_column_text][\/vc_column][\/vc_row]<\/p>\n","protected":false},"featured_media":2754,"template":"","meta":[],"product_brand":[64],"product_cat":[119],"product_tag":[],"class_list":{"0":"post-2753","1":"product","2":"type-product","3":"status-publish","4":"has-post-thumbnail","6":"product_brand-profmontaz","7":"product_cat-drobna-bizuterie","9":"first","10":"instock","11":"taxable","12":"shipping-taxable","13":"purchasable","14":"product-type-simple"},"_links":{"self":[{"href":"https:\/\/profmontaz.cz\/velkoobchod\/wp-json\/wp\/v2\/product\/2753","targetHints":{"allow":["GET"]}}],"collection":[{"href":"https:\/\/profmontaz.cz\/velkoobchod\/wp-json\/wp\/v2\/product"}],"about":[{"href":"https:\/\/profmontaz.cz\/velkoobchod\/wp-json\/wp\/v2\/types\/product"}],"wp:featuredmedia":[{"embeddable":true,"href":"https:\/\/profmontaz.cz\/velkoobchod\/wp-json\/wp\/v2\/media\/2754"}],"wp:attachment":[{"href":"https:\/\/profmontaz.cz\/velkoobchod\/wp-json\/wp\/v2\/media?parent=2753"}],"wp:term":[{"taxonomy":"product_brand","embeddable":true,"href":"https:\/\/profmontaz.cz\/velkoobchod\/wp-json\/wp\/v2\/product_brand?post=2753"},{"taxonomy":"product_cat","embeddable":true,"href":"https:\/\/profmontaz.cz\/velkoobchod\/wp-json\/wp\/v2\/product_cat?post=2753"},{"taxonomy":"product_tag","embeddable":true,"href":"https:\/\/profmontaz.cz\/velkoobchod\/wp-json\/wp\/v2\/product_tag?post=2753"}],"curies":[{"name":"wp","href":"https:\/\/api.w.org\/{rel}","templated":true}]}}