{"id":2755,"date":"2025-06-04T15:16:45","date_gmt":"2025-06-04T13:16:45","guid":{"rendered":"https:\/\/profmontaz.cz\/velkoobchod\/?post_type=product&#038;p=2755"},"modified":"2025-11-16T18:07:19","modified_gmt":"2025-11-16T17:07:19","slug":"sada-vrtacek-jehla-standart","status":"publish","type":"product","link":"https:\/\/profmontaz.cz\/velkoobchod\/produkt\/sada-vrtacek-jehla-standart\/","title":{"rendered":"Sada  Vrt\u00e1\u010dek + Jehla Standart"},"content":{"rendered":"<div class=\"wpb-content-wrapper\"><p>[vc_row][vc_column]\t\t<div id=\"wd-6840477804012\" class=\"wd-text-block wd-wpb reset-last-child wd-rs-6840477804012 text-center vc_custom_1749043069846\">\n\t\t\t<p>Sada vrt\u00e1k + jehla na boilies Standart \u2013 praktick\u00e9 hotov\u00e9 \u0159e\u0161en\u00ed pro p\u0159\u00edpravu vlasov\u00fdch n\u00e1vazc\u016f s r\u016fzn\u00fdmi n\u00e1strahami (boilies, pop-up, tyg\u0159\u00ed o\u0159ech, um\u011bl\u00e9 n\u00e1strahy apod.)<\/p>\n<p>Balen\u00ed obsahuje:<\/p>\n<p>\u25ba 1\u00d7 jehla na boilies Standart 1,2 mm, d\u00e9lka 90 mm<\/p>\n<p>\u25ba 1\u00d7 vrt\u00e1k na boilies 1,5 mm<\/p>\n<p>Jehla slou\u017e\u00ed k provl\u00e9k\u00e1n\u00ed vlasu skrz n\u00e1strahu jak\u00e9koli velikosti.<\/p>\n<p>Vrt\u00e1k je ur\u010den pro vytv\u00e1\u0159en\u00ed otvor\u016f v velmi tvrd\u00fdch n\u00e1strah\u00e1ch.<\/p>\n<p>Oba n\u00e1stroje jsou vyrobeny z nerezov\u00e9 oceli a vybaveny pohodln\u00fdmi plastov\u00fdmi rukoje\u0165mi v jasn\u00fdch barv\u00e1ch.<\/p>\n\t\t<\/div>\n\t\t[\/vc_column][\/vc_row][vc_row][vc_column][vc_column_text css=&#8220;&#8220; woodmart_inline=&#8220;no&#8220; text_larger=&#8220;no&#8220;]<\/p>\n<p>[\/vc_column_text][\/vc_column][\/vc_row]<\/p>\n<\/div>","protected":false},"excerpt":{"rendered":"<p>[vc_row][vc_column][\/vc_column][\/vc_row][vc_row][vc_column][vc_column_text css=&#8220;&#8220; woodmart_inline=&#8220;no&#8220; text_larger=&#8220;no&#8220;] [\/vc_column_text][\/vc_column][\/vc_row]<\/p>\n","protected":false},"featured_media":2756,"template":"","meta":[],"product_brand":[64],"product_cat":[119],"product_tag":[],"class_list":{"0":"post-2755","1":"product","2":"type-product","3":"status-publish","4":"has-post-thumbnail","6":"product_brand-profmontaz","7":"product_cat-drobna-bizuterie","9":"first","10":"instock","11":"taxable","12":"shipping-taxable","13":"purchasable","14":"product-type-simple"},"_links":{"self":[{"href":"https:\/\/profmontaz.cz\/velkoobchod\/wp-json\/wp\/v2\/product\/2755","targetHints":{"allow":["GET"]}}],"collection":[{"href":"https:\/\/profmontaz.cz\/velkoobchod\/wp-json\/wp\/v2\/product"}],"about":[{"href":"https:\/\/profmontaz.cz\/velkoobchod\/wp-json\/wp\/v2\/types\/product"}],"wp:featuredmedia":[{"embeddable":true,"href":"https:\/\/profmontaz.cz\/velkoobchod\/wp-json\/wp\/v2\/media\/2756"}],"wp:attachment":[{"href":"https:\/\/profmontaz.cz\/velkoobchod\/wp-json\/wp\/v2\/media?parent=2755"}],"wp:term":[{"taxonomy":"product_brand","embeddable":true,"href":"https:\/\/profmontaz.cz\/velkoobchod\/wp-json\/wp\/v2\/product_brand?post=2755"},{"taxonomy":"product_cat","embeddable":true,"href":"https:\/\/profmontaz.cz\/velkoobchod\/wp-json\/wp\/v2\/product_cat?post=2755"},{"taxonomy":"product_tag","embeddable":true,"href":"https:\/\/profmontaz.cz\/velkoobchod\/wp-json\/wp\/v2\/product_tag?post=2755"}],"curies":[{"name":"wp","href":"https:\/\/api.w.org\/{rel}","templated":true}]}}