{"id":2760,"date":"2025-06-04T15:20:44","date_gmt":"2025-06-04T13:20:44","guid":{"rendered":"https:\/\/profmontaz.cz\/velkoobchod\/?post_type=product&#038;p=2760"},"modified":"2025-11-16T17:51:52","modified_gmt":"2025-11-16T16:51:52","slug":"eva-kostricka-s-pravitkem-65%d1%8518%d1%81m","status":"publish","type":"product","link":"https:\/\/profmontaz.cz\/velkoobchod\/produkt\/eva-kostricka-s-pravitkem-65%d1%8518%d1%81m\/","title":{"rendered":"EVA Kost\u0159i\u010dka s prav\u00edtkem 6,5\u044518\u0441m"},"content":{"rendered":"<div class=\"wpb-content-wrapper\"><p>[vc_row][vc_column]\t\t<div id=\"wd-6840485a52c7b\" class=\"wd-text-block wd-wpb reset-last-child wd-rs-6840485a52c7b text-center vc_custom_1749043293361\">\n\t\t\t<p>Praktick\u00fd navij\u00e1k z EVA materi\u00e1lu pro r\u016fzn\u00e9 typy n\u00e1vazc\u016f \u2013 nejv\u00edce se osv\u011bd\u010d\u00ed p\u0159i plavan\u00e9. Pro v\u011bt\u0161\u00ed pohodl\u00ed je na navij\u00e1ku vyzna\u010dena m\u011b\u0159ic\u00ed stupnice a\u017e do 15 cm.<\/p>\n<p>Rozm\u011bry navij\u00e1ku: 18 \u00d7 5 \u00d7 1 cm<\/p>\n<p>Kapacita: a\u017e 10 hotov\u00fdch n\u00e1vazc\u016f.<\/p>\n<p>Navij\u00e1k je dostupn\u00fd v 5 barv\u00e1ch: \u017elut\u00e1, modr\u00e1, zelen\u00e1, \u010derven\u00e1, oran\u017eov\u00e1.<\/p>\n<p>Barva je vyb\u00edr\u00e1na n\u00e1hodn\u011b p\u0159i zpracov\u00e1n\u00ed objedn\u00e1vky. Pokud preferujete konkr\u00e9tn\u00ed barvu, napi\u0161te ji do koment\u00e1\u0159e \u2013 pokud bude skladem, r\u00e1di v\u00e1m vyhov\u00edme.<\/p>\n\t\t<\/div>\n\t\t[\/vc_column][\/vc_row][vc_row][vc_column][vc_column_text css=&#8220;&#8220; woodmart_inline=&#8220;no&#8220; text_larger=&#8220;no&#8220;]<\/p>\n<p>[\/vc_column_text][\/vc_column][\/vc_row]<\/p>\n<\/div>","protected":false},"excerpt":{"rendered":"<p>[vc_row][vc_column][\/vc_column][\/vc_row][vc_row][vc_column][vc_column_text css=&#8220;&#8220; woodmart_inline=&#8220;no&#8220; text_larger=&#8220;no&#8220;] [\/vc_column_text][\/vc_column][\/vc_row]<\/p>\n","protected":false},"featured_media":2761,"template":"","meta":[],"product_brand":[64],"product_cat":[119],"product_tag":[],"class_list":{"0":"post-2760","1":"product","2":"type-product","3":"status-publish","4":"has-post-thumbnail","6":"product_brand-profmontaz","7":"product_cat-drobna-bizuterie","9":"first","10":"instock","11":"taxable","12":"shipping-taxable","13":"purchasable","14":"product-type-simple"},"_links":{"self":[{"href":"https:\/\/profmontaz.cz\/velkoobchod\/wp-json\/wp\/v2\/product\/2760","targetHints":{"allow":["GET"]}}],"collection":[{"href":"https:\/\/profmontaz.cz\/velkoobchod\/wp-json\/wp\/v2\/product"}],"about":[{"href":"https:\/\/profmontaz.cz\/velkoobchod\/wp-json\/wp\/v2\/types\/product"}],"wp:featuredmedia":[{"embeddable":true,"href":"https:\/\/profmontaz.cz\/velkoobchod\/wp-json\/wp\/v2\/media\/2761"}],"wp:attachment":[{"href":"https:\/\/profmontaz.cz\/velkoobchod\/wp-json\/wp\/v2\/media?parent=2760"}],"wp:term":[{"taxonomy":"product_brand","embeddable":true,"href":"https:\/\/profmontaz.cz\/velkoobchod\/wp-json\/wp\/v2\/product_brand?post=2760"},{"taxonomy":"product_cat","embeddable":true,"href":"https:\/\/profmontaz.cz\/velkoobchod\/wp-json\/wp\/v2\/product_cat?post=2760"},{"taxonomy":"product_tag","embeddable":true,"href":"https:\/\/profmontaz.cz\/velkoobchod\/wp-json\/wp\/v2\/product_tag?post=2760"}],"curies":[{"name":"wp","href":"https:\/\/api.w.org\/{rel}","templated":true}]}}