{"id":2762,"date":"2025-06-04T15:22:03","date_gmt":"2025-06-04T13:22:03","guid":{"rendered":"https:\/\/profmontaz.cz\/velkoobchod\/?post_type=product&#038;p=2762"},"modified":"2025-11-16T17:52:23","modified_gmt":"2025-11-16T16:52:23","slug":"eva-kostricka-s-pravitkem-75%d1%8521%d1%81m","status":"publish","type":"product","link":"https:\/\/profmontaz.cz\/velkoobchod\/produkt\/eva-kostricka-s-pravitkem-75%d1%8521%d1%81m\/","title":{"rendered":"EVA Kost\u0159i\u010dka s prav\u00edtkem 7,5\u044521\u0441m"},"content":{"rendered":"<div class=\"wpb-content-wrapper\"><p>[vc_row][vc_column]\t\t<div id=\"wd-684048aa5e3de\" class=\"wd-text-block wd-wpb reset-last-child wd-rs-684048aa5e3de text-center vc_custom_1749043374194\">\n\t\t\t<p>Praktick\u00fd navij\u00e1k z EVA materi\u00e1lu pro r\u016fzn\u00e9 typy n\u00e1vazc\u016f \u2013 ide\u00e1ln\u00ed zejm\u00e9na pro plavanou. Pro pohodl\u00ed p\u0159i navazov\u00e1n\u00ed je na navij\u00e1ku vyzna\u010dena stupnice a\u017e do 18 cm.<\/p>\n<p>Rozm\u011bry navij\u00e1ku: 21 \u00d7 7,5 cm<\/p>\n<p>Kapacita: a\u017e 10 hotov\u00fdch n\u00e1vazc\u016f.<\/p>\n<p>Navij\u00e1k je dostupn\u00fd v 5 barv\u00e1ch: \u017elut\u00e1, modr\u00e1, zelen\u00e1, \u010derven\u00e1, oran\u017eov\u00e1.<\/p>\n<p>Barva je vyb\u00edr\u00e1na n\u00e1hodn\u011b p\u0159i zpracov\u00e1n\u00ed objedn\u00e1vky. Pokud m\u00e1te z\u00e1jem o konkr\u00e9tn\u00ed barvu, uve\u010fte ji v koment\u00e1\u0159i k objedn\u00e1vce \u2013 pokud bude skladem, r\u00e1di vyhov\u00edme.<\/p>\n\t\t<\/div>\n\t\t[\/vc_column][\/vc_row][vc_row][vc_column][vc_column_text css=&#8220;&#8220; woodmart_inline=&#8220;no&#8220; text_larger=&#8220;no&#8220;]<\/p>\n<p>[\/vc_column_text][\/vc_column][\/vc_row]<\/p>\n<\/div>","protected":false},"excerpt":{"rendered":"<p>[vc_row][vc_column][\/vc_column][\/vc_row][vc_row][vc_column][vc_column_text css=&#8220;&#8220; woodmart_inline=&#8220;no&#8220; text_larger=&#8220;no&#8220;] [\/vc_column_text][\/vc_column][\/vc_row]<\/p>\n","protected":false},"featured_media":2763,"template":"","meta":[],"product_brand":[64],"product_cat":[119],"product_tag":[],"class_list":{"0":"post-2762","1":"product","2":"type-product","3":"status-publish","4":"has-post-thumbnail","6":"product_brand-profmontaz","7":"product_cat-drobna-bizuterie","9":"first","10":"instock","11":"taxable","12":"shipping-taxable","13":"purchasable","14":"product-type-simple"},"_links":{"self":[{"href":"https:\/\/profmontaz.cz\/velkoobchod\/wp-json\/wp\/v2\/product\/2762","targetHints":{"allow":["GET"]}}],"collection":[{"href":"https:\/\/profmontaz.cz\/velkoobchod\/wp-json\/wp\/v2\/product"}],"about":[{"href":"https:\/\/profmontaz.cz\/velkoobchod\/wp-json\/wp\/v2\/types\/product"}],"wp:featuredmedia":[{"embeddable":true,"href":"https:\/\/profmontaz.cz\/velkoobchod\/wp-json\/wp\/v2\/media\/2763"}],"wp:attachment":[{"href":"https:\/\/profmontaz.cz\/velkoobchod\/wp-json\/wp\/v2\/media?parent=2762"}],"wp:term":[{"taxonomy":"product_brand","embeddable":true,"href":"https:\/\/profmontaz.cz\/velkoobchod\/wp-json\/wp\/v2\/product_brand?post=2762"},{"taxonomy":"product_cat","embeddable":true,"href":"https:\/\/profmontaz.cz\/velkoobchod\/wp-json\/wp\/v2\/product_cat?post=2762"},{"taxonomy":"product_tag","embeddable":true,"href":"https:\/\/profmontaz.cz\/velkoobchod\/wp-json\/wp\/v2\/product_tag?post=2762"}],"curies":[{"name":"wp","href":"https:\/\/api.w.org\/{rel}","templated":true}]}}