{"id":2777,"date":"2025-06-07T14:54:48","date_gmt":"2025-06-07T12:54:48","guid":{"rendered":"https:\/\/profmontaz.cz\/velkoobchod\/?post_type=product&#038;p=2777"},"modified":"2025-11-14T18:43:19","modified_gmt":"2025-11-14T17:43:19","slug":"method-feeder-flat-classic-20g","status":"publish","type":"product","link":"https:\/\/profmontaz.cz\/velkoobchod\/produkt\/method-feeder-flat-classic-20g\/","title":{"rendered":"Method Feeder Flat-Classic Individu\u00e1ln\u00ed balen\u00ed (1 kus\/bal)"},"content":{"rendered":"<div class=\"wpb-content-wrapper\"><p>[vc_row][vc_column]\t\t<div id=\"wd-68f0fc1077158\" class=\"wd-text-block wd-wpb reset-last-child wd-rs-68f0fc1077158 text-center vc_custom_1760623643518\">\n\t\t\t<p>Krm\u00edtko Flat &#8211; Classic\u00a0 \u2013 m\u00e1 nejvy\u0161\u0161\u00ed kvalitu, plastov\u00e1 \u010d\u00e1st je pevn\u00e1 a spolehliv\u00e1, vyroben\u00e1 z prvotn\u00edho materi\u00e1lu, z\u00e1t\u011b\u017e je pevn\u011b upevn\u011bna pomoc\u00ed n\u00fdt\u016f. Nejl\u00e9pe se pou\u017e\u00edv\u00e1 Flat &#8211; Classic s n\u00e1strahami mal\u00fdch a st\u0159edn\u00edch velikost\u00ed: \u010dervi, kuku\u0159ice, hr\u00e1ch, tyg\u0159\u00ed o\u0159ech, pop-upy a boilies do 10 mm. Vhodn\u00e9 pro pou\u017eit\u00ed jak s klasick\u00fdmi krmn\u00fdmi sm\u011bsmi, tak i s peletami \u2013 n\u00e1vnada dob\u0159e dr\u017e\u00ed bez ohledu na vzd\u00e1lenost a podm\u00ednky lovu. D\u00edky spodn\u00ed poloze z\u00e1t\u011b\u017ee v\u017edy po dopadu na dno dopadne n\u00e1strahou a krmen\u00edm sm\u011brem nahoru, co\u017e zaji\u0161\u0165uje voln\u00fd p\u0159\u00edstup pro rybu. Krm\u00edtka s hmotnost\u00ed 70, 80, 90 a 100 g maj\u00ed posunut\u00e9 t\u011b\u017ei\u0161t\u011b, co\u017e umo\u017e\u0148uje snadn\u00e9 a p\u0159esn\u00e9 n\u00e1hozy i za bo\u010dn\u00edho v\u011btru. Pro pohodln\u00e9 a spr\u00e1vn\u00e9 pln\u011bn\u00ed krm\u00edtka n\u00e1vnadou je nejlep\u0161\u00ed pou\u017e\u00edvat formu ProfMontazh. Klasick\u00fd ov\u00e1ln\u00fd tvar a standardn\u00ed velikost jsou vhodn\u00e9 pro v\u011bt\u0161inu podm\u00ednek rybolovu.<\/p>\n\t\t<\/div>\n\t\t[\/vc_column][\/vc_row][vc_row][vc_column][vc_column_text css=&#8220;&#8220; woodmart_inline=&#8220;no&#8220; text_larger=&#8220;no&#8220;]<\/p>\n<p>[\/vc_column_text][\/vc_column][\/vc_row]<\/p>\n<\/div>","protected":false},"excerpt":{"rendered":"<p>[vc_row][vc_column][\/vc_column][\/vc_row][vc_row][vc_column][vc_column_text css=&#8220;&#8220; woodmart_inline=&#8220;no&#8220; text_larger=&#8220;no&#8220;] [\/vc_column_text][\/vc_column][\/vc_row]<\/p>\n","protected":false},"featured_media":4516,"template":"","meta":[],"product_brand":[64],"product_cat":[15,101],"product_tag":[],"class_list":{"0":"post-2777","1":"product","2":"type-product","3":"status-publish","4":"has-post-thumbnail","6":"product_brand-profmontaz","7":"product_cat-rybarska-krmitka","8":"product_cat-method-feederova-krmitka","10":"first","11":"instock","12":"taxable","13":"shipping-taxable","14":"purchasable","15":"product-type-variable"},"_links":{"self":[{"href":"https:\/\/profmontaz.cz\/velkoobchod\/wp-json\/wp\/v2\/product\/2777","targetHints":{"allow":["GET"]}}],"collection":[{"href":"https:\/\/profmontaz.cz\/velkoobchod\/wp-json\/wp\/v2\/product"}],"about":[{"href":"https:\/\/profmontaz.cz\/velkoobchod\/wp-json\/wp\/v2\/types\/product"}],"wp:featuredmedia":[{"embeddable":true,"href":"https:\/\/profmontaz.cz\/velkoobchod\/wp-json\/wp\/v2\/media\/4516"}],"wp:attachment":[{"href":"https:\/\/profmontaz.cz\/velkoobchod\/wp-json\/wp\/v2\/media?parent=2777"}],"wp:term":[{"taxonomy":"product_brand","embeddable":true,"href":"https:\/\/profmontaz.cz\/velkoobchod\/wp-json\/wp\/v2\/product_brand?post=2777"},{"taxonomy":"product_cat","embeddable":true,"href":"https:\/\/profmontaz.cz\/velkoobchod\/wp-json\/wp\/v2\/product_cat?post=2777"},{"taxonomy":"product_tag","embeddable":true,"href":"https:\/\/profmontaz.cz\/velkoobchod\/wp-json\/wp\/v2\/product_tag?post=2777"}],"curies":[{"name":"wp","href":"https:\/\/api.w.org\/{rel}","templated":true}]}}