{"id":2799,"date":"2025-06-07T16:08:11","date_gmt":"2025-06-07T14:08:11","guid":{"rendered":"https:\/\/profmontaz.cz\/velkoobchod\/?post_type=product&#038;p=2799"},"modified":"2025-11-14T17:50:27","modified_gmt":"2025-11-14T16:50:27","slug":"method-feeder-flat-boyle-40g","status":"publish","type":"product","link":"https:\/\/profmontaz.cz\/velkoobchod\/produkt\/method-feeder-flat-boyle-40g\/","title":{"rendered":"Method Feeder Flat-Boyle Individu\u00e1ln\u00ed balen\u00ed (1 kus\/bal)"},"content":{"rendered":"<div class=\"wpb-content-wrapper\"><p>[vc_row][vc_column]\t\t<div id=\"wd-684448021c9e4\" class=\"wd-text-block wd-wpb reset-last-child wd-rs-684448021c9e4 text-center vc_custom_1749305348866\">\n\t\t\t<p>Krm\u00edtko Flat-Boyle\u00a0 \u2013 speci\u00e1ln\u011b vyvinut\u00e9 pro pou\u017eit\u00ed s n\u00e1strahami typu boilies. Vhodn\u00e9 pro pou\u017eit\u00ed jak s klasick\u00fdmi krmn\u00fdmi sm\u011bsmi, tak i s peletami \u2013 n\u00e1vnada dob\u0159e dr\u017e\u00ed bez ohledu na vzd\u00e1lenost a podm\u00ednky lovu. M\u00e1 nejvy\u0161\u0161\u00ed kvalitu zpracov\u00e1n\u00ed: plastov\u00e1 \u010d\u00e1st je pevn\u00e1 a spolehliv\u00e1, vyroben\u00e1 z prvotn\u00edho materi\u00e1lu, z\u00e1t\u011b\u017e je pevn\u011b p\u0159in\u00fdtov\u00e1na. Ka\u017ed\u00e9 krm\u00edtko je vybaveno silikonov\u00fdm krytem. Spodn\u00ed um\u00edst\u011bn\u00ed z\u00e1t\u011b\u017ee br\u00e1n\u00ed p\u0159ekulen\u00ed krm\u00edtka na hran\u00e1ch a svaz\u00edch dna a zaji\u0161\u0165uje v\u017edy kvalitn\u00ed prezentaci krmiva i n\u00e1strahy pro ryby. Krm\u00edtka Flat-Boyle 70, 80, 90 a 100 g maj\u00ed posunut\u00e9 t\u011b\u017ei\u0161t\u011b, co\u017e umo\u017e\u0148uje snadn\u00e9 a p\u0159esn\u00e9 n\u00e1hozy, i p\u0159i bo\u010dn\u00edm v\u011btru. Pro pohodln\u00e9 a spr\u00e1vn\u00e9 pln\u011bn\u00ed krm\u00edtka n\u00e1vnadou je nejlep\u0161\u00ed pou\u017e\u00edvat spolu s lisovac\u00ed formou ProfMontazh. Klasick\u00fd ov\u00e1ln\u00fd tvar a standardn\u00ed velikost jsou vhodn\u00e9 pro v\u011bt\u0161inu rybolovn\u00fdch podm\u00ednek.<\/p>\n\t\t<\/div>\n\t\t[\/vc_column][\/vc_row][vc_row][vc_column][vc_column_text css=&#8220;&#8220; woodmart_inline=&#8220;no&#8220; text_larger=&#8220;no&#8220;]<\/p>\n<p>[\/vc_column_text][\/vc_column][\/vc_row]<\/p>\n<\/div>","protected":false},"excerpt":{"rendered":"<p>[vc_row][vc_column][\/vc_column][\/vc_row][vc_row][vc_column][vc_column_text css=&#8220;&#8220; woodmart_inline=&#8220;no&#8220; text_larger=&#8220;no&#8220;] [\/vc_column_text][\/vc_column][\/vc_row]<\/p>\n","protected":false},"featured_media":4504,"template":"","meta":[],"product_brand":[64],"product_cat":[15,101],"product_tag":[234],"class_list":{"0":"post-2799","1":"product","2":"type-product","3":"status-publish","4":"has-post-thumbnail","6":"product_brand-profmontaz","7":"product_cat-rybarska-krmitka","8":"product_cat-method-feederova-krmitka","9":"product_tag-method-feeder","11":"first","12":"instock","13":"taxable","14":"shipping-taxable","15":"purchasable","16":"product-type-variable"},"_links":{"self":[{"href":"https:\/\/profmontaz.cz\/velkoobchod\/wp-json\/wp\/v2\/product\/2799","targetHints":{"allow":["GET"]}}],"collection":[{"href":"https:\/\/profmontaz.cz\/velkoobchod\/wp-json\/wp\/v2\/product"}],"about":[{"href":"https:\/\/profmontaz.cz\/velkoobchod\/wp-json\/wp\/v2\/types\/product"}],"wp:featuredmedia":[{"embeddable":true,"href":"https:\/\/profmontaz.cz\/velkoobchod\/wp-json\/wp\/v2\/media\/4504"}],"wp:attachment":[{"href":"https:\/\/profmontaz.cz\/velkoobchod\/wp-json\/wp\/v2\/media?parent=2799"}],"wp:term":[{"taxonomy":"product_brand","embeddable":true,"href":"https:\/\/profmontaz.cz\/velkoobchod\/wp-json\/wp\/v2\/product_brand?post=2799"},{"taxonomy":"product_cat","embeddable":true,"href":"https:\/\/profmontaz.cz\/velkoobchod\/wp-json\/wp\/v2\/product_cat?post=2799"},{"taxonomy":"product_tag","embeddable":true,"href":"https:\/\/profmontaz.cz\/velkoobchod\/wp-json\/wp\/v2\/product_tag?post=2799"}],"curies":[{"name":"wp","href":"https:\/\/api.w.org\/{rel}","templated":true}]}}