{"id":2881,"date":"2025-06-07T17:14:34","date_gmt":"2025-06-07T15:14:34","guid":{"rendered":"https:\/\/profmontaz.cz\/velkoobchod\/?post_type=product&#038;p=2881"},"modified":"2025-11-17T17:09:04","modified_gmt":"2025-11-17T16:09:04","slug":"method-feeder-romanian-flat-classic-20g","status":"publish","type":"product","link":"https:\/\/profmontaz.cz\/velkoobchod\/produkt\/method-feeder-romanian-flat-classic-20g\/","title":{"rendered":"Method Feeder Romanian flat-classic (3 kusy\/bal) (Cena je za kus)"},"content":{"rendered":"<div class=\"wpb-content-wrapper\"><p>[vc_row][vc_column]\t\t<div id=\"wd-691b484487187\" class=\"wd-text-block wd-wpb reset-last-child wd-rs-691b484487187 text-center vc_custom_1763395682968\">\n\t\t\t<p style=\"text-align: left;\" data-start=\"35\" data-end=\"751\"><strong data-start=\"35\" data-end=\"60\">Krm\u00edtko Romanian Flat<\/strong> se li\u0161\u00ed od b\u011b\u017en\u00fdch flatov\u00fdch krm\u00edtek p\u0159\u00edtomnost\u00ed dlouh\u00e9 trubi\u010dky v p\u0159edn\u00ed \u010d\u00e1sti. Tato trubi\u010dka chr\u00e1n\u00ed mont\u00e1\u017e p\u0159ed p\u0159ekroucen\u00edm a stabilizuje krm\u00edtko p\u0159i n\u00e1hozu, co\u017e umo\u017e\u0148uje velmi dalek\u00e9 a p\u0159esn\u00e9 hody. Je vyrobeno z vysoce kvalitn\u00edho prim\u00e1rn\u00edho plastu, z\u00e1t\u011b\u017e je spolehliv\u011b upevn\u011bna n\u00fdty. Nejl\u00e9pe se pou\u017e\u00edv\u00e1 <strong data-start=\"368\" data-end=\"386\">Flat \u2013 Classic<\/strong> s n\u00e1strahami mal\u00e9 a st\u0159edn\u00ed velikosti: hnojn\u00ed \u010derv, kuku\u0159ice, hr\u00e1ch, tyg\u0159\u00ed o\u0159ech, pop-upy a boilies 10 mm. Hod\u00ed se pro pou\u017eit\u00ed jak s klasick\u00fdmi krmn\u00fdmi sm\u011bsmi, tak s peletami, n\u00e1vnada dob\u0159e dr\u017e\u00ed bez ohledu na vzd\u00e1lenost \u010di podm\u00ednky lovu. D\u00edky spodn\u00edmu um\u00edst\u011bn\u00ed z\u00e1t\u011b\u017ee dopad\u00e1 na dno v\u017edy tak, \u017ee n\u00e1straha s krmen\u00edm sm\u011b\u0159uje nahoru, a z\u016fst\u00e1v\u00e1 tak ryb\u011b dob\u0159e dostupn\u00e1.<\/p>\n<p style=\"text-align: left;\" data-start=\"753\" data-end=\"1096\">Krm\u00edtka o hmotnosti <strong data-start=\"773\" data-end=\"795\">70, 80, 90 a 100 g<\/strong> maj\u00ed posunut\u00e9 t\u011b\u017ei\u0161t\u011b, tak\u017ee s takov\u00fdm flatov\u00fdm krm\u00edtkem lze snadno prov\u00e1d\u011bt dalek\u00e9 a p\u0159esn\u00e9 hody, i kdy\u017e fouk\u00e1 bo\u010dn\u00ed v\u00edtr. Pro pohodln\u00e9 a spr\u00e1vn\u00e9 pln\u011bn\u00ed krm\u00edtka je nejlep\u0161\u00ed pou\u017e\u00edvat jej spolu s formou ProfMontazh. Klasick\u00fd ov\u00e1ln\u00fd tvar a standardn\u00ed velikost jsou vhodn\u00e9 pro v\u011bt\u0161inu podm\u00ednek rybolovu.<\/p>\n\t\t<\/div>\n\t\t[\/vc_column][\/vc_row][vc_row][vc_column][vc_column_text css=&#8220;&#8220; woodmart_inline=&#8220;no&#8220; text_larger=&#8220;no&#8220;]<\/p>\n<p>[\/vc_column_text][\/vc_column][\/vc_row]<\/p>\n<\/div>","protected":false},"excerpt":{"rendered":"<p>[vc_row][vc_column][\/vc_column][\/vc_row][vc_row][vc_column][vc_column_text css=&#8220;&#8220; woodmart_inline=&#8220;no&#8220; text_larger=&#8220;no&#8220;] [\/vc_column_text][\/vc_column][\/vc_row]<\/p>\n","protected":false},"featured_media":2889,"template":"","meta":[],"product_brand":[64],"product_cat":[15,101],"product_tag":[234],"class_list":{"0":"post-2881","1":"product","2":"type-product","3":"status-publish","4":"has-post-thumbnail","6":"product_brand-profmontaz","7":"product_cat-rybarska-krmitka","8":"product_cat-method-feederova-krmitka","9":"product_tag-method-feeder","11":"first","12":"instock","13":"taxable","14":"shipping-taxable","15":"purchasable","16":"product-type-variable"},"_links":{"self":[{"href":"https:\/\/profmontaz.cz\/velkoobchod\/wp-json\/wp\/v2\/product\/2881","targetHints":{"allow":["GET"]}}],"collection":[{"href":"https:\/\/profmontaz.cz\/velkoobchod\/wp-json\/wp\/v2\/product"}],"about":[{"href":"https:\/\/profmontaz.cz\/velkoobchod\/wp-json\/wp\/v2\/types\/product"}],"wp:featuredmedia":[{"embeddable":true,"href":"https:\/\/profmontaz.cz\/velkoobchod\/wp-json\/wp\/v2\/media\/2889"}],"wp:attachment":[{"href":"https:\/\/profmontaz.cz\/velkoobchod\/wp-json\/wp\/v2\/media?parent=2881"}],"wp:term":[{"taxonomy":"product_brand","embeddable":true,"href":"https:\/\/profmontaz.cz\/velkoobchod\/wp-json\/wp\/v2\/product_brand?post=2881"},{"taxonomy":"product_cat","embeddable":true,"href":"https:\/\/profmontaz.cz\/velkoobchod\/wp-json\/wp\/v2\/product_cat?post=2881"},{"taxonomy":"product_tag","embeddable":true,"href":"https:\/\/profmontaz.cz\/velkoobchod\/wp-json\/wp\/v2\/product_tag?post=2881"}],"curies":[{"name":"wp","href":"https:\/\/api.w.org\/{rel}","templated":true}]}}