{"id":2919,"date":"2025-06-07T18:03:38","date_gmt":"2025-06-07T16:03:38","guid":{"rendered":"https:\/\/profmontaz.cz\/velkoobchod\/?post_type=product&#038;p=2919"},"modified":"2025-11-14T16:15:52","modified_gmt":"2025-11-14T15:15:52","slug":"method-feeder-romanian-flat-method-20g","status":"publish","type":"product","link":"https:\/\/profmontaz.cz\/velkoobchod\/produkt\/method-feeder-romanian-flat-method-20g\/","title":{"rendered":"Method Feeder &#8220;Romanian flat-method (3 kusy\/bal) (Cena je za kus)"},"content":{"rendered":"<div class=\"wpb-content-wrapper\"><p>[vc_row][vc_column]\t\t<div id=\"wd-69174796111c4\" class=\"wd-text-block wd-wpb reset-last-child wd-rs-69174796111c4 text-center vc_custom_1763133350403\">\n\t\t\t<p style=\"text-align: left;\">Krm\u00edtko Romanian Flat &#8211; Method \u2013 rumunsk\u00e9 flat krm\u00edtko se od b\u011b\u017en\u00fdch typ\u016f odli\u0161uje p\u0159\u00edtomnost\u00ed dlouh\u00e9 trubi\u010dky v p\u0159edn\u00ed \u010d\u00e1sti, kter\u00e1 chr\u00e1n\u00ed n\u00e1vazec p\u0159ed zamot\u00e1n\u00edm a stabilizuje krm\u00edtko p\u0159i n\u00e1hozu, co\u017e umo\u017e\u0148uje velmi dalek\u00e9 a p\u0159esn\u00e9 hody.<\/p>\n<p style=\"text-align: left;\">Vyrobeno ve \u0161pi\u010dkov\u00e9 kvalit\u011b: plastov\u00e1 \u010d\u00e1st je pevn\u00e1 a spolehliv\u00e1, vyroben\u00e1 z prvotn\u00edho materi\u00e1lu, a z\u00e1t\u011b\u017e je bezpe\u010dn\u011b upevn\u011bna pomoc\u00ed n\u00fdt\u016f. Ka\u017ed\u00e9 krm\u00edtko je vybaveno silikonov\u00fdm krytem.<\/p>\n<p style=\"text-align: left;\">Charakteristick\u00fdm rysem modelu Flat-Method jsou \u017eebra po obvodu krm\u00edtka \u2013 tento typ je ide\u00e1ln\u00ed pro pou\u017eit\u00ed s n\u00e1vnadou typu Method. Prostorn\u00fd vnit\u0159ek umo\u017e\u0148uje pou\u017eit\u00ed n\u00e1strah libovoln\u00e9 velikosti.<\/p>\n<p style=\"text-align: left;\">D\u00edky spodn\u00edmu um\u00edst\u011bn\u00ed z\u00e1t\u011b\u017ee se krm\u00edtko nep\u0159ekuluje na hran\u00e1ch a svaz\u00edch dna a zaji\u0161\u0165uje v\u017edy spr\u00e1vnou prezentaci n\u00e1strahy i krmen\u00ed. Krm\u00edtka Flat-Method o hmotnosti 70, 80, 90 a 100 g maj\u00ed posunut\u00e9 t\u011b\u017ei\u0161t\u011b, co\u017e zaji\u0161\u0165uje snadn\u00e9 a p\u0159esn\u00e9 n\u00e1hozy i p\u0159i bo\u010dn\u00edm v\u011btru.<\/p>\n\t\t<\/div>\n\t\t[\/vc_column][\/vc_row][vc_row][vc_column][vc_column_text css=&#8220;&#8220; woodmart_inline=&#8220;no&#8220; text_larger=&#8220;no&#8220;]<\/p>\n<p>[\/vc_column_text][\/vc_column][\/vc_row]<\/p>\n<\/div>","protected":false},"excerpt":{"rendered":"<p>[vc_row][vc_column][\/vc_column][\/vc_row][vc_row][vc_column][vc_column_text css=&#8220;&#8220; woodmart_inline=&#8220;no&#8220; text_larger=&#8220;no&#8220;] [\/vc_column_text][\/vc_column][\/vc_row]<\/p>\n","protected":false},"featured_media":2929,"template":"","meta":[],"product_brand":[64],"product_cat":[15,101],"product_tag":[234],"class_list":{"0":"post-2919","1":"product","2":"type-product","3":"status-publish","4":"has-post-thumbnail","6":"product_brand-profmontaz","7":"product_cat-rybarska-krmitka","8":"product_cat-method-feederova-krmitka","9":"product_tag-method-feeder","11":"first","12":"instock","13":"taxable","14":"shipping-taxable","15":"purchasable","16":"product-type-variable"},"_links":{"self":[{"href":"https:\/\/profmontaz.cz\/velkoobchod\/wp-json\/wp\/v2\/product\/2919","targetHints":{"allow":["GET"]}}],"collection":[{"href":"https:\/\/profmontaz.cz\/velkoobchod\/wp-json\/wp\/v2\/product"}],"about":[{"href":"https:\/\/profmontaz.cz\/velkoobchod\/wp-json\/wp\/v2\/types\/product"}],"wp:featuredmedia":[{"embeddable":true,"href":"https:\/\/profmontaz.cz\/velkoobchod\/wp-json\/wp\/v2\/media\/2929"}],"wp:attachment":[{"href":"https:\/\/profmontaz.cz\/velkoobchod\/wp-json\/wp\/v2\/media?parent=2919"}],"wp:term":[{"taxonomy":"product_brand","embeddable":true,"href":"https:\/\/profmontaz.cz\/velkoobchod\/wp-json\/wp\/v2\/product_brand?post=2919"},{"taxonomy":"product_cat","embeddable":true,"href":"https:\/\/profmontaz.cz\/velkoobchod\/wp-json\/wp\/v2\/product_cat?post=2919"},{"taxonomy":"product_tag","embeddable":true,"href":"https:\/\/profmontaz.cz\/velkoobchod\/wp-json\/wp\/v2\/product_tag?post=2919"}],"curies":[{"name":"wp","href":"https:\/\/api.w.org\/{rel}","templated":true}]}}