{"id":2939,"date":"2025-06-07T18:12:56","date_gmt":"2025-06-07T16:12:56","guid":{"rendered":"https:\/\/profmontaz.cz\/velkoobchod\/?post_type=product&#038;p=2939"},"modified":"2025-11-17T17:15:53","modified_gmt":"2025-11-17T16:15:53","slug":"method-feeder-romanian-flat-pellet-20g","status":"publish","type":"product","link":"https:\/\/profmontaz.cz\/velkoobchod\/produkt\/method-feeder-romanian-flat-pellet-20g\/","title":{"rendered":"Method Feeder Romanian Flat-Pellet (3 kusy\/bal) (Cena je za kus)"},"content":{"rendered":"<div class=\"wpb-content-wrapper\"><p>[vc_row][vc_column]\t\t<div id=\"wd-684465785ca14\" class=\"wd-text-block wd-wpb reset-last-child wd-rs-684465785ca14 text-center vc_custom_1749312898443\">\n\t\t\t<p>Krm\u00edtko Romanian Flat-Pellet\u00a0 \u2013 inovativn\u00ed krm\u00edtko, kter\u00e9 umo\u017e\u0148uje rychl\u00e9 a pohodln\u00e9 pln\u011bn\u00ed krmivem jedn\u00edm stiskem prstu, bez nutnosti pou\u017eit\u00ed lisovac\u00ed formy. Kompaktn\u00ed, ale z\u00e1rove\u0148 objemn\u00fd tvar je vhodn\u00fd pro v\u011bt\u0161inu ryb\u00e1\u0159sk\u00fdch podm\u00ednek.<\/p>\n<p>D\u00edky hrot\u016fm na dn\u011b krm\u00edtka a vysok\u00fdm \u0161ikm\u00fdm okraj\u016fm z\u016fst\u00e1v\u00e1 krmivo bezpe\u010dn\u011b uvnit\u0159 i p\u0159i siln\u00fdch a dalek\u00fdch n\u00e1hozech. Krm\u00edtko Flat-Pellet je univerz\u00e1ln\u00ed a vhodn\u00e9 pro v\u0161echny druhy method n\u00e1vnad, ale nejlep\u0161\u00edch v\u00fdsledk\u016f dosahuje p\u0159i pou\u017eit\u00ed s peletami velikosti 2\u20133 mm.<\/p>\n<p>Voln\u00e9 vnit\u0159n\u00ed uspo\u0159\u00e1d\u00e1n\u00ed umo\u017e\u0148uje ide\u00e1ln\u00ed prezentaci n\u00e1strah a\u017e do pr\u016fm\u011bru 20 mm. Mont\u00e1\u017ee s t\u00edmto krm\u00edtkem jsou ide\u00e1ln\u00ed pro lov ryb se spodn\u00edm zp\u016fsobem krmen\u00ed, jako jsou kapr, karas, l\u00edn, cejn atd.<\/p>\n<p>\u0160irok\u00e1 nab\u00eddka hmotnost\u00ed od 30 g do 100 g umo\u017e\u0148uje zvolit optim\u00e1ln\u00ed variantu pro jak\u00e9koli podm\u00ednky lovu.<\/p>\n\t\t<\/div>\n\t\t[\/vc_column][\/vc_row][vc_row][vc_column][vc_column_text css=&#8220;&#8220; woodmart_inline=&#8220;no&#8220; text_larger=&#8220;no&#8220;]<\/p>\n<p>[\/vc_column_text][\/vc_column][\/vc_row]<\/p>\n<\/div>","protected":false},"excerpt":{"rendered":"<p>[vc_row][vc_column][\/vc_column][\/vc_row][vc_row][vc_column][vc_column_text css=&#8220;&#8220; woodmart_inline=&#8220;no&#8220; text_larger=&#8220;no&#8220;] [\/vc_column_text][\/vc_column][\/vc_row]<\/p>\n","protected":false},"featured_media":2949,"template":"","meta":[],"product_brand":[64],"product_cat":[15,101],"product_tag":[234],"class_list":{"0":"post-2939","1":"product","2":"type-product","3":"status-publish","4":"has-post-thumbnail","6":"product_brand-profmontaz","7":"product_cat-rybarska-krmitka","8":"product_cat-method-feederova-krmitka","9":"product_tag-method-feeder","11":"first","12":"instock","13":"taxable","14":"shipping-taxable","15":"purchasable","16":"product-type-variable"},"_links":{"self":[{"href":"https:\/\/profmontaz.cz\/velkoobchod\/wp-json\/wp\/v2\/product\/2939","targetHints":{"allow":["GET"]}}],"collection":[{"href":"https:\/\/profmontaz.cz\/velkoobchod\/wp-json\/wp\/v2\/product"}],"about":[{"href":"https:\/\/profmontaz.cz\/velkoobchod\/wp-json\/wp\/v2\/types\/product"}],"wp:featuredmedia":[{"embeddable":true,"href":"https:\/\/profmontaz.cz\/velkoobchod\/wp-json\/wp\/v2\/media\/2949"}],"wp:attachment":[{"href":"https:\/\/profmontaz.cz\/velkoobchod\/wp-json\/wp\/v2\/media?parent=2939"}],"wp:term":[{"taxonomy":"product_brand","embeddable":true,"href":"https:\/\/profmontaz.cz\/velkoobchod\/wp-json\/wp\/v2\/product_brand?post=2939"},{"taxonomy":"product_cat","embeddable":true,"href":"https:\/\/profmontaz.cz\/velkoobchod\/wp-json\/wp\/v2\/product_cat?post=2939"},{"taxonomy":"product_tag","embeddable":true,"href":"https:\/\/profmontaz.cz\/velkoobchod\/wp-json\/wp\/v2\/product_tag?post=2939"}],"curies":[{"name":"wp","href":"https:\/\/api.w.org\/{rel}","templated":true}]}}