{"id":2950,"date":"2025-06-07T18:23:19","date_gmt":"2025-06-07T16:23:19","guid":{"rendered":"https:\/\/profmontaz.cz\/velkoobchod\/?post_type=product&#038;p=2950"},"modified":"2025-11-17T16:27:14","modified_gmt":"2025-11-17T15:27:14","slug":"method-feeder-romanian-flat-boyle-big-40g","status":"publish","type":"product","link":"https:\/\/profmontaz.cz\/velkoobchod\/produkt\/method-feeder-romanian-flat-boyle-big-40g\/","title":{"rendered":"Method Feeder Romanian flat-boyle BIG Individu\u00e1ln\u00ed balen\u00ed (1 kus\/bal)"},"content":{"rendered":"<div class=\"wpb-content-wrapper\"><p>[vc_row][vc_column]\t\t<div id=\"wd-684467ff138c4\" class=\"wd-text-block wd-wpb reset-last-child wd-rs-684467ff138c4 text-center vc_custom_1749313539930\">\n\t\t\t<p>Krm\u00edtko se vyzna\u010duje dlouhou trubi\u010dkou v p\u0159edn\u00ed \u010d\u00e1sti. Tato trubi\u010dka chr\u00e1n\u00ed n\u00e1vazec p\u0159ed zamot\u00e1n\u00edm, stabilizuje jej b\u011bhem letu a podle mnoha test\u016f zvy\u0161uje d\u00e9lku n\u00e1hozu v pr\u016fm\u011bru o 10 %, co\u017e umo\u017e\u0148uje dalek\u00e9 a p\u0159esn\u00e9 hody.<\/p>\n<p>Krm\u00edtko m\u00e1 rozm\u011br 35\u00d755 mm, je vyrobeno z vysoce kvalitn\u00edho prvotn\u00edho plastu a z\u00e1t\u011b\u017e je pevn\u011b upevn\u011bna n\u00fdty ve spodn\u00ed \u010d\u00e1sti. Krm\u00edtko Romanian Flat Boyle BIG d\u00edky otev\u0159en\u00e9mu vnit\u0159n\u00edmu prostoru umo\u017e\u0148uje pou\u017eit\u00ed boilies a kombinovan\u00fdch n\u00e1strah o pr\u016fm\u011bru a\u017e 22 mm. P\u0159i leh\u010d\u00edch hmotnostech 40\u201360 g d\u00edky velk\u00e9 plo\u0161e krm\u00edtka a p\u0159\u00edtomnosti trubi\u010dky dob\u0159e dr\u017e\u00ed i na m\u011bkk\u00e9m bahnit\u00e9m dn\u011b, ani\u017e by se do n\u011bj zabo\u0159ilo.<\/p>\n<p>Toto flat krm\u00edtko je vhodn\u00e9 pro pou\u017eit\u00ed jak s klasick\u00fdmi krmn\u00fdmi sm\u011bsmi, tak i s peletami. D\u00edky spodn\u00edmu um\u00edst\u011bn\u00ed z\u00e1t\u011b\u017ee po dopadu na dno krm\u00edtko v\u017edy dopadne n\u00e1strahou nahoru, \u010d\u00edm\u017e z\u016fst\u00e1v\u00e1 voln\u011b p\u0159\u00edstupn\u00e1 pro rybu.<\/p>\n<p>Krm\u00edtka o hmotnosti 70, 80, 90 a 100 g maj\u00ed posunut\u00e9 t\u011b\u017ei\u0161t\u011b, co\u017e umo\u017e\u0148uje snadn\u00e9 a p\u0159esn\u00e9 n\u00e1hozy i za bo\u010dn\u00edho v\u011btru. Pro pohodln\u00e9 a rovnom\u011brn\u00e9 pln\u011bn\u00ed krm\u00edtka doporu\u010dujeme pou\u017e\u00edvat lisovac\u00ed formu ProfMontazh. Klasick\u00fd ov\u00e1ln\u00fd tvar a standardn\u00ed velikost jsou vhodn\u00e9 pro v\u011bt\u0161inu podm\u00ednek lovu ryb.<\/p>\n\t\t<\/div>\n\t\t[\/vc_column][\/vc_row][vc_row][vc_column][vc_column_text css=&#8220;&#8220; woodmart_inline=&#8220;no&#8220; text_larger=&#8220;no&#8220;]<\/p>\n<p>[\/vc_column_text][\/vc_column][\/vc_row]<\/p>\n<\/div>","protected":false},"excerpt":{"rendered":"<p>[vc_row][vc_column][\/vc_column][\/vc_row][vc_row][vc_column][vc_column_text css=&#8220;&#8220; woodmart_inline=&#8220;no&#8220; text_larger=&#8220;no&#8220;] [\/vc_column_text][\/vc_column][\/vc_row]<\/p>\n","protected":false},"featured_media":2960,"template":"","meta":[],"product_brand":[64],"product_cat":[15,101],"product_tag":[234],"class_list":{"0":"post-2950","1":"product","2":"type-product","3":"status-publish","4":"has-post-thumbnail","6":"product_brand-profmontaz","7":"product_cat-rybarska-krmitka","8":"product_cat-method-feederova-krmitka","9":"product_tag-method-feeder","11":"first","12":"instock","13":"taxable","14":"shipping-taxable","15":"purchasable","16":"product-type-variable"},"_links":{"self":[{"href":"https:\/\/profmontaz.cz\/velkoobchod\/wp-json\/wp\/v2\/product\/2950","targetHints":{"allow":["GET"]}}],"collection":[{"href":"https:\/\/profmontaz.cz\/velkoobchod\/wp-json\/wp\/v2\/product"}],"about":[{"href":"https:\/\/profmontaz.cz\/velkoobchod\/wp-json\/wp\/v2\/types\/product"}],"wp:featuredmedia":[{"embeddable":true,"href":"https:\/\/profmontaz.cz\/velkoobchod\/wp-json\/wp\/v2\/media\/2960"}],"wp:attachment":[{"href":"https:\/\/profmontaz.cz\/velkoobchod\/wp-json\/wp\/v2\/media?parent=2950"}],"wp:term":[{"taxonomy":"product_brand","embeddable":true,"href":"https:\/\/profmontaz.cz\/velkoobchod\/wp-json\/wp\/v2\/product_brand?post=2950"},{"taxonomy":"product_cat","embeddable":true,"href":"https:\/\/profmontaz.cz\/velkoobchod\/wp-json\/wp\/v2\/product_cat?post=2950"},{"taxonomy":"product_tag","embeddable":true,"href":"https:\/\/profmontaz.cz\/velkoobchod\/wp-json\/wp\/v2\/product_tag?post=2950"}],"curies":[{"name":"wp","href":"https:\/\/api.w.org\/{rel}","templated":true}]}}