{"id":2980,"date":"2025-06-07T18:41:01","date_gmt":"2025-06-07T16:41:01","guid":{"rendered":"https:\/\/profmontaz.cz\/velkoobchod\/?post_type=product&#038;p=2980"},"modified":"2025-11-17T11:14:05","modified_gmt":"2025-11-17T10:14:05","slug":"formicka-s-tlacitkem-xxl-flat-big-seda","status":"publish","type":"product","link":"https:\/\/profmontaz.cz\/velkoobchod\/produkt\/formicka-s-tlacitkem-xxl-flat-big-seda\/","title":{"rendered":"Formi\u010dka s tla\u010d\u00edtkem XXL Flat Big (\u0160ed\u00e1)"},"content":{"rendered":"<div class=\"wpb-content-wrapper\"><p>[vc_row][vc_column]\t\t<div id=\"wd-68f11edab4618\" class=\"wd-text-block wd-wpb reset-last-child wd-rs-68f11edab4618 text-center vc_custom_1760632562763\">\n\t\t\t<p style=\"text-align: left;\">Lisovac\u00ed forma XXL pro krm\u00edtko Flat-Method BIG (GREY) \u2013 ur\u010dena pro pln\u011bn\u00ed a stla\u010dov\u00e1n\u00ed n\u00e1vnady do velk\u00fdch krm\u00edtek typu Flat-BIG. Pro spr\u00e1vn\u00e9 um\u00edst\u011bn\u00ed n\u00e1strahy se ve st\u0159edu formy nach\u00e1z\u00ed speci\u00e1ln\u00ed prohlube\u0148, kter\u00e1 zabra\u0148uje jej\u00edmu posunu a zaji\u0161\u0165uje p\u0159esn\u00e9 usazen\u00ed n\u00e1strahy do st\u0159edu flat krm\u00edtka.<\/p>\n<p style=\"text-align: left;\">Forma je vyrobena z kvalitn\u00edho prvotn\u00edho plastu a m\u00e1 modernizovan\u00fd mechanismus pro snadn\u00e9 a spolehliv\u00e9 vytla\u010den\u00ed napln\u011bn\u00e9ho krm\u00edtka. Umo\u017e\u0148uje rovnom\u011brn\u00e9 pln\u011bn\u00ed krm\u00edtka stejn\u00fdm mno\u017estv\u00edm krmiva \u2013 vytv\u00e1\u0159\u00ed hladk\u00e9, kompaktn\u00ed a pevn\u00e9 koule, kter\u00e9 dob\u0159e dr\u017e\u00ed tvar a nevypad\u00e1vaj\u00ed ani p\u0159i silov\u00fdch, dalek\u00fdch hodech.<\/p>\n<p style=\"text-align: left;\">Lisovac\u00ed forma je kompatibiln\u00ed se v\u0161emi velk\u00fdmi flat krm\u00edtky BIG od zna\u010dky ProfMontazh i s dal\u0161\u00edmi krm\u00edtky o rozm\u011bru 58\u00d736 mm.<\/p>\n\t\t<\/div>\n\t\t[\/vc_column][\/vc_row][vc_row][vc_column][vc_column_text css=&#8220;&#8220; woodmart_inline=&#8220;no&#8220; text_larger=&#8220;no&#8220;]<\/p>\n<p>[\/vc_column_text][\/vc_column][\/vc_row]<\/p>\n<\/div>","protected":false},"excerpt":{"rendered":"<p>[vc_row][vc_column][\/vc_column][\/vc_row][vc_row][vc_column][vc_column_text css=&#8220;&#8220; woodmart_inline=&#8220;no&#8220; text_larger=&#8220;no&#8220;] [\/vc_column_text][\/vc_column][\/vc_row]<\/p>\n","protected":false},"featured_media":3651,"template":"","meta":[],"product_brand":[64],"product_cat":[15,102],"product_tag":[231],"class_list":{"0":"post-2980","1":"product","2":"type-product","3":"status-publish","4":"has-post-thumbnail","6":"product_brand-profmontaz","7":"product_cat-rybarska-krmitka","8":"product_cat-method-feederove-sety-formicky","9":"product_tag-formicka-s-tlacitkem","11":"first","12":"instock","13":"taxable","14":"shipping-taxable","15":"purchasable","16":"product-type-simple"},"_links":{"self":[{"href":"https:\/\/profmontaz.cz\/velkoobchod\/wp-json\/wp\/v2\/product\/2980","targetHints":{"allow":["GET"]}}],"collection":[{"href":"https:\/\/profmontaz.cz\/velkoobchod\/wp-json\/wp\/v2\/product"}],"about":[{"href":"https:\/\/profmontaz.cz\/velkoobchod\/wp-json\/wp\/v2\/types\/product"}],"wp:featuredmedia":[{"embeddable":true,"href":"https:\/\/profmontaz.cz\/velkoobchod\/wp-json\/wp\/v2\/media\/3651"}],"wp:attachment":[{"href":"https:\/\/profmontaz.cz\/velkoobchod\/wp-json\/wp\/v2\/media?parent=2980"}],"wp:term":[{"taxonomy":"product_brand","embeddable":true,"href":"https:\/\/profmontaz.cz\/velkoobchod\/wp-json\/wp\/v2\/product_brand?post=2980"},{"taxonomy":"product_cat","embeddable":true,"href":"https:\/\/profmontaz.cz\/velkoobchod\/wp-json\/wp\/v2\/product_cat?post=2980"},{"taxonomy":"product_tag","embeddable":true,"href":"https:\/\/profmontaz.cz\/velkoobchod\/wp-json\/wp\/v2\/product_tag?post=2980"}],"curies":[{"name":"wp","href":"https:\/\/api.w.org\/{rel}","templated":true}]}}