{"id":2982,"date":"2025-06-07T18:42:33","date_gmt":"2025-06-07T16:42:33","guid":{"rendered":"https:\/\/profmontaz.cz\/velkoobchod\/?post_type=product&#038;p=2982"},"modified":"2025-11-17T11:13:38","modified_gmt":"2025-11-17T10:13:38","slug":"formicka-s-tlacitkem-xxl-flat-big-cerna","status":"publish","type":"product","link":"https:\/\/profmontaz.cz\/velkoobchod\/produkt\/formicka-s-tlacitkem-xxl-flat-big-cerna\/","title":{"rendered":"Formi\u010dka s tla\u010d\u00edtkem XXL  Flat Big (\u010cern\u00e1)"},"content":{"rendered":"<div class=\"wpb-content-wrapper\"><p>[vc_row][vc_column]\t\t<div id=\"wd-68f11e8acf158\" class=\"wd-text-block wd-wpb reset-last-child wd-rs-68f11e8acf158 text-center vc_custom_1760632479181\">\n\t\t\t<p>Lisovac\u00ed forma XXL pro krm\u00edtko Flat-Method BIG (BLACK) \u2013 ur\u010dena pro napln\u011bn\u00ed a stla\u010den\u00ed n\u00e1vnady do velk\u00fdch krm\u00edtek typu Flat-BIG.<\/p>\n<p>Pro spr\u00e1vnou orientaci n\u00e1strahy je uprost\u0159ed lisovac\u00ed formy speci\u00e1ln\u00ed prohlube\u0148 \u2013 d\u00edky n\u00ed n\u00e1straha neklou\u017ee a v\u017edy je p\u0159esn\u011b stla\u010dena do st\u0159edu flat krm\u00edtka. Forma je vyrobena z kvalitn\u00edho prvotn\u00edho plastu a modernizovan\u00fd mechanismus pro vytla\u010den\u00ed napln\u011bn\u00e9ho krm\u00edtka je spolehliv\u00fd a pohodln\u00fd.<\/p>\n<p>Forma umo\u017e\u0148uje rovnom\u011brn\u00e9 pln\u011bn\u00ed krm\u00edtka stejn\u00fdm mno\u017estv\u00edm krmiva. Vytvarovan\u00e9 hladk\u00e9 a pevn\u00e9 koule n\u00e1vnady pevn\u011b dr\u017e\u00ed v krm\u00edtku a nerozpadaj\u00ed se ani p\u0159i silov\u00fdch, dalek\u00fdch n\u00e1hozech.<\/p>\n<p>Lisovac\u00ed forma je vhodn\u00e1 pro v\u0161echna velk\u00e1 flat krm\u00edtka BIG od zna\u010dky ProfMontazh i pro jak\u00e1koli krm\u00edtka o rozm\u011brech 58\u00d736 mm.<\/p>\n\t\t<\/div>\n\t\t[\/vc_column][\/vc_row][vc_row][vc_column][vc_column_text css=&#8220;&#8220; woodmart_inline=&#8220;no&#8220; text_larger=&#8220;no&#8220;]<\/p>\n<p>[\/vc_column_text][\/vc_column][\/vc_row]<\/p>\n<\/div>","protected":false},"excerpt":{"rendered":"<p>[vc_row][vc_column][\/vc_column][\/vc_row][vc_row][vc_column][vc_column_text css=&#8220;&#8220; woodmart_inline=&#8220;no&#8220; text_larger=&#8220;no&#8220;] [\/vc_column_text][\/vc_column][\/vc_row]<\/p>\n","protected":false},"featured_media":3650,"template":"","meta":[],"product_brand":[64],"product_cat":[15,102],"product_tag":[231],"class_list":{"0":"post-2982","1":"product","2":"type-product","3":"status-publish","4":"has-post-thumbnail","6":"product_brand-profmontaz","7":"product_cat-rybarska-krmitka","8":"product_cat-method-feederove-sety-formicky","9":"product_tag-formicka-s-tlacitkem","11":"first","12":"instock","13":"taxable","14":"shipping-taxable","15":"purchasable","16":"product-type-simple"},"_links":{"self":[{"href":"https:\/\/profmontaz.cz\/velkoobchod\/wp-json\/wp\/v2\/product\/2982","targetHints":{"allow":["GET"]}}],"collection":[{"href":"https:\/\/profmontaz.cz\/velkoobchod\/wp-json\/wp\/v2\/product"}],"about":[{"href":"https:\/\/profmontaz.cz\/velkoobchod\/wp-json\/wp\/v2\/types\/product"}],"wp:featuredmedia":[{"embeddable":true,"href":"https:\/\/profmontaz.cz\/velkoobchod\/wp-json\/wp\/v2\/media\/3650"}],"wp:attachment":[{"href":"https:\/\/profmontaz.cz\/velkoobchod\/wp-json\/wp\/v2\/media?parent=2982"}],"wp:term":[{"taxonomy":"product_brand","embeddable":true,"href":"https:\/\/profmontaz.cz\/velkoobchod\/wp-json\/wp\/v2\/product_brand?post=2982"},{"taxonomy":"product_cat","embeddable":true,"href":"https:\/\/profmontaz.cz\/velkoobchod\/wp-json\/wp\/v2\/product_cat?post=2982"},{"taxonomy":"product_tag","embeddable":true,"href":"https:\/\/profmontaz.cz\/velkoobchod\/wp-json\/wp\/v2\/product_tag?post=2982"}],"curies":[{"name":"wp","href":"https:\/\/api.w.org\/{rel}","templated":true}]}}